{"id":25666,"date":"2025-04-07T06:21:19","date_gmt":"2025-04-07T04:21:19","guid":{"rendered":"https:\/\/www.ldnspa.re\/?page_id=25666"},"modified":"2025-10-15T10:55:39","modified_gmt":"2025-10-15T08:55:39","slug":"elementor-25666","status":"publish","type":"page","link":"https:\/\/www.ldnspa.re\/?page_id=25666","title":{"rendered":"Voile d&#8217;ombrage"},"content":{"rendered":"\t\t<div data-elementor-type=\"wp-page\" data-elementor-id=\"25666\" class=\"elementor elementor-25666\" data-elementor-post-type=\"page\">\n\t\t\t\t<div class=\"elementor-element elementor-element-9eab348 e-con-full e-flex e-con e-parent\" data-id=\"9eab348\" data-element_type=\"container\">\n\t\t\t\t<div class=\"elementor-element elementor-element-f63b77d elementor-widget elementor-widget-heading\" data-id=\"f63b77d\" data-element_type=\"widget\" data-widget_type=\"heading.default\">\n\t\t\t\t<div class=\"elementor-widget-container\">\n\t\t\t\t\t<h1 class=\"elementor-heading-title elementor-size-default\">VOILE D'OMBRAGE<\/h1>\t\t\t\t<\/div>\n\t\t\t\t<\/div>\n\t\t\t\t<\/div>\n\t\t<div class=\"elementor-element elementor-element-aa6135c e-con-full e-flex e-con e-parent\" data-id=\"aa6135c\" data-element_type=\"container\" data-settings=\"{&quot;background_background&quot;:&quot;classic&quot;}\">\n\t\t<div class=\"elementor-element elementor-element-7024623 e-con-full e-flex e-con e-child\" data-id=\"7024623\" data-element_type=\"container\">\n\t\t\t\t<div class=\"elementor-element elementor-element-a7bee43 elementor-widget elementor-widget-image\" data-id=\"a7bee43\" data-element_type=\"widget\" data-widget_type=\"image.default\">\n\t\t\t\t<div class=\"elementor-widget-container\">\n\t\t\t\t\t\t\t\t\t\t\t\t\t\t\t<img fetchpriority=\"high\" decoding=\"async\" width=\"1024\" height=\"1024\" src=\"https:\/\/www.ldnspa.re\/wp-content\/uploads\/2025\/04\/24B2D5FE-F9FC-4583-85BC-E15548F8A23A.png\" class=\"attachment-large size-large wp-image-25710\" alt=\"\" \/>\t\t\t\t\t\t\t\t\t\t\t\t\t\t\t<\/div>\n\t\t\t\t<\/div>\n\t\t\t\t<\/div>\n\t\t\t\t<div class=\"elementor-element elementor-element-ab7e951 elementor-widget elementor-widget-image\" data-id=\"ab7e951\" data-element_type=\"widget\" data-widget_type=\"image.default\">\n\t\t\t\t<div class=\"elementor-widget-container\">\n\t\t\t\t\t\t\t\t\t\t\t\t\t\t\t<img decoding=\"async\" width=\"1024\" height=\"1024\" src=\"https:\/\/www.ldnspa.re\/wp-content\/uploads\/2025\/04\/1512A42C-412E-4A75-9B2B-73C7301CF172.png\" class=\"attachment-large size-large wp-image-25676\" alt=\"\" \/>\t\t\t\t\t\t\t\t\t\t\t\t\t\t\t<\/div>\n\t\t\t\t<\/div>\n\t\t\t\t<\/div>\n\t\t<div class=\"elementor-element elementor-element-36464b8 e-con-full e-flex e-con e-parent\" data-id=\"36464b8\" data-element_type=\"container\">\n\t\t\t\t<div class=\"elementor-element elementor-element-532718e elementor-widget elementor-widget-heading\" data-id=\"532718e\" data-element_type=\"widget\" data-widget_type=\"heading.default\">\n\t\t\t\t<div class=\"elementor-widget-container\">\n\t\t\t\t\t<h2 class=\"elementor-heading-title elementor-size-default\"><a href=\"https:\/\/www.ldnspa.re\/index.php\/contact-2\/\">les points positif<\/a><\/h2>\t\t\t\t<\/div>\n\t\t\t\t<\/div>\n\t\t\t\t<\/div>\n\t\t\t\t<section class=\"elementor-section elementor-top-section elementor-element elementor-element-eccf693 elementor-section-content-middle elementor-section-full_width elementor-section-height-default elementor-section-height-default\" data-id=\"eccf693\" data-element_type=\"section\" data-settings=\"{&quot;background_background&quot;:&quot;classic&quot;}\">\n\t\t\t\t\t\t<div class=\"elementor-container elementor-column-gap-default\">\n\t\t\t\t\t<div class=\"elementor-column elementor-col-100 elementor-top-column elementor-element elementor-element-965ff15\" data-id=\"965ff15\" data-element_type=\"column\">\n\t\t\t<div class=\"elementor-widget-wrap elementor-element-populated\">\n\t\t\t\t\t\t<section class=\"elementor-section elementor-inner-section elementor-element elementor-element-07bf78d elementor-section-boxed elementor-section-height-default elementor-section-height-default\" data-id=\"07bf78d\" data-element_type=\"section\" data-settings=\"{&quot;background_background&quot;:&quot;classic&quot;}\">\n\t\t\t\t\t\t<div class=\"elementor-container elementor-column-gap-default\">\n\t\t\t\t\t<div class=\"elementor-column elementor-col-25 elementor-inner-column elementor-element elementor-element-c140683 box-icon wpb-col-sm-50\" data-id=\"c140683\" data-element_type=\"column\">\n\t\t\t<div class=\"elementor-widget-wrap elementor-element-populated\">\n\t\t\t\t\t\t<div class=\"elementor-element elementor-element-53a832e elementor-view-stacked elementor-shape-circle elementor-position-top elementor-mobile-position-top elementor-widget elementor-widget-icon-box\" data-id=\"53a832e\" data-element_type=\"widget\" data-widget_type=\"icon-box.default\">\n\t\t\t\t<div class=\"elementor-widget-container\">\n\t\t\t\t\t\t\t<div class=\"elementor-icon-box-wrapper\">\n\n\t\t\t\t\t\t<div class=\"elementor-icon-box-icon\">\n\t\t\t\t<span  class=\"elementor-icon elementor-animation-grow\">\n\t\t\t\t<i aria-hidden=\"true\" class=\"fas fa-palette\"><\/i>\t\t\t\t<\/span>\n\t\t\t<\/div>\n\t\t\t\n\t\t\t\t\t\t<div class=\"elementor-icon-box-content\">\n\n\t\t\t\t\t\t\t\t\t<h3 class=\"elementor-icon-box-title\">\n\t\t\t\t\t\t<span  >\n\t\t\t\t\t\t\t2 Couleurs\t\t\t\t\t\t<\/span>\n\t\t\t\t\t<\/h3>\n\t\t\t\t\n\t\t\t\t\t\t\t\t\t<p class=\"elementor-icon-box-description\">\n\t\t\t\t\t\tNos voiles d'ombrage sont disponibles en deux couleurs, Gris ou jaune, pour s'harmoniser parfaitement avec votre d\u00e9cor tout en offrant une protection \u00e9l\u00e9gante et fonctionnelle. \t\t\t\t\t<\/p>\n\t\t\t\t\n\t\t\t<\/div>\n\t\t\t\n\t\t<\/div>\n\t\t\t\t\t\t<\/div>\n\t\t\t\t<\/div>\n\t\t\t\t\t<\/div>\n\t\t<\/div>\n\t\t\t\t<div class=\"elementor-column elementor-col-25 elementor-inner-column elementor-element elementor-element-719fccb box-icon wpb-col-sm-50\" data-id=\"719fccb\" data-element_type=\"column\">\n\t\t\t<div class=\"elementor-widget-wrap elementor-element-populated\">\n\t\t\t\t\t\t<div class=\"elementor-element elementor-element-0b052f2 elementor-view-stacked elementor-shape-circle elementor-position-top elementor-mobile-position-top elementor-widget elementor-widget-icon-box\" data-id=\"0b052f2\" data-element_type=\"widget\" data-widget_type=\"icon-box.default\">\n\t\t\t\t<div class=\"elementor-widget-container\">\n\t\t\t\t\t\t\t<div class=\"elementor-icon-box-wrapper\">\n\n\t\t\t\t\t\t<div class=\"elementor-icon-box-icon\">\n\t\t\t\t<span  class=\"elementor-icon elementor-animation-grow\">\n\t\t\t\t<i aria-hidden=\"true\" class=\"far fa-circle\"><\/i>\t\t\t\t<\/span>\n\t\t\t<\/div>\n\t\t\t\n\t\t\t\t\t\t<div class=\"elementor-icon-box-content\">\n\n\t\t\t\t\t\t\t\t\t<h3 class=\"elementor-icon-box-title\">\n\t\t\t\t\t\t<span  >\n\t\t\t\t\t\t\tAnneaux en D \t\t\t\t\t\t<\/span>\n\t\t\t\t\t<\/h3>\n\t\t\t\t\n\t\t\t\t\t\t\t\t\t<p class=\"elementor-icon-box-description\">\n\t\t\t\t\t\tElles sont \u00e9quip\u00e9es d'anneaux en inox en forme de D, assurant une fixation solide et durable tout en alliant esth\u00e9tique et r\u00e9sistance pour votre ext\u00e9rieur.\t\t\t\t\t<\/p>\n\t\t\t\t\n\t\t\t<\/div>\n\t\t\t\n\t\t<\/div>\n\t\t\t\t\t\t<\/div>\n\t\t\t\t<\/div>\n\t\t\t\t\t<\/div>\n\t\t<\/div>\n\t\t\t\t<div class=\"elementor-column elementor-col-25 elementor-inner-column elementor-element elementor-element-3d3bdaf box-icon wpb-col-sm-50\" data-id=\"3d3bdaf\" data-element_type=\"column\">\n\t\t\t<div class=\"elementor-widget-wrap elementor-element-populated\">\n\t\t\t\t\t\t<div class=\"elementor-element elementor-element-a38bba6 elementor-view-stacked elementor-shape-circle elementor-position-top elementor-mobile-position-top elementor-widget elementor-widget-icon-box\" data-id=\"a38bba6\" data-element_type=\"widget\" data-widget_type=\"icon-box.default\">\n\t\t\t\t<div class=\"elementor-widget-container\">\n\t\t\t\t\t\t\t<div class=\"elementor-icon-box-wrapper\">\n\n\t\t\t\t\t\t<div class=\"elementor-icon-box-icon\">\n\t\t\t\t<span  class=\"elementor-icon elementor-animation-grow\">\n\t\t\t\t<i aria-hidden=\"true\" class=\"fas fa-cloud-meatball\"><\/i>\t\t\t\t<\/span>\n\t\t\t<\/div>\n\t\t\t\n\t\t\t\t\t\t<div class=\"elementor-icon-box-content\">\n\n\t\t\t\t\t\t\t\t\t<h3 class=\"elementor-icon-box-title\">\n\t\t\t\t\t\t<span  >\n\t\t\t\t\t\t\t320 grammes\t\t\t\t\t\t<\/span>\n\t\t\t\t\t<\/h3>\n\t\t\t\t\n\t\t\t\t\t\t\t\t\t<p class=\"elementor-icon-box-description\">\n\t\t\t\t\t\tNos voiles d'ombrage sont con\u00e7ues avec un  tissu de 320g\/m2, assurant une grande robustesse et une protection efficace contre le soleil.\t\t\t\t\t<\/p>\n\t\t\t\t\n\t\t\t<\/div>\n\t\t\t\n\t\t<\/div>\n\t\t\t\t\t\t<\/div>\n\t\t\t\t<\/div>\n\t\t\t\t\t<\/div>\n\t\t<\/div>\n\t\t\t\t<div class=\"elementor-column elementor-col-25 elementor-inner-column elementor-element elementor-element-ee7339a box-icon wpb-col-sm-50\" data-id=\"ee7339a\" data-element_type=\"column\">\n\t\t\t<div class=\"elementor-widget-wrap elementor-element-populated\">\n\t\t\t\t\t\t<div class=\"elementor-element elementor-element-fb9ade1 elementor-view-stacked elementor-widget__width-initial elementor-shape-circle elementor-position-top elementor-mobile-position-top elementor-widget elementor-widget-icon-box\" data-id=\"fb9ade1\" data-element_type=\"widget\" data-widget_type=\"icon-box.default\">\n\t\t\t\t<div class=\"elementor-widget-container\">\n\t\t\t\t\t\t\t<div class=\"elementor-icon-box-wrapper\">\n\n\t\t\t\t\t\t<div class=\"elementor-icon-box-icon\">\n\t\t\t\t<span  class=\"elementor-icon elementor-animation-grow\">\n\t\t\t\t<i aria-hidden=\"true\" class=\"fas fa-border-style\"><\/i>\t\t\t\t<\/span>\n\t\t\t<\/div>\n\t\t\t\n\t\t\t\t\t\t<div class=\"elementor-icon-box-content\">\n\n\t\t\t\t\t\t\t\t\t<h3 class=\"elementor-icon-box-title\">\n\t\t\t\t\t\t<span  >\n\t\t\t\t\t\t\tBordure doubl\u00e9e\t\t\t\t\t\t<\/span>\n\t\t\t\t\t<\/h3>\n\t\t\t\t\n\t\t\t\t\t\t\t\t\t<p class=\"elementor-icon-box-description\">\n\t\t\t\t\t\tElles sont con\u00e7ues avec des bordures doubl\u00e9es pour une r\u00e9sistance accrue et une meilleure tenue dans le temps, elle garantissent une installation durable et s\u00e9curis\u00e9e pour votre espace ext\u00e9rieur.\t\t\t\t\t<\/p>\n\t\t\t\t\n\t\t\t<\/div>\n\t\t\t\n\t\t<\/div>\n\t\t\t\t\t\t<\/div>\n\t\t\t\t<\/div>\n\t\t\t\t\t<\/div>\n\t\t<\/div>\n\t\t\t\t\t<\/div>\n\t\t<\/section>\n\t\t\t\t\t<\/div>\n\t\t<\/div>\n\t\t\t\t\t<\/div>\n\t\t<\/section>\n\t\t<div class=\"elementor-element elementor-element-ed15603 e-flex e-con-boxed e-con e-parent\" data-id=\"ed15603\" data-element_type=\"container\">\n\t\t\t\t\t<div class=\"e-con-inner\">\n\t\t\t\t<div class=\"elementor-element elementor-element-f6737b5 elementor-align-center elementor-widget elementor-widget-button\" data-id=\"f6737b5\" data-element_type=\"widget\" data-widget_type=\"button.default\">\n\t\t\t\t<div class=\"elementor-widget-container\">\n\t\t\t\t\t\t\t\t\t<div class=\"elementor-button-wrapper\">\n\t\t\t\t\t<a class=\"elementor-button elementor-button-link elementor-size-sm\" href=\"https:\/\/www.ldnspa.re\/index.php\/demandededevis\/\">\n\t\t\t\t\t\t<span class=\"elementor-button-content-wrapper\">\n\t\t\t\t\t\t\t\t\t<span class=\"elementor-button-text\">Contactez-nous<\/span>\n\t\t\t\t\t<\/span>\n\t\t\t\t\t<\/a>\n\t\t\t\t<\/div>\n\t\t\t\t\t\t\t\t<\/div>\n\t\t\t\t<\/div>\n\t\t\t\t\t<\/div>\n\t\t\t\t<\/div>\n\t\t<div class=\"elementor-element elementor-element-0233330 e-flex e-con-boxed e-con e-parent\" data-id=\"0233330\" data-element_type=\"container\">\n\t\t\t\t\t<div class=\"e-con-inner\">\n\t\t\t\t<div class=\"elementor-element elementor-element-785d0b9 elementor-widget elementor-widget-heading\" data-id=\"785d0b9\" data-element_type=\"widget\" data-widget_type=\"heading.default\">\n\t\t\t\t<div class=\"elementor-widget-container\">\n\t\t\t\t\t<h1 class=\"elementor-heading-title elementor-size-default\">Voile d'ombrage LDN SPA  \n\ngoogle-site-verification=l3u44yS7UuzbfjAxaNH5dRNBYfrmbDYi06TLBmQioDY<\/h1>\t\t\t\t<\/div>\n\t\t\t\t<\/div>\n\t\t\t\t\t<\/div>\n\t\t\t\t<\/div>\n\t\t\t\t<\/div>\n\t\t","protected":false},"excerpt":{"rendered":"<p>VOILE D&#8217;OMBRAGE les points positif 2 Couleurs Nos voiles d&#8217;ombrage sont disponibles en deux couleurs, Gris ou jaune, pour s&#8217;harmoniser parfaitement avec votre d\u00e9cor tout en offrant une protection \u00e9l\u00e9gante et fonctionnelle. Anneaux en D Elles sont \u00e9quip\u00e9es d&#8217;anneaux en inox en forme de D, assurant une fixation solide et durable tout en alliant esth\u00e9tique [&hellip;]<\/p>\n","protected":false},"author":5,"featured_media":0,"parent":0,"menu_order":0,"comment_status":"closed","ping_status":"closed","template":"page-templates\/homepage.php","meta":{"footnotes":""},"class_list":["post-25666","page","type-page","status-publish","hentry"],"yoast_head":"<!-- This site is optimized with the Yoast SEO plugin v26.0 - https:\/\/yoast.com\/wordpress\/plugins\/seo\/ -->\n<title>Voile d&#039;ombrage - LDN<\/title>\n<meta name=\"robots\" content=\"index, follow, max-snippet:-1, max-image-preview:large, max-video-preview:-1\" \/>\n<link rel=\"canonical\" href=\"https:\/\/www.ldnspa.re\/?page_id=25666\" \/>\n<meta property=\"og:locale\" content=\"fr_FR\" \/>\n<meta property=\"og:type\" content=\"article\" \/>\n<meta property=\"og:title\" content=\"Voile d&#039;ombrage - LDN\" \/>\n<meta property=\"og:description\" content=\"VOILE D&#8217;OMBRAGE les points positif 2 Couleurs Nos voiles d&#8217;ombrage sont disponibles en deux couleurs, Gris ou jaune, pour s&#8217;harmoniser parfaitement avec votre d\u00e9cor tout en offrant une protection \u00e9l\u00e9gante et fonctionnelle. Anneaux en D Elles sont \u00e9quip\u00e9es d&#8217;anneaux en inox en forme de D, assurant une fixation solide et durable tout en alliant esth\u00e9tique [&hellip;]\" \/>\n<meta property=\"og:url\" content=\"https:\/\/www.ldnspa.re\/?page_id=25666\" \/>\n<meta property=\"og:site_name\" content=\"LDN\" \/>\n<meta property=\"article:modified_time\" content=\"2025-10-15T08:55:39+00:00\" \/>\n<meta property=\"og:image\" content=\"https:\/\/www.ldnspa.re\/wp-content\/uploads\/2025\/04\/24B2D5FE-F9FC-4583-85BC-E15548F8A23A.png\" \/>\n\t<meta property=\"og:image:width\" content=\"1024\" \/>\n\t<meta property=\"og:image:height\" content=\"1024\" \/>\n\t<meta property=\"og:image:type\" content=\"image\/png\" \/>\n<meta name=\"twitter:card\" content=\"summary_large_image\" \/>\n<meta name=\"twitter:label1\" content=\"Dur\u00e9e de lecture estim\u00e9e\" \/>\n\t<meta name=\"twitter:data1\" content=\"1 minute\" \/>\n<script type=\"application\/ld+json\" class=\"yoast-schema-graph\">{\"@context\":\"https:\/\/schema.org\",\"@graph\":[{\"@type\":\"WebPage\",\"@id\":\"https:\/\/www.ldnspa.re\/?page_id=25666\",\"url\":\"https:\/\/www.ldnspa.re\/?page_id=25666\",\"name\":\"Voile d'ombrage - LDN\",\"isPartOf\":{\"@id\":\"https:\/\/www.ldnspa.re\/#website\"},\"primaryImageOfPage\":{\"@id\":\"https:\/\/www.ldnspa.re\/?page_id=25666#primaryimage\"},\"image\":{\"@id\":\"https:\/\/www.ldnspa.re\/?page_id=25666#primaryimage\"},\"thumbnailUrl\":\"https:\/\/www.ldnspa.re\/wp-content\/uploads\/2025\/04\/24B2D5FE-F9FC-4583-85BC-E15548F8A23A.png\",\"datePublished\":\"2025-04-07T04:21:19+00:00\",\"dateModified\":\"2025-10-15T08:55:39+00:00\",\"breadcrumb\":{\"@id\":\"https:\/\/www.ldnspa.re\/?page_id=25666#breadcrumb\"},\"inLanguage\":\"fr-FR\",\"potentialAction\":[{\"@type\":\"ReadAction\",\"target\":[\"https:\/\/www.ldnspa.re\/?page_id=25666\"]}]},{\"@type\":\"ImageObject\",\"inLanguage\":\"fr-FR\",\"@id\":\"https:\/\/www.ldnspa.re\/?page_id=25666#primaryimage\",\"url\":\"https:\/\/www.ldnspa.re\/wp-content\/uploads\/2025\/04\/24B2D5FE-F9FC-4583-85BC-E15548F8A23A.png\",\"contentUrl\":\"https:\/\/www.ldnspa.re\/wp-content\/uploads\/2025\/04\/24B2D5FE-F9FC-4583-85BC-E15548F8A23A.png\",\"width\":1024,\"height\":1024},{\"@type\":\"BreadcrumbList\",\"@id\":\"https:\/\/www.ldnspa.re\/?page_id=25666#breadcrumb\",\"itemListElement\":[{\"@type\":\"ListItem\",\"position\":1,\"name\":\"Accueil\",\"item\":\"https:\/\/www.ldnspa.re\/\"},{\"@type\":\"ListItem\",\"position\":2,\"name\":\"Voile d&#8217;ombrage\"}]},{\"@type\":\"WebSite\",\"@id\":\"https:\/\/www.ldnspa.re\/#website\",\"url\":\"https:\/\/www.ldnspa.re\/\",\"name\":\"LDN\",\"description\":\"Le bien-\u00eatre chez soi\",\"publisher\":{\"@id\":\"https:\/\/www.ldnspa.re\/#organization\"},\"potentialAction\":[{\"@type\":\"SearchAction\",\"target\":{\"@type\":\"EntryPoint\",\"urlTemplate\":\"https:\/\/www.ldnspa.re\/?s={search_term_string}\"},\"query-input\":{\"@type\":\"PropertyValueSpecification\",\"valueRequired\":true,\"valueName\":\"search_term_string\"}}],\"inLanguage\":\"fr-FR\"},{\"@type\":\"Organization\",\"@id\":\"https:\/\/www.ldnspa.re\/#organization\",\"name\":\"LDN\",\"url\":\"https:\/\/www.ldnspa.re\/\",\"logo\":{\"@type\":\"ImageObject\",\"inLanguage\":\"fr-FR\",\"@id\":\"https:\/\/www.ldnspa.re\/#\/schema\/logo\/image\/\",\"url\":\"https:\/\/i0.wp.com\/www.ldnspa.re\/wp-content\/uploads\/2023\/01\/logo_ldn_2.png?fit=551%2C170&ssl=1\",\"contentUrl\":\"https:\/\/i0.wp.com\/www.ldnspa.re\/wp-content\/uploads\/2023\/01\/logo_ldn_2.png?fit=551%2C170&ssl=1\",\"width\":551,\"height\":170,\"caption\":\"LDN\"},\"image\":{\"@id\":\"https:\/\/www.ldnspa.re\/#\/schema\/logo\/image\/\"}}]}<\/script>\n<!-- \/ Yoast SEO plugin. -->","yoast_head_json":{"title":"Voile d'ombrage - LDN","robots":{"index":"index","follow":"follow","max-snippet":"max-snippet:-1","max-image-preview":"max-image-preview:large","max-video-preview":"max-video-preview:-1"},"canonical":"https:\/\/www.ldnspa.re\/?page_id=25666","og_locale":"fr_FR","og_type":"article","og_title":"Voile d'ombrage - LDN","og_description":"VOILE D&#8217;OMBRAGE les points positif 2 Couleurs Nos voiles d&#8217;ombrage sont disponibles en deux couleurs, Gris ou jaune, pour s&#8217;harmoniser parfaitement avec votre d\u00e9cor tout en offrant une protection \u00e9l\u00e9gante et fonctionnelle. Anneaux en D Elles sont \u00e9quip\u00e9es d&#8217;anneaux en inox en forme de D, assurant une fixation solide et durable tout en alliant esth\u00e9tique [&hellip;]","og_url":"https:\/\/www.ldnspa.re\/?page_id=25666","og_site_name":"LDN","article_modified_time":"2025-10-15T08:55:39+00:00","og_image":[{"url":"https:\/\/www.ldnspa.re\/wp-content\/uploads\/2025\/04\/24B2D5FE-F9FC-4583-85BC-E15548F8A23A.png","width":1024,"height":1024,"type":"image\/png"}],"twitter_card":"summary_large_image","twitter_misc":{"Dur\u00e9e de lecture estim\u00e9e":"1 minute"},"schema":{"@context":"https:\/\/schema.org","@graph":[{"@type":"WebPage","@id":"https:\/\/www.ldnspa.re\/?page_id=25666","url":"https:\/\/www.ldnspa.re\/?page_id=25666","name":"Voile d'ombrage - LDN","isPartOf":{"@id":"https:\/\/www.ldnspa.re\/#website"},"primaryImageOfPage":{"@id":"https:\/\/www.ldnspa.re\/?page_id=25666#primaryimage"},"image":{"@id":"https:\/\/www.ldnspa.re\/?page_id=25666#primaryimage"},"thumbnailUrl":"https:\/\/www.ldnspa.re\/wp-content\/uploads\/2025\/04\/24B2D5FE-F9FC-4583-85BC-E15548F8A23A.png","datePublished":"2025-04-07T04:21:19+00:00","dateModified":"2025-10-15T08:55:39+00:00","breadcrumb":{"@id":"https:\/\/www.ldnspa.re\/?page_id=25666#breadcrumb"},"inLanguage":"fr-FR","potentialAction":[{"@type":"ReadAction","target":["https:\/\/www.ldnspa.re\/?page_id=25666"]}]},{"@type":"ImageObject","inLanguage":"fr-FR","@id":"https:\/\/www.ldnspa.re\/?page_id=25666#primaryimage","url":"https:\/\/www.ldnspa.re\/wp-content\/uploads\/2025\/04\/24B2D5FE-F9FC-4583-85BC-E15548F8A23A.png","contentUrl":"https:\/\/www.ldnspa.re\/wp-content\/uploads\/2025\/04\/24B2D5FE-F9FC-4583-85BC-E15548F8A23A.png","width":1024,"height":1024},{"@type":"BreadcrumbList","@id":"https:\/\/www.ldnspa.re\/?page_id=25666#breadcrumb","itemListElement":[{"@type":"ListItem","position":1,"name":"Accueil","item":"https:\/\/www.ldnspa.re\/"},{"@type":"ListItem","position":2,"name":"Voile d&#8217;ombrage"}]},{"@type":"WebSite","@id":"https:\/\/www.ldnspa.re\/#website","url":"https:\/\/www.ldnspa.re\/","name":"LDN","description":"Le bien-\u00eatre chez soi","publisher":{"@id":"https:\/\/www.ldnspa.re\/#organization"},"potentialAction":[{"@type":"SearchAction","target":{"@type":"EntryPoint","urlTemplate":"https:\/\/www.ldnspa.re\/?s={search_term_string}"},"query-input":{"@type":"PropertyValueSpecification","valueRequired":true,"valueName":"search_term_string"}}],"inLanguage":"fr-FR"},{"@type":"Organization","@id":"https:\/\/www.ldnspa.re\/#organization","name":"LDN","url":"https:\/\/www.ldnspa.re\/","logo":{"@type":"ImageObject","inLanguage":"fr-FR","@id":"https:\/\/www.ldnspa.re\/#\/schema\/logo\/image\/","url":"https:\/\/i0.wp.com\/www.ldnspa.re\/wp-content\/uploads\/2023\/01\/logo_ldn_2.png?fit=551%2C170&ssl=1","contentUrl":"https:\/\/i0.wp.com\/www.ldnspa.re\/wp-content\/uploads\/2023\/01\/logo_ldn_2.png?fit=551%2C170&ssl=1","width":551,"height":170,"caption":"LDN"},"image":{"@id":"https:\/\/www.ldnspa.re\/#\/schema\/logo\/image\/"}}]}},"_links":{"self":[{"href":"https:\/\/www.ldnspa.re\/index.php?rest_route=\/wp\/v2\/pages\/25666","targetHints":{"allow":["GET"]}}],"collection":[{"href":"https:\/\/www.ldnspa.re\/index.php?rest_route=\/wp\/v2\/pages"}],"about":[{"href":"https:\/\/www.ldnspa.re\/index.php?rest_route=\/wp\/v2\/types\/page"}],"author":[{"embeddable":true,"href":"https:\/\/www.ldnspa.re\/index.php?rest_route=\/wp\/v2\/users\/5"}],"replies":[{"embeddable":true,"href":"https:\/\/www.ldnspa.re\/index.php?rest_route=%2Fwp%2Fv2%2Fcomments&post=25666"}],"version-history":[{"count":34,"href":"https:\/\/www.ldnspa.re\/index.php?rest_route=\/wp\/v2\/pages\/25666\/revisions"}],"predecessor-version":[{"id":26499,"href":"https:\/\/www.ldnspa.re\/index.php?rest_route=\/wp\/v2\/pages\/25666\/revisions\/26499"}],"wp:attachment":[{"href":"https:\/\/www.ldnspa.re\/index.php?rest_route=%2Fwp%2Fv2%2Fmedia&parent=25666"}],"curies":[{"name":"wp","href":"https:\/\/api.w.org\/{rel}","templated":true}]}}