{"id":25536,"date":"2025-03-06T06:11:31","date_gmt":"2025-03-06T05:11:31","guid":{"rendered":"https:\/\/www.ldnspa.re\/?page_id=25536"},"modified":"2025-11-03T18:01:36","modified_gmt":"2025-11-03T17:01:36","slug":"cat-cabine-de-douche","status":"publish","type":"page","link":"https:\/\/www.ldnspa.re\/?page_id=25536","title":{"rendered":"Cat Cabine de Douche"},"content":{"rendered":"\t\t<div data-elementor-type=\"wp-page\" data-elementor-id=\"25536\" class=\"elementor elementor-25536\" data-elementor-post-type=\"page\">\n\t\t\t\t<div class=\"elementor-element elementor-element-1eab0e7 e-con-full e-flex e-con e-parent\" data-id=\"1eab0e7\" data-element_type=\"container\">\n\t\t<div class=\"elementor-element elementor-element-705e43c e-con-full e-flex e-con e-child\" data-id=\"705e43c\" data-element_type=\"container\">\n\t\t<div class=\"elementor-element elementor-element-273583e e-con-full e-flex e-con e-child\" data-id=\"273583e\" data-element_type=\"container\">\n\t\t<div class=\"elementor-element elementor-element-894510c e-con-full e-flex e-con e-child\" data-id=\"894510c\" data-element_type=\"container\">\n\t\t<div class=\"elementor-element elementor-element-5ada283 e-con-full e-flex e-con e-child\" data-id=\"5ada283\" data-element_type=\"container\">\n\t\t<div class=\"elementor-element elementor-element-387689f e-con-full e-flex e-con e-child\" data-id=\"387689f\" data-element_type=\"container\" data-settings=\"{&quot;background_background&quot;:&quot;classic&quot;}\">\n\t\t\t\t<div class=\"elementor-element elementor-element-3f2a062 elementor-widget elementor-widget-heading\" data-id=\"3f2a062\" data-element_type=\"widget\" data-widget_type=\"heading.default\">\n\t\t\t\t<div class=\"elementor-widget-container\">\n\t\t\t\t\t<h2 class=\"elementor-heading-title elementor-size-default\">Cabine de douche <\/h2>\t\t\t\t<\/div>\n\t\t\t\t<\/div>\n\t\t\t\t<\/div>\n\t\t\t\t<\/div>\n\t\t\t\t<\/div>\n\t\t\t\t<\/div>\n\t\t\t\t<\/div>\n\t\t\t\t<\/div>\n\t\t<div class=\"elementor-element elementor-element-1bee4ca e-con-full e-flex e-con e-parent\" data-id=\"1bee4ca\" data-element_type=\"container\">\n\t\t<div class=\"elementor-element elementor-element-c5a4d00 e-con-full e-flex e-con e-child\" data-id=\"c5a4d00\" data-element_type=\"container\">\n\t\t\t\t<div class=\"elementor-element elementor-element-8b5d9d4 elementor-widget__width-inherit elementor-widget elementor-widget-image\" data-id=\"8b5d9d4\" data-element_type=\"widget\" data-widget_type=\"image.default\">\n\t\t\t\t<div class=\"elementor-widget-container\">\n\t\t\t\t\t\t\t\t\t\t\t\t\t\t\t<img fetchpriority=\"high\" decoding=\"async\" width=\"1024\" height=\"1024\" src=\"https:\/\/www.ldnspa.re\/wp-content\/uploads\/2024\/11\/DALL\u00b7E-2024-11-14-08.52.54-A-contemporary-bathroom-with-a-sleek-dark-themed-shower-cabin-featuring-sturdy-glass-panels-and-multiple-jets.-The-shower-cabin-is-based-on-a-black-.webp\" class=\"attachment-large size-large wp-image-25538\" alt=\"\" \/>\t\t\t\t\t\t\t\t\t\t\t\t\t\t\t<\/div>\n\t\t\t\t<\/div>\n\t\t\t\t<\/div>\n\t\t<div class=\"elementor-element elementor-element-bb6a8ce e-con-full e-flex e-con e-child\" data-id=\"bb6a8ce\" data-element_type=\"container\">\n\t\t\t\t<div class=\"elementor-element elementor-element-26d99c2 elementor-widget__width-inherit elementor-widget elementor-widget-text-editor\" data-id=\"26d99c2\" data-element_type=\"widget\" data-widget_type=\"text-editor.default\">\n\t\t\t\t<div class=\"elementor-widget-container\">\n\t\t\t\t\t\t\t\t\t<p>Notre s\u00e9lection de cabines de douche chez LDN SPA se d\u00e9cline en plusieurs tailles, styles et formes pour s&#8217;adapter \u00e0 tous les types de salles de bains. Dans cette cat\u00e9gorie, vous trouverez une vari\u00e9t\u00e9 d&#8217;options parmi lesquelles choisir, chacune offrant des caract\u00e9ristiques et des avantages uniques.<\/p><p>Toutes nos cabines de douche sont fabriqu\u00e9es \u00e0 partir de mat\u00e9riaux de haute qualit\u00e9 pour garantir leur durabilit\u00e9.<\/p><p>En ce qui concerne l&#8217;installation, nos cabines de douche sont con\u00e7ues pour \u00eatre faciles \u00e0 installer. Nous fournissons des instructions d\u00e9taill\u00e9es pour vous guider tout au long du processus, et notre \u00e9quipe d&#8217;experts est toujours disponible pour vous aider si n\u00e9cessaire.<\/p>\t\t\t\t\t\t\t\t<\/div>\n\t\t\t\t<\/div>\n\t\t\t\t<div class=\"elementor-element elementor-element-700a230 elementor-align-center elementor-widget elementor-widget-button\" data-id=\"700a230\" data-element_type=\"widget\" data-widget_type=\"button.default\">\n\t\t\t\t<div class=\"elementor-widget-container\">\n\t\t\t\t\t\t\t\t\t<div class=\"elementor-button-wrapper\">\n\t\t\t\t\t<a class=\"elementor-button elementor-button-link elementor-size-sm elementor-animation-bounce-in\" href=\"https:\/\/www.ldnspa.re\/?page_id=23379\">\n\t\t\t\t\t\t<span class=\"elementor-button-content-wrapper\">\n\t\t\t\t\t\t<span class=\"elementor-button-icon\">\n\t\t\t\t<i aria-hidden=\"true\" class=\"far fa-newspaper\"><\/i>\t\t\t<\/span>\n\t\t\t\t\t\t\t\t\t<span class=\"elementor-button-text\">Demandez un devis <\/span>\n\t\t\t\t\t<\/span>\n\t\t\t\t\t<\/a>\n\t\t\t\t<\/div>\n\t\t\t\t\t\t\t\t<\/div>\n\t\t\t\t<\/div>\n\t\t\t\t<\/div>\n\t\t\t\t<\/div>\n\t\t<div class=\"elementor-element elementor-element-725ad15 e-con-full e-flex e-con e-parent\" data-id=\"725ad15\" data-element_type=\"container\">\n\t\t<div class=\"elementor-element elementor-element-c357a98 e-con-full e-flex e-con e-child\" data-id=\"c357a98\" data-element_type=\"container\">\n\t\t<div class=\"elementor-element elementor-element-2043434 e-con-full e-flex e-con e-child\" data-id=\"2043434\" data-element_type=\"container\">\n\t\t<div class=\"elementor-element elementor-element-a004188 e-con-full e-flex e-con e-child\" data-id=\"a004188\" data-element_type=\"container\">\n\t\t<div class=\"elementor-element elementor-element-218f81a e-con-full e-flex e-con e-child\" data-id=\"218f81a\" data-element_type=\"container\">\n\t\t<div class=\"elementor-element elementor-element-7e2dd80 e-con-full e-flex e-con e-child\" data-id=\"7e2dd80\" data-element_type=\"container\" data-settings=\"{&quot;background_background&quot;:&quot;classic&quot;}\">\n\t\t\t\t<div class=\"elementor-element elementor-element-34b154b elementor-widget elementor-widget-heading\" data-id=\"34b154b\" data-element_type=\"widget\" data-widget_type=\"heading.default\">\n\t\t\t\t<div class=\"elementor-widget-container\">\n\t\t\t\t\t<h2 class=\"elementor-heading-title elementor-size-default\">d\u00e9couvrez nos Cabines<\/h2>\t\t\t\t<\/div>\n\t\t\t\t<\/div>\n\t\t\t\t<\/div>\n\t\t\t\t<\/div>\n\t\t\t\t<\/div>\n\t\t\t\t<\/div>\n\t\t\t\t<\/div>\n\t\t\t\t<\/div>\n\t\t<div class=\"elementor-element elementor-element-d96d3ce e-con-full e-flex e-con e-parent\" data-id=\"d96d3ce\" data-element_type=\"container\">\n\t\t<div class=\"elementor-element elementor-element-0f2027a e-con-full e-flex e-con e-child\" data-id=\"0f2027a\" data-element_type=\"container\">\n\t\t\t\t<div class=\"elementor-element elementor-element-6a20d3b elementor-widget elementor-widget-image\" data-id=\"6a20d3b\" data-element_type=\"widget\" data-widget_type=\"image.default\">\n\t\t\t\t<div class=\"elementor-widget-container\">\n\t\t\t\t\t\t\t\t\t\t\t\t\t\t\t\t<a href=\"https:\/\/www.ldnspa.re\/index.php\/sofia\/\">\n\t\t\t\t\t\t\t<img decoding=\"async\" width=\"1024\" height=\"1024\" src=\"https:\/\/www.ldnspa.re\/wp-content\/uploads\/2025\/02\/IMG_0145-1024x1024.jpg\" class=\"attachment-large size-large wp-image-25626\" alt=\"\" \/>\t\t\t\t\t\t\t\t<\/a>\n\t\t\t\t\t\t\t\t\t\t\t\t\t\t\t<\/div>\n\t\t\t\t<\/div>\n\t\t<div class=\"elementor-element elementor-element-c9dac60 e-con-full e-flex e-con e-child\" data-id=\"c9dac60\" data-element_type=\"container\">\n\t\t\t\t<div class=\"elementor-element elementor-element-7fc2a7a elementor-widget elementor-widget-heading\" data-id=\"7fc2a7a\" data-element_type=\"widget\" data-widget_type=\"heading.default\">\n\t\t\t\t<div class=\"elementor-widget-container\">\n\t\t\t\t\t<h2 class=\"elementor-heading-title elementor-size-default\"><a href=\"https:\/\/www.ldnspa.re\/index.php\/sofia\/\">SOFIA<br><\/a><\/h2>\t\t\t\t<\/div>\n\t\t\t\t<\/div>\n\t\t\t\t<\/div>\n\t\t\t\t<\/div>\n\t\t<div class=\"elementor-element elementor-element-bd3859d e-con-full e-flex e-con e-child\" data-id=\"bd3859d\" data-element_type=\"container\">\n\t\t\t\t<div class=\"elementor-element elementor-element-19e6c99 elementor-widget elementor-widget-image\" data-id=\"19e6c99\" data-element_type=\"widget\" data-widget_type=\"image.default\">\n\t\t\t\t<div class=\"elementor-widget-container\">\n\t\t\t\t\t\t\t\t\t\t\t\t\t\t\t\t<a href=\"https:\/\/www.ldnspa.re\/index.php\/am\/\">\n\t\t\t\t\t\t\t<img decoding=\"async\" width=\"1016\" height=\"1016\" src=\"https:\/\/www.ldnspa.re\/wp-content\/uploads\/2025\/02\/IMG_0144.jpg\" class=\"attachment-large size-large wp-image-25633\" alt=\"\" \/>\t\t\t\t\t\t\t\t<\/a>\n\t\t\t\t\t\t\t\t\t\t\t\t\t\t\t<\/div>\n\t\t\t\t<\/div>\n\t\t<div class=\"elementor-element elementor-element-54c8b78 e-con-full e-flex e-con e-child\" data-id=\"54c8b78\" data-element_type=\"container\">\n\t\t\t\t<div class=\"elementor-element elementor-element-f232910 elementor-widget elementor-widget-heading\" data-id=\"f232910\" data-element_type=\"widget\" data-widget_type=\"heading.default\">\n\t\t\t\t<div class=\"elementor-widget-container\">\n\t\t\t\t\t<h2 class=\"elementor-heading-title elementor-size-default\"><a href=\"https:\/\/www.ldnspa.re\/index.php\/am\/\">vICTORIA <br><\/a><\/h2>\t\t\t\t<\/div>\n\t\t\t\t<\/div>\n\t\t\t\t<\/div>\n\t\t\t\t<\/div>\n\t\t<div class=\"elementor-element elementor-element-21bc353 e-con-full e-flex e-con e-child\" data-id=\"21bc353\" data-element_type=\"container\">\n\t\t\t\t<div class=\"elementor-element elementor-element-9b4753c elementor-widget elementor-widget-image\" data-id=\"9b4753c\" data-element_type=\"widget\" data-widget_type=\"image.default\">\n\t\t\t\t<div class=\"elementor-widget-container\">\n\t\t\t\t\t\t\t\t\t\t\t\t\t\t\t\t<a href=\"https:\/\/www.ldnspa.re\/index.php\/v\/\">\n\t\t\t\t\t\t\t<img loading=\"lazy\" decoding=\"async\" width=\"1024\" height=\"1024\" src=\"https:\/\/www.ldnspa.re\/wp-content\/uploads\/2025\/02\/IMG_0148-1024x1024.jpg\" class=\"attachment-large size-large wp-image-25619\" alt=\"\" \/>\t\t\t\t\t\t\t\t<\/a>\n\t\t\t\t\t\t\t\t\t\t\t\t\t\t\t<\/div>\n\t\t\t\t<\/div>\n\t\t<div class=\"elementor-element elementor-element-59cd95c e-con-full e-flex e-con e-child\" data-id=\"59cd95c\" data-element_type=\"container\">\n\t\t\t\t<div class=\"elementor-element elementor-element-fc95311 elementor-widget elementor-widget-heading\" data-id=\"fc95311\" data-element_type=\"widget\" data-widget_type=\"heading.default\">\n\t\t\t\t<div class=\"elementor-widget-container\">\n\t\t\t\t\t<h2 class=\"elementor-heading-title elementor-size-default\"><a href=\"https:\/\/www.ldnspa.re\/index.php\/v\/\">DELUXE<br><\/a><\/h2>\t\t\t\t<\/div>\n\t\t\t\t<\/div>\n\t\t\t\t<\/div>\n\t\t\t\t<\/div>\n\t\t\t\t<\/div>\n\t\t<div class=\"elementor-element elementor-element-1be8b27 e-flex e-con-boxed e-con e-parent\" data-id=\"1be8b27\" data-element_type=\"container\">\n\t\t\t\t\t<div class=\"e-con-inner\">\n\t\t\t\t<div class=\"elementor-element elementor-element-01b1f35 elementor-widget elementor-widget-spacer\" data-id=\"01b1f35\" data-element_type=\"widget\" data-widget_type=\"spacer.default\">\n\t\t\t\t<div class=\"elementor-widget-container\">\n\t\t\t\t\t\t\t<div class=\"elementor-spacer\">\n\t\t\t<div class=\"elementor-spacer-inner\"><\/div>\n\t\t<\/div>\n\t\t\t\t\t\t<\/div>\n\t\t\t\t<\/div>\n\t\t\t\t\t<\/div>\n\t\t\t\t<\/div>\n\t\t<div class=\"elementor-element elementor-element-6fde8c3 e-flex e-con-boxed e-con e-parent\" data-id=\"6fde8c3\" data-element_type=\"container\" data-settings=\"{&quot;background_background&quot;:&quot;classic&quot;}\">\n\t\t\t\t\t<div class=\"e-con-inner\">\n\t\t<div class=\"elementor-element elementor-element-562ae5a e-con-full e-flex e-con e-child\" data-id=\"562ae5a\" data-element_type=\"container\">\n\t\t<div class=\"elementor-element elementor-element-e96463a e-con-full e-flex e-con e-child\" data-id=\"e96463a\" data-element_type=\"container\">\n\t\t<div class=\"elementor-element elementor-element-e1c8b44 e-con-full e-flex e-con e-child\" data-id=\"e1c8b44\" data-element_type=\"container\">\n\t\t<div class=\"elementor-element elementor-element-26bfa1d e-con-full e-flex e-con e-child\" data-id=\"26bfa1d\" data-element_type=\"container\">\n\t\t<div class=\"elementor-element elementor-element-6b0170b e-con-full e-flex e-con e-child\" data-id=\"6b0170b\" data-element_type=\"container\" data-settings=\"{&quot;background_background&quot;:&quot;classic&quot;}\">\n\t\t\t\t<div class=\"elementor-element elementor-element-2843b81 elementor-widget elementor-widget-heading\" data-id=\"2843b81\" data-element_type=\"widget\" data-widget_type=\"heading.default\">\n\t\t\t\t<div class=\"elementor-widget-container\">\n\t\t\t\t\t<h2 class=\"elementor-heading-title elementor-size-default\">\u00e0 decouvrir au showroom<\/h2>\t\t\t\t<\/div>\n\t\t\t\t<\/div>\n\t\t\t\t<\/div>\n\t\t\t\t<\/div>\n\t\t\t\t<\/div>\n\t\t\t\t<\/div>\n\t\t\t\t<\/div>\n\t\t\t\t\t<\/div>\n\t\t\t\t<\/div>\n\t\t<div class=\"elementor-element elementor-element-1d8b760 e-con-full e-flex e-con e-parent\" data-id=\"1d8b760\" data-element_type=\"container\">\n\t\t<div class=\"elementor-element elementor-element-0fe82cb e-con-full e-flex e-con e-child\" data-id=\"0fe82cb\" data-element_type=\"container\">\n\t\t\t\t<div class=\"elementor-element elementor-element-3a85313 elementor-widget elementor-widget-google_maps\" data-id=\"3a85313\" data-element_type=\"widget\" data-widget_type=\"google_maps.default\">\n\t\t\t\t<div class=\"elementor-widget-container\">\n\t\t\t\t\t\t\t<div class=\"elementor-custom-embed\">\n\t\t\t<iframe loading=\"lazy\"\n\t\t\t\t\tsrc=\"https:\/\/maps.google.com\/maps?q=ldn%20spa%20saint%20pierre&#038;t=m&#038;z=16&#038;output=embed&#038;iwloc=near\"\n\t\t\t\t\ttitle=\"ldn spa saint pierre\"\n\t\t\t\t\taria-label=\"ldn spa saint pierre\"\n\t\t\t><\/iframe>\n\t\t<\/div>\n\t\t\t\t\t\t<\/div>\n\t\t\t\t<\/div>\n\t\t\t\t<\/div>\n\t\t\t\t<\/div>\n\t\t\t\t<\/div>\n\t\t","protected":false},"excerpt":{"rendered":"<p>Cabine de douche Notre s\u00e9lection de cabines de douche chez LDN SPA se d\u00e9cline en plusieurs tailles, styles et formes pour s&#8217;adapter \u00e0 tous les types de salles de bains. Dans cette cat\u00e9gorie, vous trouverez une vari\u00e9t\u00e9 d&#8217;options parmi lesquelles choisir, chacune offrant des caract\u00e9ristiques et des avantages uniques. Toutes nos cabines de douche sont [&hellip;]<\/p>\n","protected":false},"author":5,"featured_media":0,"parent":0,"menu_order":0,"comment_status":"closed","ping_status":"closed","template":"page-templates\/homepage.php","meta":{"footnotes":""},"class_list":["post-25536","page","type-page","status-publish","hentry"],"yoast_head":"<!-- This site is optimized with the Yoast SEO plugin v26.0 - https:\/\/yoast.com\/wordpress\/plugins\/seo\/ -->\n<title>Cat Cabine de Douche - LDN<\/title>\n<meta name=\"robots\" content=\"index, follow, max-snippet:-1, max-image-preview:large, max-video-preview:-1\" \/>\n<link rel=\"canonical\" href=\"https:\/\/www.ldnspa.re\/?page_id=25536\" \/>\n<meta property=\"og:locale\" content=\"fr_FR\" \/>\n<meta property=\"og:type\" content=\"article\" \/>\n<meta property=\"og:title\" content=\"Cat Cabine de Douche - LDN\" \/>\n<meta property=\"og:description\" content=\"Cabine de douche Notre s\u00e9lection de cabines de douche chez LDN SPA se d\u00e9cline en plusieurs tailles, styles et formes pour s&#8217;adapter \u00e0 tous les types de salles de bains. Dans cette cat\u00e9gorie, vous trouverez une vari\u00e9t\u00e9 d&#8217;options parmi lesquelles choisir, chacune offrant des caract\u00e9ristiques et des avantages uniques. Toutes nos cabines de douche sont [&hellip;]\" \/>\n<meta property=\"og:url\" content=\"https:\/\/www.ldnspa.re\/?page_id=25536\" \/>\n<meta property=\"og:site_name\" content=\"LDN\" \/>\n<meta property=\"article:modified_time\" content=\"2025-11-03T17:01:36+00:00\" \/>\n<meta property=\"og:image\" content=\"https:\/\/www.ldnspa.re\/wp-content\/uploads\/2025\/02\/IMG_0145-1024x1024.jpg\" \/>\n<meta name=\"twitter:card\" content=\"summary_large_image\" \/>\n<meta name=\"twitter:label1\" content=\"Dur\u00e9e de lecture estim\u00e9e\" \/>\n\t<meta name=\"twitter:data1\" content=\"2 minutes\" \/>\n<script type=\"application\/ld+json\" class=\"yoast-schema-graph\">{\"@context\":\"https:\/\/schema.org\",\"@graph\":[{\"@type\":\"WebPage\",\"@id\":\"https:\/\/www.ldnspa.re\/?page_id=25536\",\"url\":\"https:\/\/www.ldnspa.re\/?page_id=25536\",\"name\":\"Cat Cabine de Douche - LDN\",\"isPartOf\":{\"@id\":\"https:\/\/www.ldnspa.re\/#website\"},\"primaryImageOfPage\":{\"@id\":\"https:\/\/www.ldnspa.re\/?page_id=25536#primaryimage\"},\"image\":{\"@id\":\"https:\/\/www.ldnspa.re\/?page_id=25536#primaryimage\"},\"thumbnailUrl\":\"https:\/\/www.ldnspa.re\/wp-content\/uploads\/2025\/02\/IMG_0145-1024x1024.jpg\",\"datePublished\":\"2025-03-06T05:11:31+00:00\",\"dateModified\":\"2025-11-03T17:01:36+00:00\",\"breadcrumb\":{\"@id\":\"https:\/\/www.ldnspa.re\/?page_id=25536#breadcrumb\"},\"inLanguage\":\"fr-FR\",\"potentialAction\":[{\"@type\":\"ReadAction\",\"target\":[\"https:\/\/www.ldnspa.re\/?page_id=25536\"]}]},{\"@type\":\"ImageObject\",\"inLanguage\":\"fr-FR\",\"@id\":\"https:\/\/www.ldnspa.re\/?page_id=25536#primaryimage\",\"url\":\"https:\/\/www.ldnspa.re\/wp-content\/uploads\/2025\/02\/IMG_0145.jpg\",\"contentUrl\":\"https:\/\/www.ldnspa.re\/wp-content\/uploads\/2025\/02\/IMG_0145.jpg\",\"width\":1628,\"height\":1628},{\"@type\":\"BreadcrumbList\",\"@id\":\"https:\/\/www.ldnspa.re\/?page_id=25536#breadcrumb\",\"itemListElement\":[{\"@type\":\"ListItem\",\"position\":1,\"name\":\"Accueil\",\"item\":\"https:\/\/www.ldnspa.re\/\"},{\"@type\":\"ListItem\",\"position\":2,\"name\":\"Cat Cabine de Douche\"}]},{\"@type\":\"WebSite\",\"@id\":\"https:\/\/www.ldnspa.re\/#website\",\"url\":\"https:\/\/www.ldnspa.re\/\",\"name\":\"LDN\",\"description\":\"Le bien-\u00eatre chez soi\",\"publisher\":{\"@id\":\"https:\/\/www.ldnspa.re\/#organization\"},\"potentialAction\":[{\"@type\":\"SearchAction\",\"target\":{\"@type\":\"EntryPoint\",\"urlTemplate\":\"https:\/\/www.ldnspa.re\/?s={search_term_string}\"},\"query-input\":{\"@type\":\"PropertyValueSpecification\",\"valueRequired\":true,\"valueName\":\"search_term_string\"}}],\"inLanguage\":\"fr-FR\"},{\"@type\":\"Organization\",\"@id\":\"https:\/\/www.ldnspa.re\/#organization\",\"name\":\"LDN\",\"url\":\"https:\/\/www.ldnspa.re\/\",\"logo\":{\"@type\":\"ImageObject\",\"inLanguage\":\"fr-FR\",\"@id\":\"https:\/\/www.ldnspa.re\/#\/schema\/logo\/image\/\",\"url\":\"https:\/\/i0.wp.com\/www.ldnspa.re\/wp-content\/uploads\/2023\/01\/logo_ldn_2.png?fit=551%2C170&ssl=1\",\"contentUrl\":\"https:\/\/i0.wp.com\/www.ldnspa.re\/wp-content\/uploads\/2023\/01\/logo_ldn_2.png?fit=551%2C170&ssl=1\",\"width\":551,\"height\":170,\"caption\":\"LDN\"},\"image\":{\"@id\":\"https:\/\/www.ldnspa.re\/#\/schema\/logo\/image\/\"}}]}<\/script>\n<!-- \/ Yoast SEO plugin. -->","yoast_head_json":{"title":"Cat Cabine de Douche - LDN","robots":{"index":"index","follow":"follow","max-snippet":"max-snippet:-1","max-image-preview":"max-image-preview:large","max-video-preview":"max-video-preview:-1"},"canonical":"https:\/\/www.ldnspa.re\/?page_id=25536","og_locale":"fr_FR","og_type":"article","og_title":"Cat Cabine de Douche - LDN","og_description":"Cabine de douche Notre s\u00e9lection de cabines de douche chez LDN SPA se d\u00e9cline en plusieurs tailles, styles et formes pour s&#8217;adapter \u00e0 tous les types de salles de bains. Dans cette cat\u00e9gorie, vous trouverez une vari\u00e9t\u00e9 d&#8217;options parmi lesquelles choisir, chacune offrant des caract\u00e9ristiques et des avantages uniques. Toutes nos cabines de douche sont [&hellip;]","og_url":"https:\/\/www.ldnspa.re\/?page_id=25536","og_site_name":"LDN","article_modified_time":"2025-11-03T17:01:36+00:00","og_image":[{"url":"https:\/\/www.ldnspa.re\/wp-content\/uploads\/2025\/02\/IMG_0145-1024x1024.jpg","type":"","width":"","height":""}],"twitter_card":"summary_large_image","twitter_misc":{"Dur\u00e9e de lecture estim\u00e9e":"2 minutes"},"schema":{"@context":"https:\/\/schema.org","@graph":[{"@type":"WebPage","@id":"https:\/\/www.ldnspa.re\/?page_id=25536","url":"https:\/\/www.ldnspa.re\/?page_id=25536","name":"Cat Cabine de Douche - LDN","isPartOf":{"@id":"https:\/\/www.ldnspa.re\/#website"},"primaryImageOfPage":{"@id":"https:\/\/www.ldnspa.re\/?page_id=25536#primaryimage"},"image":{"@id":"https:\/\/www.ldnspa.re\/?page_id=25536#primaryimage"},"thumbnailUrl":"https:\/\/www.ldnspa.re\/wp-content\/uploads\/2025\/02\/IMG_0145-1024x1024.jpg","datePublished":"2025-03-06T05:11:31+00:00","dateModified":"2025-11-03T17:01:36+00:00","breadcrumb":{"@id":"https:\/\/www.ldnspa.re\/?page_id=25536#breadcrumb"},"inLanguage":"fr-FR","potentialAction":[{"@type":"ReadAction","target":["https:\/\/www.ldnspa.re\/?page_id=25536"]}]},{"@type":"ImageObject","inLanguage":"fr-FR","@id":"https:\/\/www.ldnspa.re\/?page_id=25536#primaryimage","url":"https:\/\/www.ldnspa.re\/wp-content\/uploads\/2025\/02\/IMG_0145.jpg","contentUrl":"https:\/\/www.ldnspa.re\/wp-content\/uploads\/2025\/02\/IMG_0145.jpg","width":1628,"height":1628},{"@type":"BreadcrumbList","@id":"https:\/\/www.ldnspa.re\/?page_id=25536#breadcrumb","itemListElement":[{"@type":"ListItem","position":1,"name":"Accueil","item":"https:\/\/www.ldnspa.re\/"},{"@type":"ListItem","position":2,"name":"Cat Cabine de Douche"}]},{"@type":"WebSite","@id":"https:\/\/www.ldnspa.re\/#website","url":"https:\/\/www.ldnspa.re\/","name":"LDN","description":"Le bien-\u00eatre chez soi","publisher":{"@id":"https:\/\/www.ldnspa.re\/#organization"},"potentialAction":[{"@type":"SearchAction","target":{"@type":"EntryPoint","urlTemplate":"https:\/\/www.ldnspa.re\/?s={search_term_string}"},"query-input":{"@type":"PropertyValueSpecification","valueRequired":true,"valueName":"search_term_string"}}],"inLanguage":"fr-FR"},{"@type":"Organization","@id":"https:\/\/www.ldnspa.re\/#organization","name":"LDN","url":"https:\/\/www.ldnspa.re\/","logo":{"@type":"ImageObject","inLanguage":"fr-FR","@id":"https:\/\/www.ldnspa.re\/#\/schema\/logo\/image\/","url":"https:\/\/i0.wp.com\/www.ldnspa.re\/wp-content\/uploads\/2023\/01\/logo_ldn_2.png?fit=551%2C170&ssl=1","contentUrl":"https:\/\/i0.wp.com\/www.ldnspa.re\/wp-content\/uploads\/2023\/01\/logo_ldn_2.png?fit=551%2C170&ssl=1","width":551,"height":170,"caption":"LDN"},"image":{"@id":"https:\/\/www.ldnspa.re\/#\/schema\/logo\/image\/"}}]}},"_links":{"self":[{"href":"https:\/\/www.ldnspa.re\/index.php?rest_route=\/wp\/v2\/pages\/25536","targetHints":{"allow":["GET"]}}],"collection":[{"href":"https:\/\/www.ldnspa.re\/index.php?rest_route=\/wp\/v2\/pages"}],"about":[{"href":"https:\/\/www.ldnspa.re\/index.php?rest_route=\/wp\/v2\/types\/page"}],"author":[{"embeddable":true,"href":"https:\/\/www.ldnspa.re\/index.php?rest_route=\/wp\/v2\/users\/5"}],"replies":[{"embeddable":true,"href":"https:\/\/www.ldnspa.re\/index.php?rest_route=%2Fwp%2Fv2%2Fcomments&post=25536"}],"version-history":[{"count":10,"href":"https:\/\/www.ldnspa.re\/index.php?rest_route=\/wp\/v2\/pages\/25536\/revisions"}],"predecessor-version":[{"id":27423,"href":"https:\/\/www.ldnspa.re\/index.php?rest_route=\/wp\/v2\/pages\/25536\/revisions\/27423"}],"wp:attachment":[{"href":"https:\/\/www.ldnspa.re\/index.php?rest_route=%2Fwp%2Fv2%2Fmedia&parent=25536"}],"curies":[{"name":"wp","href":"https:\/\/api.w.org\/{rel}","templated":true}]}}