{"id":25522,"date":"2024-12-26T06:22:35","date_gmt":"2024-12-26T05:22:35","guid":{"rendered":"https:\/\/www.ldnspa.re\/?page_id=25522"},"modified":"2025-12-09T09:43:03","modified_gmt":"2025-12-09T08:43:03","slug":"cat-balneo","status":"publish","type":"page","link":"https:\/\/www.ldnspa.re\/?page_id=25522","title":{"rendered":"Cat\u00e9gorie Baln\u00e9o."},"content":{"rendered":"\t\t<div data-elementor-type=\"wp-page\" data-elementor-id=\"25522\" class=\"elementor elementor-25522\" data-elementor-post-type=\"page\">\n\t\t\t\t<div class=\"elementor-element elementor-element-4e1e3b2 e-con-full e-flex e-con e-parent\" data-id=\"4e1e3b2\" data-element_type=\"container\">\n\t\t<div class=\"elementor-element elementor-element-bd1ce07 e-con-full e-flex e-con e-child\" data-id=\"bd1ce07\" data-element_type=\"container\">\n\t\t<div class=\"elementor-element elementor-element-2e71b95 e-con-full e-flex e-con e-child\" data-id=\"2e71b95\" data-element_type=\"container\">\n\t\t<div class=\"elementor-element elementor-element-b1d00d8 e-con-full e-flex e-con e-child\" data-id=\"b1d00d8\" data-element_type=\"container\">\n\t\t<div class=\"elementor-element elementor-element-5935b86 e-con-full e-flex e-con e-child\" data-id=\"5935b86\" data-element_type=\"container\" data-settings=\"{&quot;background_background&quot;:&quot;classic&quot;}\">\n\t\t\t\t<div class=\"elementor-element elementor-element-63e7ffd elementor-widget elementor-widget-heading\" data-id=\"63e7ffd\" data-element_type=\"widget\" data-widget_type=\"heading.default\">\n\t\t\t\t<div class=\"elementor-widget-container\">\n\t\t\t\t\t<h2 class=\"elementor-heading-title elementor-size-default\">baignoire baln\u00e9oth\u00e9rapie <\/h2>\t\t\t\t<\/div>\n\t\t\t\t<\/div>\n\t\t\t\t<\/div>\n\t\t\t\t<\/div>\n\t\t\t\t<\/div>\n\t\t\t\t<\/div>\n\t\t\t\t<\/div>\n\t\t<div class=\"elementor-element elementor-element-0d90283 e-con-full e-flex e-con e-parent\" data-id=\"0d90283\" data-element_type=\"container\" data-settings=\"{&quot;background_background&quot;:&quot;classic&quot;}\">\n\t\t<div class=\"elementor-element elementor-element-24d224d e-con-full e-flex e-con e-child\" data-id=\"24d224d\" data-element_type=\"container\">\n\t\t\t\t<div class=\"elementor-element elementor-element-e896d20 elementor-widget elementor-widget-image\" data-id=\"e896d20\" data-element_type=\"widget\" data-widget_type=\"image.default\">\n\t\t\t\t<div class=\"elementor-widget-container\">\n\t\t\t\t\t\t\t\t\t\t\t\t\t\t\t<img fetchpriority=\"high\" decoding=\"async\" width=\"1024\" height=\"523\" src=\"https:\/\/www.ldnspa.re\/wp-content\/uploads\/2025\/12\/Gemini_Generated_Image_yztaanyztaanyzta-1-1024x523.png\" class=\"attachment-large size-large wp-image-27593\" alt=\"\" \/>\t\t\t\t\t\t\t\t\t\t\t\t\t\t\t<\/div>\n\t\t\t\t<\/div>\n\t\t\t\t<\/div>\n\t\t<div class=\"elementor-element elementor-element-b6141f0 e-con-full e-flex e-con e-child\" data-id=\"b6141f0\" data-element_type=\"container\">\n\t\t\t\t<div class=\"elementor-element elementor-element-ec80110 elementor-widget elementor-widget-text-editor\" data-id=\"ec80110\" data-element_type=\"widget\" data-widget_type=\"text-editor.default\">\n\t\t\t\t<div class=\"elementor-widget-container\">\n\t\t\t\t\t\t\t\t\t<div class=\"elementor-element elementor-element-a4276f8 e-flex e-con-boxed e-con e-parent e-lazyloaded\" data-id=\"a4276f8\" data-element_type=\"container\"><div class=\"e-con-inner\"><div class=\"elementor-element elementor-element-3b4ceae elementor-widget elementor-widget-text-editor\" data-id=\"3b4ceae\" data-element_type=\"widget\" data-widget_type=\"text-editor.default\"><div class=\"elementor-widget-container\"><div class=\"elementor-element elementor-element-ca8744f e-con-full e-flex e-con e-parent e-lazyloaded\" data-id=\"ca8744f\" data-element_type=\"container\"><div class=\"elementor-element elementor-element-2f869f8 elementor-widget elementor-widget-text-editor\" data-id=\"2f869f8\" data-element_type=\"widget\" data-widget_type=\"text-editor.default\"><div class=\"elementor-widget-container\"><p>Gr\u00e2ce \u00e0 LDNSPA, le bien-\u00eatre s\u2019invite dans votre salle d\u2019eau et nul besoin de vous rendre dans un centre pour b\u00e9n\u00e9ficier des avantages de la baln\u00e9oth\u00e9rapie !<\/p><\/div><\/div><\/div><p>Prenez soin de vous dans nos baignoires de baln\u00e9oth\u00e9rapie adapt\u00e9es \u00e0 un usage domestique.<\/p><p>Gr\u00e2ce au pouvoir de relaxation de l\u2019eau chaude agr\u00e9ment\u00e9e de jets hydromassants, vous allez pouvoir vous d\u00e9tendre.<\/p><div class=\"elementor-element elementor-element-ca8744f e-con-full e-flex e-con e-parent e-lazyloaded\" data-id=\"ca8744f\" data-element_type=\"container\"><div class=\"elementor-element elementor-element-2f869f8 elementor-widget elementor-widget-text-editor\" data-id=\"2f869f8\" data-element_type=\"widget\" data-widget_type=\"text-editor.default\"><div class=\"elementor-widget-container\"><p>Pour cela choisissez parmi nos mod\u00e8les et contactez-nous!<\/p><\/div><\/div><\/div><\/div><\/div><\/div><\/div>\t\t\t\t\t\t\t\t<\/div>\n\t\t\t\t<\/div>\n\t\t\t\t<div class=\"elementor-element elementor-element-6ff7495 elementor-align-center elementor-widget elementor-widget-button\" data-id=\"6ff7495\" data-element_type=\"widget\" data-widget_type=\"button.default\">\n\t\t\t\t<div class=\"elementor-widget-container\">\n\t\t\t\t\t\t\t\t\t<div class=\"elementor-button-wrapper\">\n\t\t\t\t\t<a class=\"elementor-button elementor-button-link elementor-size-sm elementor-animation-bounce-in\" href=\"https:\/\/www.ldnspa.re\/?page_id=23379\">\n\t\t\t\t\t\t<span class=\"elementor-button-content-wrapper\">\n\t\t\t\t\t\t<span class=\"elementor-button-icon\">\n\t\t\t\t<i aria-hidden=\"true\" class=\"far fa-newspaper\"><\/i>\t\t\t<\/span>\n\t\t\t\t\t\t\t\t\t<span class=\"elementor-button-text\">Demandez un devis <\/span>\n\t\t\t\t\t<\/span>\n\t\t\t\t\t<\/a>\n\t\t\t\t<\/div>\n\t\t\t\t\t\t\t\t<\/div>\n\t\t\t\t<\/div>\n\t\t\t\t<\/div>\n\t\t\t\t<\/div>\n\t\t<div class=\"elementor-element elementor-element-4abc277 e-con-full e-flex e-con e-parent\" data-id=\"4abc277\" data-element_type=\"container\">\n\t\t<div class=\"elementor-element elementor-element-7a1cb27 e-con-full e-flex e-con e-child\" data-id=\"7a1cb27\" data-element_type=\"container\">\n\t\t<div class=\"elementor-element elementor-element-70b3019 e-con-full e-flex e-con e-child\" data-id=\"70b3019\" data-element_type=\"container\">\n\t\t<div class=\"elementor-element elementor-element-b7512f3 e-con-full e-flex e-con e-child\" data-id=\"b7512f3\" data-element_type=\"container\">\n\t\t<div class=\"elementor-element elementor-element-0f80e01 e-con-full e-flex e-con e-child\" data-id=\"0f80e01\" data-element_type=\"container\" data-settings=\"{&quot;background_background&quot;:&quot;classic&quot;}\">\n\t\t\t\t<div class=\"elementor-element elementor-element-9a9b44d elementor-widget elementor-widget-heading\" data-id=\"9a9b44d\" data-element_type=\"widget\" data-widget_type=\"heading.default\">\n\t\t\t\t<div class=\"elementor-widget-container\">\n\t\t\t\t\t<h2 class=\"elementor-heading-title elementor-size-default\">d\u00e9couvrez nos baln\u00e9os<\/h2>\t\t\t\t<\/div>\n\t\t\t\t<\/div>\n\t\t\t\t<\/div>\n\t\t\t\t<\/div>\n\t\t\t\t<\/div>\n\t\t\t\t<\/div>\n\t\t\t\t<\/div>\n\t\t<div class=\"elementor-element elementor-element-ec4e4f7 e-con-full e-flex e-con e-parent\" data-id=\"ec4e4f7\" data-element_type=\"container\" data-settings=\"{&quot;background_background&quot;:&quot;classic&quot;}\">\n\t\t<div class=\"elementor-element elementor-element-ccd2752 e-con-full e-flex e-con e-child\" data-id=\"ccd2752\" data-element_type=\"container\">\n\t\t\t\t<div class=\"elementor-element elementor-element-ddb23b6 elementor-widget elementor-widget-image\" data-id=\"ddb23b6\" data-element_type=\"widget\" data-widget_type=\"image.default\">\n\t\t\t\t<div class=\"elementor-widget-container\">\n\t\t\t\t\t\t\t\t\t\t\t\t\t\t\t\t<a href=\"https:\/\/www.ldnspa.re\/?page_id=22924\">\n\t\t\t\t\t\t\t<img decoding=\"async\" width=\"300\" height=\"300\" src=\"https:\/\/www.ldnspa.re\/wp-content\/uploads\/2023\/01\/baignoire-balneo-second-Ilot-2-300x300.jpg\" class=\"attachment-medium size-medium wp-image-22960\" alt=\"\" \/>\t\t\t\t\t\t\t\t<\/a>\n\t\t\t\t\t\t\t\t\t\t\t\t\t\t\t<\/div>\n\t\t\t\t<\/div>\n\t\t\t\t<\/div>\n\t\t<div class=\"elementor-element elementor-element-9151904 e-con-full e-flex e-con e-child\" data-id=\"9151904\" data-element_type=\"container\">\n\t\t\t\t<div class=\"elementor-element elementor-element-f9cfcca elementor-widget elementor-widget-image\" data-id=\"f9cfcca\" data-element_type=\"widget\" data-widget_type=\"image.default\">\n\t\t\t\t<div class=\"elementor-widget-container\">\n\t\t\t\t\t\t\t\t\t\t\t\t\t\t\t\t<a href=\"https:\/\/www.ldnspa.re\/?page_id=23007\">\n\t\t\t\t\t\t\t<img decoding=\"async\" width=\"300\" height=\"300\" src=\"https:\/\/www.ldnspa.re\/wp-content\/uploads\/2023\/01\/SPA-Balne\u2560uo-solo-1-300x300.png\" class=\"attachment-medium size-medium wp-image-23013\" alt=\"\" \/>\t\t\t\t\t\t\t\t<\/a>\n\t\t\t\t\t\t\t\t\t\t\t\t\t\t\t<\/div>\n\t\t\t\t<\/div>\n\t\t\t\t<\/div>\n\t\t<div class=\"elementor-element elementor-element-0f9e2a0 e-con-full e-flex e-con e-child\" data-id=\"0f9e2a0\" data-element_type=\"container\">\n\t\t\t\t<div class=\"elementor-element elementor-element-4610015 elementor-widget elementor-widget-image\" data-id=\"4610015\" data-element_type=\"widget\" data-widget_type=\"image.default\">\n\t\t\t\t<div class=\"elementor-widget-container\">\n\t\t\t\t\t\t\t\t\t\t\t\t\t\t\t\t<a href=\"https:\/\/www.ldnspa.re\/?page_id=22876\">\n\t\t\t\t\t\t\t<img loading=\"lazy\" decoding=\"async\" width=\"300\" height=\"300\" src=\"https:\/\/www.ldnspa.re\/wp-content\/uploads\/2023\/01\/balne\u2560uo-amoureux-e1728299523764-300x300.png\" class=\"attachment-medium size-medium wp-image-22988\" alt=\"\" \/>\t\t\t\t\t\t\t\t<\/a>\n\t\t\t\t\t\t\t\t\t\t\t\t\t\t\t<\/div>\n\t\t\t\t<\/div>\n\t\t\t\t<\/div>\n\t\t<div class=\"elementor-element elementor-element-02948d5 e-con-full e-flex e-con e-child\" data-id=\"02948d5\" data-element_type=\"container\">\n\t\t\t\t<div class=\"elementor-element elementor-element-655e19a elementor-widget elementor-widget-image\" data-id=\"655e19a\" data-element_type=\"widget\" data-settings=\"{&quot;_animation&quot;:&quot;none&quot;}\" data-widget_type=\"image.default\">\n\t\t\t\t<div class=\"elementor-widget-container\">\n\t\t\t\t\t\t\t\t\t\t\t\t\t\t\t\t<a href=\"https:\/\/www.ldnspa.re\/?page_id=22886\">\n\t\t\t\t\t\t\t<img loading=\"lazy\" decoding=\"async\" width=\"297\" height=\"300\" src=\"https:\/\/www.ldnspa.re\/wp-content\/uploads\/2024\/03\/image2-1-e1728535851825-297x300.png\" class=\"attachment-medium size-medium wp-image-24517\" alt=\"\" \/>\t\t\t\t\t\t\t\t<\/a>\n\t\t\t\t\t\t\t\t\t\t\t\t\t\t\t<\/div>\n\t\t\t\t<\/div>\n\t\t\t\t<\/div>\n\t\t<div class=\"elementor-element elementor-element-9820f2c e-con-full e-flex e-con e-child\" data-id=\"9820f2c\" data-element_type=\"container\">\n\t\t\t\t<div class=\"elementor-element elementor-element-9bcd9e3 elementor-widget elementor-widget-image\" data-id=\"9bcd9e3\" data-element_type=\"widget\" data-widget_type=\"image.default\">\n\t\t\t\t<div class=\"elementor-widget-container\">\n\t\t\t\t\t\t\t\t\t\t\t\t\t\t\t\t<a href=\"https:\/\/www.ldnspa.re\/?page_id=23024\">\n\t\t\t\t\t\t\t<img loading=\"lazy\" decoding=\"async\" width=\"300\" height=\"300\" src=\"https:\/\/www.ldnspa.re\/wp-content\/uploads\/2023\/01\/balne\u2560uo-trio-300x300.png\" class=\"attachment-medium size-medium wp-image-23026\" alt=\"\" \/>\t\t\t\t\t\t\t\t<\/a>\n\t\t\t\t\t\t\t\t\t\t\t\t\t\t\t<\/div>\n\t\t\t\t<\/div>\n\t\t\t\t<\/div>\n\t\t\t\t<\/div>\n\t\t<div class=\"elementor-element elementor-element-94443c6 e-con-full e-flex e-con e-parent\" data-id=\"94443c6\" data-element_type=\"container\">\n\t\t<div class=\"elementor-element elementor-element-ba123b0 e-con-full e-flex e-con e-child\" data-id=\"ba123b0\" data-element_type=\"container\">\n\t\t\t\t<div class=\"elementor-element elementor-element-7ea1d59 elementor-widget elementor-widget-heading\" data-id=\"7ea1d59\" data-element_type=\"widget\" data-widget_type=\"heading.default\">\n\t\t\t\t<div class=\"elementor-widget-container\">\n\t\t\t\t\t<h2 class=\"elementor-heading-title elementor-size-default\"><a href=\"https:\/\/www.ldnspa.re\/index.php\/balneo-ilot\/\">\u00eelot<\/a><\/h2>\t\t\t\t<\/div>\n\t\t\t\t<\/div>\n\t\t\t\t<\/div>\n\t\t<div class=\"elementor-element elementor-element-6ad8c1a e-con-full e-flex e-con e-child\" data-id=\"6ad8c1a\" data-element_type=\"container\">\n\t\t\t\t<div class=\"elementor-element elementor-element-3a223a4 elementor-widget elementor-widget-heading\" data-id=\"3a223a4\" data-element_type=\"widget\" data-widget_type=\"heading.default\">\n\t\t\t\t<div class=\"elementor-widget-container\">\n\t\t\t\t\t<h2 class=\"elementor-heading-title elementor-size-default\"><a href=\"https:\/\/www.ldnspa.re\/index.php\/balneo-solo\/\">solo<\/a><\/h2>\t\t\t\t<\/div>\n\t\t\t\t<\/div>\n\t\t\t\t<\/div>\n\t\t<div class=\"elementor-element elementor-element-a251f1a e-con-full e-flex e-con e-child\" data-id=\"a251f1a\" data-element_type=\"container\">\n\t\t\t\t<div class=\"elementor-element elementor-element-ae4877d elementor-widget elementor-widget-heading\" data-id=\"ae4877d\" data-element_type=\"widget\" data-widget_type=\"heading.default\">\n\t\t\t\t<div class=\"elementor-widget-container\">\n\t\t\t\t\t<h2 class=\"elementor-heading-title elementor-size-default\"><a href=\"https:\/\/www.ldnspa.re\/index.php\/balneo-amoureux\/\">amoureux<\/a><\/h2>\t\t\t\t<\/div>\n\t\t\t\t<\/div>\n\t\t\t\t<\/div>\n\t\t<div class=\"elementor-element elementor-element-7da0205 e-con-full e-flex e-con e-child\" data-id=\"7da0205\" data-element_type=\"container\">\n\t\t\t\t<div class=\"elementor-element elementor-element-630ef52 elementor-widget elementor-widget-heading\" data-id=\"630ef52\" data-element_type=\"widget\" data-widget_type=\"heading.default\">\n\t\t\t\t<div class=\"elementor-widget-container\">\n\t\t\t\t\t<h2 class=\"elementor-heading-title elementor-size-default\"><a href=\"https:\/\/www.ldnspa.re\/index.php\/balneo-duo\/\">duo <\/a><\/h2>\t\t\t\t<\/div>\n\t\t\t\t<\/div>\n\t\t\t\t<\/div>\n\t\t<div class=\"elementor-element elementor-element-2156010 e-con-full e-flex e-con e-child\" data-id=\"2156010\" data-element_type=\"container\">\n\t\t\t\t<div class=\"elementor-element elementor-element-653a727 elementor-widget elementor-widget-heading\" data-id=\"653a727\" data-element_type=\"widget\" data-widget_type=\"heading.default\">\n\t\t\t\t<div class=\"elementor-widget-container\">\n\t\t\t\t\t<h2 class=\"elementor-heading-title elementor-size-default\"><a href=\"https:\/\/www.ldnspa.re\/index.php\/balneo-trio\/\">trio<\/a><\/h2>\t\t\t\t<\/div>\n\t\t\t\t<\/div>\n\t\t\t\t<\/div>\n\t\t\t\t<\/div>\n\t\t<div class=\"elementor-element elementor-element-8ece3b6 e-con-full e-flex e-con e-parent\" data-id=\"8ece3b6\" data-element_type=\"container\">\n\t\t<div class=\"elementor-element elementor-element-af2cc77 e-con-full e-flex e-con e-child\" data-id=\"af2cc77\" data-element_type=\"container\">\n\t\t<div class=\"elementor-element elementor-element-c59617a e-con-full e-flex e-con e-child\" data-id=\"c59617a\" data-element_type=\"container\">\n\t\t<div class=\"elementor-element elementor-element-d257362 e-con-full e-flex e-con e-child\" data-id=\"d257362\" data-element_type=\"container\">\n\t\t<div class=\"elementor-element elementor-element-e1dfd49 e-con-full e-flex e-con e-child\" data-id=\"e1dfd49\" data-element_type=\"container\" data-settings=\"{&quot;background_background&quot;:&quot;classic&quot;}\">\n\t\t\t\t<div class=\"elementor-element elementor-element-e42c63b elementor-widget elementor-widget-heading\" data-id=\"e42c63b\" data-element_type=\"widget\" data-widget_type=\"heading.default\">\n\t\t\t\t<div class=\"elementor-widget-container\">\n\t\t\t\t\t<h2 class=\"elementor-heading-title elementor-size-default\">\u00e0 decouvrir au showroom<\/h2>\t\t\t\t<\/div>\n\t\t\t\t<\/div>\n\t\t\t\t<\/div>\n\t\t\t\t<\/div>\n\t\t\t\t<\/div>\n\t\t\t\t<\/div>\n\t\t\t\t<\/div>\n\t\t<div class=\"elementor-element elementor-element-00a2fa7 e-con-full e-flex e-con e-parent\" data-id=\"00a2fa7\" data-element_type=\"container\">\n\t\t\t\t<div class=\"elementor-element elementor-element-54cde5a elementor-widget elementor-widget-google_maps\" data-id=\"54cde5a\" data-element_type=\"widget\" data-widget_type=\"google_maps.default\">\n\t\t\t\t<div class=\"elementor-widget-container\">\n\t\t\t\t\t\t\t<div class=\"elementor-custom-embed\">\n\t\t\t<iframe loading=\"lazy\"\n\t\t\t\t\tsrc=\"https:\/\/maps.google.com\/maps?q=ldn%20spa%20saint%20pierre&#038;t=m&#038;z=16&#038;output=embed&#038;iwloc=near\"\n\t\t\t\t\ttitle=\"ldn spa saint pierre\"\n\t\t\t\t\taria-label=\"ldn spa saint pierre\"\n\t\t\t><\/iframe>\n\t\t<\/div>\n\t\t\t\t\t\t<\/div>\n\t\t\t\t<\/div>\n\t\t\t\t<div class=\"elementor-element elementor-element-f3ecaf0 elementor-widget elementor-widget-wp-widget-custom_html\" data-id=\"f3ecaf0\" data-element_type=\"widget\" data-widget_type=\"wp-widget-custom_html.default\">\n\t\t\t\t<div class=\"elementor-widget-container\">\n\t\t\t\t\t<h5>LDNSPA<\/h5><div class=\"textwidget custom-html-widget\"> !function(){function e(){var e=((new Date).getTime(),document.createElement(\"script\"));e.type=\"text\/javascript\",e.async=!0,e.setAttribute(\"embed-id\",\"38565af3-843b-4ced-8603-db6293e254bc\"),e.src=\"https:\/\/outil.rgaa-accessibilite.com\/embed-scripts\/38565af3-843b-4ced-8603-db6293e254bc\",window.top.document.getElementsByTagName(\"body\")[0].appendChild(e)}var t=window;t.attachEvent?t.attachEvent(\"onload\",e):t.addEventListener(\"load\",e,!1)}();<\/div>\t\t\t\t<\/div>\n\t\t\t\t<\/div>\n\t\t\t\t<\/div>\n\t\t\t\t<\/div>\n\t\t","protected":false},"excerpt":{"rendered":"<p>baignoire baln\u00e9oth\u00e9rapie Gr\u00e2ce \u00e0 LDNSPA, le bien-\u00eatre s\u2019invite dans votre salle d\u2019eau et nul besoin de vous rendre dans un centre pour b\u00e9n\u00e9ficier des avantages de la baln\u00e9oth\u00e9rapie ! Prenez soin de vous dans nos baignoires de baln\u00e9oth\u00e9rapie adapt\u00e9es \u00e0 un usage domestique. Gr\u00e2ce au pouvoir de relaxation de l\u2019eau chaude agr\u00e9ment\u00e9e de jets hydromassants, [&hellip;]<\/p>\n","protected":false},"author":5,"featured_media":0,"parent":0,"menu_order":0,"comment_status":"closed","ping_status":"closed","template":"page-templates\/homepage.php","meta":{"footnotes":""},"class_list":["post-25522","page","type-page","status-publish","hentry"],"yoast_head":"<!-- This site is optimized with the Yoast SEO plugin v26.0 - https:\/\/yoast.com\/wordpress\/plugins\/seo\/ -->\n<title>Cat\u00e9gorie Baln\u00e9o. - LDN<\/title>\n<meta name=\"robots\" content=\"index, follow, max-snippet:-1, max-image-preview:large, max-video-preview:-1\" \/>\n<link rel=\"canonical\" href=\"https:\/\/www.ldnspa.re\/?page_id=25522\" \/>\n<meta property=\"og:locale\" content=\"fr_FR\" \/>\n<meta property=\"og:type\" content=\"article\" \/>\n<meta property=\"og:title\" content=\"Cat\u00e9gorie Baln\u00e9o. - LDN\" \/>\n<meta property=\"og:description\" content=\"baignoire baln\u00e9oth\u00e9rapie Gr\u00e2ce \u00e0 LDNSPA, le bien-\u00eatre s\u2019invite dans votre salle d\u2019eau et nul besoin de vous rendre dans un centre pour b\u00e9n\u00e9ficier des avantages de la baln\u00e9oth\u00e9rapie ! Prenez soin de vous dans nos baignoires de baln\u00e9oth\u00e9rapie adapt\u00e9es \u00e0 un usage domestique. Gr\u00e2ce au pouvoir de relaxation de l\u2019eau chaude agr\u00e9ment\u00e9e de jets hydromassants, [&hellip;]\" \/>\n<meta property=\"og:url\" content=\"https:\/\/www.ldnspa.re\/?page_id=25522\" \/>\n<meta property=\"og:site_name\" content=\"LDN\" \/>\n<meta property=\"article:modified_time\" content=\"2025-12-09T08:43:03+00:00\" \/>\n<meta property=\"og:image\" content=\"https:\/\/www.ldnspa.re\/wp-content\/uploads\/2025\/12\/Gemini_Generated_Image_yztaanyztaanyzta-1-1024x523.png\" \/>\n<meta name=\"twitter:card\" content=\"summary_large_image\" \/>\n<meta name=\"twitter:label1\" content=\"Dur\u00e9e de lecture estim\u00e9e\" \/>\n\t<meta name=\"twitter:data1\" content=\"3 minutes\" \/>\n<script type=\"application\/ld+json\" class=\"yoast-schema-graph\">{\"@context\":\"https:\/\/schema.org\",\"@graph\":[{\"@type\":\"WebPage\",\"@id\":\"https:\/\/www.ldnspa.re\/?page_id=25522\",\"url\":\"https:\/\/www.ldnspa.re\/?page_id=25522\",\"name\":\"Cat\u00e9gorie Baln\u00e9o. - LDN\",\"isPartOf\":{\"@id\":\"https:\/\/www.ldnspa.re\/#website\"},\"primaryImageOfPage\":{\"@id\":\"https:\/\/www.ldnspa.re\/?page_id=25522#primaryimage\"},\"image\":{\"@id\":\"https:\/\/www.ldnspa.re\/?page_id=25522#primaryimage\"},\"thumbnailUrl\":\"https:\/\/www.ldnspa.re\/wp-content\/uploads\/2025\/12\/Gemini_Generated_Image_yztaanyztaanyzta-1-1024x523.png\",\"datePublished\":\"2024-12-26T05:22:35+00:00\",\"dateModified\":\"2025-12-09T08:43:03+00:00\",\"breadcrumb\":{\"@id\":\"https:\/\/www.ldnspa.re\/?page_id=25522#breadcrumb\"},\"inLanguage\":\"fr-FR\",\"potentialAction\":[{\"@type\":\"ReadAction\",\"target\":[\"https:\/\/www.ldnspa.re\/?page_id=25522\"]}]},{\"@type\":\"ImageObject\",\"inLanguage\":\"fr-FR\",\"@id\":\"https:\/\/www.ldnspa.re\/?page_id=25522#primaryimage\",\"url\":\"https:\/\/www.ldnspa.re\/wp-content\/uploads\/2025\/12\/Gemini_Generated_Image_yztaanyztaanyzta-1.png\",\"contentUrl\":\"https:\/\/www.ldnspa.re\/wp-content\/uploads\/2025\/12\/Gemini_Generated_Image_yztaanyztaanyzta-1.png\",\"width\":1344,\"height\":687},{\"@type\":\"BreadcrumbList\",\"@id\":\"https:\/\/www.ldnspa.re\/?page_id=25522#breadcrumb\",\"itemListElement\":[{\"@type\":\"ListItem\",\"position\":1,\"name\":\"Accueil\",\"item\":\"https:\/\/www.ldnspa.re\/\"},{\"@type\":\"ListItem\",\"position\":2,\"name\":\"Cat\u00e9gorie Baln\u00e9o.\"}]},{\"@type\":\"WebSite\",\"@id\":\"https:\/\/www.ldnspa.re\/#website\",\"url\":\"https:\/\/www.ldnspa.re\/\",\"name\":\"LDN\",\"description\":\"Le bien-\u00eatre chez soi\",\"publisher\":{\"@id\":\"https:\/\/www.ldnspa.re\/#organization\"},\"potentialAction\":[{\"@type\":\"SearchAction\",\"target\":{\"@type\":\"EntryPoint\",\"urlTemplate\":\"https:\/\/www.ldnspa.re\/?s={search_term_string}\"},\"query-input\":{\"@type\":\"PropertyValueSpecification\",\"valueRequired\":true,\"valueName\":\"search_term_string\"}}],\"inLanguage\":\"fr-FR\"},{\"@type\":\"Organization\",\"@id\":\"https:\/\/www.ldnspa.re\/#organization\",\"name\":\"LDN\",\"url\":\"https:\/\/www.ldnspa.re\/\",\"logo\":{\"@type\":\"ImageObject\",\"inLanguage\":\"fr-FR\",\"@id\":\"https:\/\/www.ldnspa.re\/#\/schema\/logo\/image\/\",\"url\":\"https:\/\/i0.wp.com\/www.ldnspa.re\/wp-content\/uploads\/2023\/01\/logo_ldn_2.png?fit=551%2C170&ssl=1\",\"contentUrl\":\"https:\/\/i0.wp.com\/www.ldnspa.re\/wp-content\/uploads\/2023\/01\/logo_ldn_2.png?fit=551%2C170&ssl=1\",\"width\":551,\"height\":170,\"caption\":\"LDN\"},\"image\":{\"@id\":\"https:\/\/www.ldnspa.re\/#\/schema\/logo\/image\/\"}}]}<\/script>\n<!-- \/ Yoast SEO plugin. -->","yoast_head_json":{"title":"Cat\u00e9gorie Baln\u00e9o. - LDN","robots":{"index":"index","follow":"follow","max-snippet":"max-snippet:-1","max-image-preview":"max-image-preview:large","max-video-preview":"max-video-preview:-1"},"canonical":"https:\/\/www.ldnspa.re\/?page_id=25522","og_locale":"fr_FR","og_type":"article","og_title":"Cat\u00e9gorie Baln\u00e9o. - LDN","og_description":"baignoire baln\u00e9oth\u00e9rapie Gr\u00e2ce \u00e0 LDNSPA, le bien-\u00eatre s\u2019invite dans votre salle d\u2019eau et nul besoin de vous rendre dans un centre pour b\u00e9n\u00e9ficier des avantages de la baln\u00e9oth\u00e9rapie ! Prenez soin de vous dans nos baignoires de baln\u00e9oth\u00e9rapie adapt\u00e9es \u00e0 un usage domestique. Gr\u00e2ce au pouvoir de relaxation de l\u2019eau chaude agr\u00e9ment\u00e9e de jets hydromassants, [&hellip;]","og_url":"https:\/\/www.ldnspa.re\/?page_id=25522","og_site_name":"LDN","article_modified_time":"2025-12-09T08:43:03+00:00","og_image":[{"url":"https:\/\/www.ldnspa.re\/wp-content\/uploads\/2025\/12\/Gemini_Generated_Image_yztaanyztaanyzta-1-1024x523.png","type":"","width":"","height":""}],"twitter_card":"summary_large_image","twitter_misc":{"Dur\u00e9e de lecture estim\u00e9e":"3 minutes"},"schema":{"@context":"https:\/\/schema.org","@graph":[{"@type":"WebPage","@id":"https:\/\/www.ldnspa.re\/?page_id=25522","url":"https:\/\/www.ldnspa.re\/?page_id=25522","name":"Cat\u00e9gorie Baln\u00e9o. - LDN","isPartOf":{"@id":"https:\/\/www.ldnspa.re\/#website"},"primaryImageOfPage":{"@id":"https:\/\/www.ldnspa.re\/?page_id=25522#primaryimage"},"image":{"@id":"https:\/\/www.ldnspa.re\/?page_id=25522#primaryimage"},"thumbnailUrl":"https:\/\/www.ldnspa.re\/wp-content\/uploads\/2025\/12\/Gemini_Generated_Image_yztaanyztaanyzta-1-1024x523.png","datePublished":"2024-12-26T05:22:35+00:00","dateModified":"2025-12-09T08:43:03+00:00","breadcrumb":{"@id":"https:\/\/www.ldnspa.re\/?page_id=25522#breadcrumb"},"inLanguage":"fr-FR","potentialAction":[{"@type":"ReadAction","target":["https:\/\/www.ldnspa.re\/?page_id=25522"]}]},{"@type":"ImageObject","inLanguage":"fr-FR","@id":"https:\/\/www.ldnspa.re\/?page_id=25522#primaryimage","url":"https:\/\/www.ldnspa.re\/wp-content\/uploads\/2025\/12\/Gemini_Generated_Image_yztaanyztaanyzta-1.png","contentUrl":"https:\/\/www.ldnspa.re\/wp-content\/uploads\/2025\/12\/Gemini_Generated_Image_yztaanyztaanyzta-1.png","width":1344,"height":687},{"@type":"BreadcrumbList","@id":"https:\/\/www.ldnspa.re\/?page_id=25522#breadcrumb","itemListElement":[{"@type":"ListItem","position":1,"name":"Accueil","item":"https:\/\/www.ldnspa.re\/"},{"@type":"ListItem","position":2,"name":"Cat\u00e9gorie Baln\u00e9o."}]},{"@type":"WebSite","@id":"https:\/\/www.ldnspa.re\/#website","url":"https:\/\/www.ldnspa.re\/","name":"LDN","description":"Le bien-\u00eatre chez soi","publisher":{"@id":"https:\/\/www.ldnspa.re\/#organization"},"potentialAction":[{"@type":"SearchAction","target":{"@type":"EntryPoint","urlTemplate":"https:\/\/www.ldnspa.re\/?s={search_term_string}"},"query-input":{"@type":"PropertyValueSpecification","valueRequired":true,"valueName":"search_term_string"}}],"inLanguage":"fr-FR"},{"@type":"Organization","@id":"https:\/\/www.ldnspa.re\/#organization","name":"LDN","url":"https:\/\/www.ldnspa.re\/","logo":{"@type":"ImageObject","inLanguage":"fr-FR","@id":"https:\/\/www.ldnspa.re\/#\/schema\/logo\/image\/","url":"https:\/\/i0.wp.com\/www.ldnspa.re\/wp-content\/uploads\/2023\/01\/logo_ldn_2.png?fit=551%2C170&ssl=1","contentUrl":"https:\/\/i0.wp.com\/www.ldnspa.re\/wp-content\/uploads\/2023\/01\/logo_ldn_2.png?fit=551%2C170&ssl=1","width":551,"height":170,"caption":"LDN"},"image":{"@id":"https:\/\/www.ldnspa.re\/#\/schema\/logo\/image\/"}}]}},"_links":{"self":[{"href":"https:\/\/www.ldnspa.re\/index.php?rest_route=\/wp\/v2\/pages\/25522","targetHints":{"allow":["GET"]}}],"collection":[{"href":"https:\/\/www.ldnspa.re\/index.php?rest_route=\/wp\/v2\/pages"}],"about":[{"href":"https:\/\/www.ldnspa.re\/index.php?rest_route=\/wp\/v2\/types\/page"}],"author":[{"embeddable":true,"href":"https:\/\/www.ldnspa.re\/index.php?rest_route=\/wp\/v2\/users\/5"}],"replies":[{"embeddable":true,"href":"https:\/\/www.ldnspa.re\/index.php?rest_route=%2Fwp%2Fv2%2Fcomments&post=25522"}],"version-history":[{"count":22,"href":"https:\/\/www.ldnspa.re\/index.php?rest_route=\/wp\/v2\/pages\/25522\/revisions"}],"predecessor-version":[{"id":27596,"href":"https:\/\/www.ldnspa.re\/index.php?rest_route=\/wp\/v2\/pages\/25522\/revisions\/27596"}],"wp:attachment":[{"href":"https:\/\/www.ldnspa.re\/index.php?rest_route=%2Fwp%2Fv2%2Fmedia&parent=25522"}],"curies":[{"name":"wp","href":"https:\/\/api.w.org\/{rel}","templated":true}]}}