{"id":25246,"date":"2024-10-11T13:34:12","date_gmt":"2024-10-11T11:34:12","guid":{"rendered":"https:\/\/www.ldnspa.re\/?page_id=25246"},"modified":"2025-12-08T13:45:00","modified_gmt":"2025-12-08T12:45:00","slug":"elementor-25246","status":"publish","type":"page","link":"https:\/\/www.ldnspa.re\/?page_id=25246","title":{"rendered":"Colonne de douche int\u00e9rieur"},"content":{"rendered":"\t\t<div data-elementor-type=\"wp-page\" data-elementor-id=\"25246\" class=\"elementor elementor-25246\" data-elementor-post-type=\"page\">\n\t\t\t\t<div class=\"elementor-element elementor-element-22ba63e e-flex e-con-boxed e-con e-parent\" data-id=\"22ba63e\" data-element_type=\"container\" data-settings=\"{&quot;background_background&quot;:&quot;classic&quot;}\">\n\t\t\t\t\t<div class=\"e-con-inner\">\n\t\t<div class=\"elementor-element elementor-element-5239c05 e-con-full e-flex elementor-invisible e-con e-child\" data-id=\"5239c05\" data-element_type=\"container\" data-settings=\"{&quot;background_background&quot;:&quot;classic&quot;,&quot;animation&quot;:&quot;fadeInLeft&quot;}\">\n\t\t\t\t<\/div>\n\t\t<div class=\"elementor-element elementor-element-61e4a82 e-con-full e-flex elementor-invisible e-con e-child\" data-id=\"61e4a82\" data-element_type=\"container\" data-settings=\"{&quot;animation&quot;:&quot;fadeInRight&quot;}\">\n\t\t\t\t<div class=\"elementor-element elementor-element-36f4720 elementor-widget__width-initial elementor-widget-mobile__width-initial elementor-widget elementor-widget-heading\" data-id=\"36f4720\" data-element_type=\"widget\" data-widget_type=\"heading.default\">\n\t\t\t\t<div class=\"elementor-widget-container\">\n\t\t\t\t\t<h2 class=\"elementor-heading-title elementor-size-default\">Colonnes de douche int\u00e9rieures<\/h2>\t\t\t\t<\/div>\n\t\t\t\t<\/div>\n\t\t\t\t<div class=\"elementor-element elementor-element-2b0664f elementor-widget-divider--view-line elementor-widget elementor-widget-divider\" data-id=\"2b0664f\" data-element_type=\"widget\" data-widget_type=\"divider.default\">\n\t\t\t\t<div class=\"elementor-widget-container\">\n\t\t\t\t\t\t\t<div class=\"elementor-divider\">\n\t\t\t<span class=\"elementor-divider-separator\">\n\t\t\t\t\t\t<\/span>\n\t\t<\/div>\n\t\t\t\t\t\t<\/div>\n\t\t\t\t<\/div>\n\t\t\t\t<div class=\"elementor-element elementor-element-0f99022 elementor-widget__width-initial elementor-widget elementor-widget-text-editor\" data-id=\"0f99022\" data-element_type=\"widget\" data-widget_type=\"text-editor.default\">\n\t\t\t\t<div class=\"elementor-widget-container\">\n\t\t\t\t\t\t\t\t\t<p>R\u00e9novez votre salle de bain avec \u00e9l\u00e9gance gr\u00e2ce \u00e0 notre large choix de colonnes de douche. Qualit\u00e9 &amp; design sont au rendez-vous. Elles sont \u00e9quip\u00e9es. Profitez des jets massants, d\u2019une cascade ou m\u00eame d\u2019un ciel de pluie.<\/p>\t\t\t\t\t\t\t\t<\/div>\n\t\t\t\t<\/div>\n\t\t\t\t<div class=\"elementor-element elementor-element-e26b7f8 elementor-mobile-align-center elementor-widget elementor-widget-button\" data-id=\"e26b7f8\" data-element_type=\"widget\" data-widget_type=\"button.default\">\n\t\t\t\t<div class=\"elementor-widget-container\">\n\t\t\t\t\t\t\t\t\t<div class=\"elementor-button-wrapper\">\n\t\t\t\t\t<a class=\"elementor-button elementor-button-link elementor-size-sm\" href=\"https:\/\/www.ldnspa.re\/?page_id=15115\">\n\t\t\t\t\t\t<span class=\"elementor-button-content-wrapper\">\n\t\t\t\t\t\t\t\t\t<span class=\"elementor-button-text\">Contactez-nous<\/span>\n\t\t\t\t\t<\/span>\n\t\t\t\t\t<\/a>\n\t\t\t\t<\/div>\n\t\t\t\t\t\t\t\t<\/div>\n\t\t\t\t<\/div>\n\t\t\t\t<\/div>\n\t\t\t\t\t<\/div>\n\t\t\t\t<\/div>\n\t\t<div class=\"elementor-element elementor-element-b35e430 e-con-full e-flex e-con e-parent\" data-id=\"b35e430\" data-element_type=\"container\" data-settings=\"{&quot;background_background&quot;:&quot;classic&quot;}\">\n\t\t<div class=\"elementor-element elementor-element-c8c8308 e-con-full e-flex e-con e-child\" data-id=\"c8c8308\" data-element_type=\"container\" data-settings=\"{&quot;background_background&quot;:&quot;classic&quot;}\">\n\t\t\t\t<div class=\"elementor-element elementor-element-93c0743 elementor-widget elementor-widget-heading\" data-id=\"93c0743\" data-element_type=\"widget\" data-widget_type=\"heading.default\">\n\t\t\t\t<div class=\"elementor-widget-container\">\n\t\t\t\t\t<h2 class=\"elementor-heading-title elementor-size-default\">Nos mod\u00e8les<\/h2>\t\t\t\t<\/div>\n\t\t\t\t<\/div>\n\t\t\t\t<\/div>\n\t\t\t\t<\/div>\n\t\t<div class=\"elementor-element elementor-element-ffcaca5 e-con-full e-flex e-con e-parent\" data-id=\"ffcaca5\" data-element_type=\"container\" data-settings=\"{&quot;background_background&quot;:&quot;classic&quot;}\">\n\t\t<div class=\"elementor-element elementor-element-a680cef e-con-full e-flex e-con e-child\" data-id=\"a680cef\" data-element_type=\"container\">\n\t\t\t\t<div class=\"elementor-element elementor-element-3680d03 elementor-widget elementor-widget-image\" data-id=\"3680d03\" data-element_type=\"widget\" data-widget_type=\"image.default\">\n\t\t\t\t<div class=\"elementor-widget-container\">\n\t\t\t\t\t\t\t\t\t\t\t\t<figure class=\"wp-caption\">\n\t\t\t\t\t\t\t\t\t\t<img decoding=\"async\" src=\"https:\/\/www.ldnspa.re\/wp-content\/uploads\/elementor\/thumbs\/Illustration_sans_titre-1-qu33jxldvbaqmtp6j6hxwmkic1a1q9nzanhjjr86ww.png\" title=\"Illustration_sans_titre-1\" alt=\"Y-032\" class=\"elementor-animation-grow\" loading=\"lazy\" \/>\t\t\t\t\t\t\t\t\t\t\t<figcaption class=\"widget-image-caption wp-caption-text\">Y-032<\/figcaption>\n\t\t\t\t\t\t\t\t\t\t<\/figure>\n\t\t\t\t\t\t\t\t\t<\/div>\n\t\t\t\t<\/div>\n\t\t\t\t<\/div>\n\t\t<div class=\"elementor-element elementor-element-11434c0 e-con-full e-flex e-con e-child\" data-id=\"11434c0\" data-element_type=\"container\">\n\t\t\t\t<div class=\"elementor-element elementor-element-fb182f5 elementor-widget elementor-widget-image\" data-id=\"fb182f5\" data-element_type=\"widget\" data-widget_type=\"image.default\">\n\t\t\t\t<div class=\"elementor-widget-container\">\n\t\t\t\t\t\t\t\t\t\t\t\t<figure class=\"wp-caption\">\n\t\t\t\t\t\t\t\t\t\t<img decoding=\"async\" src=\"https:\/\/www.ldnspa.re\/wp-content\/uploads\/elementor\/thumbs\/Illustration_sans_titre-22-e1765197481810-rfus9vq3qeglixv1gwzlovqfegj3shbfar83l52ark.png\" title=\"Illustration_sans_titre-2(2)\" alt=\"Y-014\" class=\"elementor-animation-grow\" loading=\"lazy\" \/>\t\t\t\t\t\t\t\t\t\t\t<figcaption class=\"widget-image-caption wp-caption-text\">Y-014<\/figcaption>\n\t\t\t\t\t\t\t\t\t\t<\/figure>\n\t\t\t\t\t\t\t\t\t<\/div>\n\t\t\t\t<\/div>\n\t\t\t\t<\/div>\n\t\t<div class=\"elementor-element elementor-element-e0969c3 e-con-full e-flex e-con e-child\" data-id=\"e0969c3\" data-element_type=\"container\">\n\t\t\t\t<div class=\"elementor-element elementor-element-83ccdbb elementor-widget elementor-widget-image\" data-id=\"83ccdbb\" data-element_type=\"widget\" data-widget_type=\"image.default\">\n\t\t\t\t<div class=\"elementor-widget-container\">\n\t\t\t\t\t\t\t\t\t\t\t\t<figure class=\"wp-caption\">\n\t\t\t\t\t\t\t\t\t\t<img decoding=\"async\" src=\"https:\/\/www.ldnspa.re\/wp-content\/uploads\/elementor\/thumbs\/Illustration_sans_titre-41-qu339fq9jwxgzky1tn5x29x7j50hrxzvup8cmisge8.png\" title=\"Illustration_sans_titre-4(1)\" alt=\"D-078\" class=\"elementor-animation-grow\" loading=\"lazy\" \/>\t\t\t\t\t\t\t\t\t\t\t<figcaption class=\"widget-image-caption wp-caption-text\">D-078<\/figcaption>\n\t\t\t\t\t\t\t\t\t\t<\/figure>\n\t\t\t\t\t\t\t\t\t<\/div>\n\t\t\t\t<\/div>\n\t\t\t\t<\/div>\n\t\t<div class=\"elementor-element elementor-element-7af267c e-con-full e-flex e-con e-child\" data-id=\"7af267c\" data-element_type=\"container\">\n\t\t\t\t<div class=\"elementor-element elementor-element-39c47aa elementor-widget elementor-widget-image\" data-id=\"39c47aa\" data-element_type=\"widget\" data-widget_type=\"image.default\">\n\t\t\t\t<div class=\"elementor-widget-container\">\n\t\t\t\t\t\t\t\t\t\t\t\t<figure class=\"wp-caption\">\n\t\t\t\t\t\t\t\t\t\t<img decoding=\"async\" src=\"https:\/\/www.ldnspa.re\/wp-content\/uploads\/elementor\/thumbs\/Y001-1-scaled-qu311tscq1y7oikzoqcfdv4sbbecusyako4wduttds-rfusknxg4z80pw75i2sisnrsqldp3h4kg4nmsf2pds.png\" title=\"Y001-1-scaled-qu311tscq1y7oikzoqcfdv4sbbecusyako4wduttds\" alt=\"Y001-1-scaled-qu311tscq1y7oikzoqcfdv4sbbecusyako4wduttds\" class=\"elementor-animation-grow\" loading=\"lazy\" \/>\t\t\t\t\t\t\t\t\t\t\t<figcaption class=\"widget-image-caption wp-caption-text\"><\/figcaption>\n\t\t\t\t\t\t\t\t\t\t<\/figure>\n\t\t\t\t\t\t\t\t\t<\/div>\n\t\t\t\t<\/div>\n\t\t\t\t<\/div>\n\t\t<div class=\"elementor-element elementor-element-4e54bce e-con-full e-flex e-con e-child\" data-id=\"4e54bce\" data-element_type=\"container\">\n\t\t\t\t<div class=\"elementor-element elementor-element-b0add29 elementor-widget elementor-widget-image\" data-id=\"b0add29\" data-element_type=\"widget\" data-widget_type=\"image.default\">\n\t\t\t\t<div class=\"elementor-widget-container\">\n\t\t\t\t\t\t\t\t\t\t\t\t<figure class=\"wp-caption\">\n\t\t\t\t\t\t\t\t\t\t<img decoding=\"async\" src=\"https:\/\/www.ldnspa.re\/wp-content\/uploads\/elementor\/thumbs\/Illustration_sans_titre-31-e1726313431995-qu3ehxlylanl6le3uhm827a6cfau6vtjgrujd71erk.png\" title=\"y-001\" alt=\"Y-001\" class=\"elementor-animation-grow\" loading=\"lazy\" \/>\t\t\t\t\t\t\t\t\t\t\t<figcaption class=\"widget-image-caption wp-caption-text\">Y-001<\/figcaption>\n\t\t\t\t\t\t\t\t\t\t<\/figure>\n\t\t\t\t\t\t\t\t\t<\/div>\n\t\t\t\t<\/div>\n\t\t\t\t<\/div>\n\t\t\t\t<\/div>\n\t\t<div class=\"elementor-element elementor-element-aa80907 e-flex e-con-boxed e-con e-parent\" data-id=\"aa80907\" data-element_type=\"container\" data-settings=\"{&quot;background_background&quot;:&quot;classic&quot;}\">\n\t\t\t\t\t<div class=\"e-con-inner\">\n\t\t<div class=\"elementor-element elementor-element-365acfa e-con-full e-flex e-con e-child\" data-id=\"365acfa\" data-element_type=\"container\">\n\t\t\t\t<div class=\"elementor-element elementor-element-333b789 elementor-align-center elementor-widget elementor-widget-button\" data-id=\"333b789\" data-element_type=\"widget\" data-widget_type=\"button.default\">\n\t\t\t\t<div class=\"elementor-widget-container\">\n\t\t\t\t\t\t\t\t\t<div class=\"elementor-button-wrapper\">\n\t\t\t\t\t<a class=\"elementor-button elementor-button-link elementor-size-sm elementor-animation-bounce-in\" href=\"https:\/\/www.ldnspa.re\/?page_id=23379\">\n\t\t\t\t\t\t<span class=\"elementor-button-content-wrapper\">\n\t\t\t\t\t\t<span class=\"elementor-button-icon\">\n\t\t\t\t<i aria-hidden=\"true\" class=\"far fa-newspaper\"><\/i>\t\t\t<\/span>\n\t\t\t\t\t\t\t\t\t<span class=\"elementor-button-text\">Demandez un devis <\/span>\n\t\t\t\t\t<\/span>\n\t\t\t\t\t<\/a>\n\t\t\t\t<\/div>\n\t\t\t\t\t\t\t\t<\/div>\n\t\t\t\t<\/div>\n\t\t\t\t<\/div>\n\t\t\t\t\t<\/div>\n\t\t\t\t<\/div>\n\t\t\t\t<\/div>\n\t\t","protected":false},"excerpt":{"rendered":"<p>Colonnes de douche int\u00e9rieures R\u00e9novez votre salle de bain avec \u00e9l\u00e9gance gr\u00e2ce \u00e0 notre large choix de colonnes de douche. Qualit\u00e9 &amp; design sont au rendez-vous. Elles sont \u00e9quip\u00e9es. Profitez des jets massants, d\u2019une cascade ou m\u00eame d\u2019un ciel de pluie. Contactez-nous Nos mod\u00e8les Y-032 Y-014 D-078 Y-001 Demandez un devis<\/p>\n","protected":false},"author":5,"featured_media":0,"parent":0,"menu_order":0,"comment_status":"closed","ping_status":"closed","template":"page-templates\/homepage.php","meta":{"footnotes":""},"class_list":["post-25246","page","type-page","status-publish","hentry"],"yoast_head":"<!-- This site is optimized with the Yoast SEO plugin v26.0 - https:\/\/yoast.com\/wordpress\/plugins\/seo\/ -->\n<title>Colonne de douche int\u00e9rieur - LDN<\/title>\n<meta name=\"robots\" content=\"index, follow, max-snippet:-1, max-image-preview:large, max-video-preview:-1\" \/>\n<link rel=\"canonical\" href=\"https:\/\/www.ldnspa.re\/?page_id=25246\" \/>\n<meta property=\"og:locale\" content=\"fr_FR\" \/>\n<meta property=\"og:type\" content=\"article\" \/>\n<meta property=\"og:title\" content=\"Colonne de douche int\u00e9rieur - LDN\" \/>\n<meta property=\"og:description\" content=\"Colonnes de douche int\u00e9rieures R\u00e9novez votre salle de bain avec \u00e9l\u00e9gance gr\u00e2ce \u00e0 notre large choix de colonnes de douche. Qualit\u00e9 &amp; design sont au rendez-vous. Elles sont \u00e9quip\u00e9es. Profitez des jets massants, d\u2019une cascade ou m\u00eame d\u2019un ciel de pluie. Contactez-nous Nos mod\u00e8les Y-032 Y-014 D-078 Y-001 Demandez un devis\" \/>\n<meta property=\"og:url\" content=\"https:\/\/www.ldnspa.re\/?page_id=25246\" \/>\n<meta property=\"og:site_name\" content=\"LDN\" \/>\n<meta property=\"article:modified_time\" content=\"2025-12-08T12:45:00+00:00\" \/>\n<meta property=\"og:image\" content=\"https:\/\/www.ldnspa.re\/wp-content\/uploads\/elementor\/thumbs\/Illustration_sans_titre-1-qu33jxldvbaqmtp6j6hxwmkic1a1q9nzanhjjr86ww.png\" \/>\n<meta name=\"twitter:card\" content=\"summary_large_image\" \/>\n<meta name=\"twitter:label1\" content=\"Dur\u00e9e de lecture estim\u00e9e\" \/>\n\t<meta name=\"twitter:data1\" content=\"2 minutes\" \/>\n<script type=\"application\/ld+json\" class=\"yoast-schema-graph\">{\"@context\":\"https:\/\/schema.org\",\"@graph\":[{\"@type\":\"WebPage\",\"@id\":\"https:\/\/www.ldnspa.re\/?page_id=25246\",\"url\":\"https:\/\/www.ldnspa.re\/?page_id=25246\",\"name\":\"Colonne de douche int\u00e9rieur - LDN\",\"isPartOf\":{\"@id\":\"https:\/\/www.ldnspa.re\/#website\"},\"primaryImageOfPage\":{\"@id\":\"https:\/\/www.ldnspa.re\/?page_id=25246#primaryimage\"},\"image\":{\"@id\":\"https:\/\/www.ldnspa.re\/?page_id=25246#primaryimage\"},\"thumbnailUrl\":\"https:\/\/www.ldnspa.re\/wp-content\/uploads\/elementor\/thumbs\/Illustration_sans_titre-1-qu33jxldvbaqmtp6j6hxwmkic1a1q9nzanhjjr86ww.png\",\"datePublished\":\"2024-10-11T11:34:12+00:00\",\"dateModified\":\"2025-12-08T12:45:00+00:00\",\"breadcrumb\":{\"@id\":\"https:\/\/www.ldnspa.re\/?page_id=25246#breadcrumb\"},\"inLanguage\":\"fr-FR\",\"potentialAction\":[{\"@type\":\"ReadAction\",\"target\":[\"https:\/\/www.ldnspa.re\/?page_id=25246\"]}]},{\"@type\":\"ImageObject\",\"inLanguage\":\"fr-FR\",\"@id\":\"https:\/\/www.ldnspa.re\/?page_id=25246#primaryimage\",\"url\":\"https:\/\/www.ldnspa.re\/wp-content\/uploads\/elementor\/thumbs\/Illustration_sans_titre-1-qu33jxldvbaqmtp6j6hxwmkic1a1q9nzanhjjr86ww.png\",\"contentUrl\":\"https:\/\/www.ldnspa.re\/wp-content\/uploads\/elementor\/thumbs\/Illustration_sans_titre-1-qu33jxldvbaqmtp6j6hxwmkic1a1q9nzanhjjr86ww.png\"},{\"@type\":\"BreadcrumbList\",\"@id\":\"https:\/\/www.ldnspa.re\/?page_id=25246#breadcrumb\",\"itemListElement\":[{\"@type\":\"ListItem\",\"position\":1,\"name\":\"Accueil\",\"item\":\"https:\/\/www.ldnspa.re\/\"},{\"@type\":\"ListItem\",\"position\":2,\"name\":\"Colonne de douche int\u00e9rieur\"}]},{\"@type\":\"WebSite\",\"@id\":\"https:\/\/www.ldnspa.re\/#website\",\"url\":\"https:\/\/www.ldnspa.re\/\",\"name\":\"LDN\",\"description\":\"Le bien-\u00eatre chez soi\",\"publisher\":{\"@id\":\"https:\/\/www.ldnspa.re\/#organization\"},\"potentialAction\":[{\"@type\":\"SearchAction\",\"target\":{\"@type\":\"EntryPoint\",\"urlTemplate\":\"https:\/\/www.ldnspa.re\/?s={search_term_string}\"},\"query-input\":{\"@type\":\"PropertyValueSpecification\",\"valueRequired\":true,\"valueName\":\"search_term_string\"}}],\"inLanguage\":\"fr-FR\"},{\"@type\":\"Organization\",\"@id\":\"https:\/\/www.ldnspa.re\/#organization\",\"name\":\"LDN\",\"url\":\"https:\/\/www.ldnspa.re\/\",\"logo\":{\"@type\":\"ImageObject\",\"inLanguage\":\"fr-FR\",\"@id\":\"https:\/\/www.ldnspa.re\/#\/schema\/logo\/image\/\",\"url\":\"https:\/\/i0.wp.com\/www.ldnspa.re\/wp-content\/uploads\/2023\/01\/logo_ldn_2.png?fit=551%2C170&ssl=1\",\"contentUrl\":\"https:\/\/i0.wp.com\/www.ldnspa.re\/wp-content\/uploads\/2023\/01\/logo_ldn_2.png?fit=551%2C170&ssl=1\",\"width\":551,\"height\":170,\"caption\":\"LDN\"},\"image\":{\"@id\":\"https:\/\/www.ldnspa.re\/#\/schema\/logo\/image\/\"}}]}<\/script>\n<!-- \/ Yoast SEO plugin. -->","yoast_head_json":{"title":"Colonne de douche int\u00e9rieur - LDN","robots":{"index":"index","follow":"follow","max-snippet":"max-snippet:-1","max-image-preview":"max-image-preview:large","max-video-preview":"max-video-preview:-1"},"canonical":"https:\/\/www.ldnspa.re\/?page_id=25246","og_locale":"fr_FR","og_type":"article","og_title":"Colonne de douche int\u00e9rieur - LDN","og_description":"Colonnes de douche int\u00e9rieures R\u00e9novez votre salle de bain avec \u00e9l\u00e9gance gr\u00e2ce \u00e0 notre large choix de colonnes de douche. Qualit\u00e9 &amp; design sont au rendez-vous. Elles sont \u00e9quip\u00e9es. Profitez des jets massants, d\u2019une cascade ou m\u00eame d\u2019un ciel de pluie. Contactez-nous Nos mod\u00e8les Y-032 Y-014 D-078 Y-001 Demandez un devis","og_url":"https:\/\/www.ldnspa.re\/?page_id=25246","og_site_name":"LDN","article_modified_time":"2025-12-08T12:45:00+00:00","og_image":[{"url":"https:\/\/www.ldnspa.re\/wp-content\/uploads\/elementor\/thumbs\/Illustration_sans_titre-1-qu33jxldvbaqmtp6j6hxwmkic1a1q9nzanhjjr86ww.png","type":"","width":"","height":""}],"twitter_card":"summary_large_image","twitter_misc":{"Dur\u00e9e de lecture estim\u00e9e":"2 minutes"},"schema":{"@context":"https:\/\/schema.org","@graph":[{"@type":"WebPage","@id":"https:\/\/www.ldnspa.re\/?page_id=25246","url":"https:\/\/www.ldnspa.re\/?page_id=25246","name":"Colonne de douche int\u00e9rieur - LDN","isPartOf":{"@id":"https:\/\/www.ldnspa.re\/#website"},"primaryImageOfPage":{"@id":"https:\/\/www.ldnspa.re\/?page_id=25246#primaryimage"},"image":{"@id":"https:\/\/www.ldnspa.re\/?page_id=25246#primaryimage"},"thumbnailUrl":"https:\/\/www.ldnspa.re\/wp-content\/uploads\/elementor\/thumbs\/Illustration_sans_titre-1-qu33jxldvbaqmtp6j6hxwmkic1a1q9nzanhjjr86ww.png","datePublished":"2024-10-11T11:34:12+00:00","dateModified":"2025-12-08T12:45:00+00:00","breadcrumb":{"@id":"https:\/\/www.ldnspa.re\/?page_id=25246#breadcrumb"},"inLanguage":"fr-FR","potentialAction":[{"@type":"ReadAction","target":["https:\/\/www.ldnspa.re\/?page_id=25246"]}]},{"@type":"ImageObject","inLanguage":"fr-FR","@id":"https:\/\/www.ldnspa.re\/?page_id=25246#primaryimage","url":"https:\/\/www.ldnspa.re\/wp-content\/uploads\/elementor\/thumbs\/Illustration_sans_titre-1-qu33jxldvbaqmtp6j6hxwmkic1a1q9nzanhjjr86ww.png","contentUrl":"https:\/\/www.ldnspa.re\/wp-content\/uploads\/elementor\/thumbs\/Illustration_sans_titre-1-qu33jxldvbaqmtp6j6hxwmkic1a1q9nzanhjjr86ww.png"},{"@type":"BreadcrumbList","@id":"https:\/\/www.ldnspa.re\/?page_id=25246#breadcrumb","itemListElement":[{"@type":"ListItem","position":1,"name":"Accueil","item":"https:\/\/www.ldnspa.re\/"},{"@type":"ListItem","position":2,"name":"Colonne de douche int\u00e9rieur"}]},{"@type":"WebSite","@id":"https:\/\/www.ldnspa.re\/#website","url":"https:\/\/www.ldnspa.re\/","name":"LDN","description":"Le bien-\u00eatre chez soi","publisher":{"@id":"https:\/\/www.ldnspa.re\/#organization"},"potentialAction":[{"@type":"SearchAction","target":{"@type":"EntryPoint","urlTemplate":"https:\/\/www.ldnspa.re\/?s={search_term_string}"},"query-input":{"@type":"PropertyValueSpecification","valueRequired":true,"valueName":"search_term_string"}}],"inLanguage":"fr-FR"},{"@type":"Organization","@id":"https:\/\/www.ldnspa.re\/#organization","name":"LDN","url":"https:\/\/www.ldnspa.re\/","logo":{"@type":"ImageObject","inLanguage":"fr-FR","@id":"https:\/\/www.ldnspa.re\/#\/schema\/logo\/image\/","url":"https:\/\/i0.wp.com\/www.ldnspa.re\/wp-content\/uploads\/2023\/01\/logo_ldn_2.png?fit=551%2C170&ssl=1","contentUrl":"https:\/\/i0.wp.com\/www.ldnspa.re\/wp-content\/uploads\/2023\/01\/logo_ldn_2.png?fit=551%2C170&ssl=1","width":551,"height":170,"caption":"LDN"},"image":{"@id":"https:\/\/www.ldnspa.re\/#\/schema\/logo\/image\/"}}]}},"_links":{"self":[{"href":"https:\/\/www.ldnspa.re\/index.php?rest_route=\/wp\/v2\/pages\/25246","targetHints":{"allow":["GET"]}}],"collection":[{"href":"https:\/\/www.ldnspa.re\/index.php?rest_route=\/wp\/v2\/pages"}],"about":[{"href":"https:\/\/www.ldnspa.re\/index.php?rest_route=\/wp\/v2\/types\/page"}],"author":[{"embeddable":true,"href":"https:\/\/www.ldnspa.re\/index.php?rest_route=\/wp\/v2\/users\/5"}],"replies":[{"embeddable":true,"href":"https:\/\/www.ldnspa.re\/index.php?rest_route=%2Fwp%2Fv2%2Fcomments&post=25246"}],"version-history":[{"count":85,"href":"https:\/\/www.ldnspa.re\/index.php?rest_route=\/wp\/v2\/pages\/25246\/revisions"}],"predecessor-version":[{"id":27487,"href":"https:\/\/www.ldnspa.re\/index.php?rest_route=\/wp\/v2\/pages\/25246\/revisions\/27487"}],"wp:attachment":[{"href":"https:\/\/www.ldnspa.re\/index.php?rest_route=%2Fwp%2Fv2%2Fmedia&parent=25246"}],"curies":[{"name":"wp","href":"https:\/\/api.w.org\/{rel}","templated":true}]}}