{"id":25225,"date":"2024-09-06T09:19:52","date_gmt":"2024-09-06T07:19:52","guid":{"rendered":"https:\/\/www.ldnspa.re\/?page_id=25225"},"modified":"2024-09-06T09:24:33","modified_gmt":"2024-09-06T07:24:33","slug":"sav","status":"publish","type":"page","link":"https:\/\/www.ldnspa.re\/?page_id=25225","title":{"rendered":"SAV"},"content":{"rendered":"\t\t<div data-elementor-type=\"wp-page\" data-elementor-id=\"25225\" class=\"elementor elementor-25225\" data-elementor-post-type=\"page\">\n\t\t\t\t<div class=\"elementor-element elementor-element-c3314db e-flex e-con-boxed e-con e-parent\" data-id=\"c3314db\" data-element_type=\"container\" data-settings=\"{&quot;background_background&quot;:&quot;classic&quot;}\">\n\t\t\t\t\t<div class=\"e-con-inner\">\n\t\t\t\t<div class=\"elementor-element elementor-element-3d38d33 elementor-widget elementor-widget-heading\" data-id=\"3d38d33\" data-element_type=\"widget\" data-widget_type=\"heading.default\">\n\t\t\t\t<div class=\"elementor-widget-container\">\n\t\t\t\t\t<h2 class=\"elementor-heading-title elementor-size-default\">SAV<\/h2>\t\t\t\t<\/div>\n\t\t\t\t<\/div>\n\t\t\t\t\t<\/div>\n\t\t\t\t<\/div>\n\t\t<div class=\"elementor-element elementor-element-a69536c e-con-full e-flex e-con e-parent\" data-id=\"a69536c\" data-element_type=\"container\" data-settings=\"{&quot;background_background&quot;:&quot;classic&quot;}\">\n\t\t<div class=\"elementor-element elementor-element-7d2d452 e-con-full e-flex e-con e-child\" data-id=\"7d2d452\" data-element_type=\"container\">\n\t\t\t\t<div class=\"elementor-element elementor-element-9724aff elementor-widget elementor-widget-image\" data-id=\"9724aff\" data-element_type=\"widget\" data-widget_type=\"image.default\">\n\t\t\t\t<div class=\"elementor-widget-container\">\n\t\t\t\t\t\t\t\t\t\t\t\t\t\t\t<img fetchpriority=\"high\" decoding=\"async\" width=\"750\" height=\"1024\" src=\"https:\/\/www.ldnspa.re\/wp-content\/uploads\/2024\/09\/Illustration_sans_titre-11.png\" class=\"attachment-large size-large wp-image-25231\" alt=\"\" \/>\t\t\t\t\t\t\t\t\t\t\t\t\t\t\t<\/div>\n\t\t\t\t<\/div>\n\t\t\t\t<\/div>\n\t\t<div class=\"elementor-element elementor-element-771a5e1 e-con-full e-flex e-con e-child\" data-id=\"771a5e1\" data-element_type=\"container\">\n\t\t\t\t<div class=\"elementor-element elementor-element-96cfd63 elementor-widget elementor-widget-text-editor\" data-id=\"96cfd63\" data-element_type=\"widget\" data-widget_type=\"text-editor.default\">\n\t\t\t\t<div class=\"elementor-widget-container\">\n\t\t\t\t\t\t\t\t\t<p>Nous vous assurons un service apr\u00e8s-vente fiable et rapide pour tous vos \u00e9quipements de bien-\u00eatre.<\/p><p>Notre \u00e9quipe de professionnels qualifi\u00e9s est disponible pour vous aider \u00e0 r\u00e9soudre tous les probl\u00e8mes techniques que vous pourriez rencontrer avec votre \u00e9quipement.<\/p><p>Que ce soit :<\/p><ul><li>pour des r\u00e9parations<\/li><li>des remplacements de composants sur des spas, des baignoires et des cabines de douche.<\/li><li>des livraisons ou des d\u00e9placements (spas, saunas, etc)<\/li><\/ul><p>Nous intervenons sur toute marque achet\u00e9e chez nous ou non.<\/p>\t\t\t\t\t\t\t\t<\/div>\n\t\t\t\t<\/div>\n\t\t\t\t<\/div>\n\t\t\t\t<\/div>\n\t\t<div class=\"elementor-element elementor-element-2241c22 e-flex e-con-boxed e-con e-parent\" data-id=\"2241c22\" data-element_type=\"container\" data-settings=\"{&quot;background_background&quot;:&quot;classic&quot;}\">\n\t\t\t\t\t<div class=\"e-con-inner\">\n\t\t\t\t<div class=\"elementor-element elementor-element-0fa5a23 elementor-widget elementor-widget-heading\" data-id=\"0fa5a23\" data-element_type=\"widget\" data-widget_type=\"heading.default\">\n\t\t\t\t<div class=\"elementor-widget-container\">\n\t\t\t\t\t<h2 class=\"elementor-heading-title elementor-size-default\">nos prestations <\/h2>\t\t\t\t<\/div>\n\t\t\t\t<\/div>\n\t\t\t\t\t<\/div>\n\t\t\t\t<\/div>\n\t\t<div class=\"elementor-element elementor-element-bf004c1 e-flex e-con-boxed e-con e-parent\" data-id=\"bf004c1\" data-element_type=\"container\" data-settings=\"{&quot;background_background&quot;:&quot;classic&quot;}\">\n\t\t\t\t\t<div class=\"e-con-inner\">\n\t\t<div class=\"elementor-element elementor-element-886fca8 e-con-full e-flex e-con e-child\" data-id=\"886fca8\" data-element_type=\"container\">\n\t\t\t\t<div class=\"elementor-element elementor-element-f58cf23 elementor-widget elementor-widget-image\" data-id=\"f58cf23\" data-element_type=\"widget\" data-widget_type=\"image.default\">\n\t\t\t\t<div class=\"elementor-widget-container\">\n\t\t\t\t\t\t\t\t\t\t\t\t\t\t\t<img decoding=\"async\" width=\"750\" height=\"1024\" src=\"https:\/\/www.ldnspa.re\/wp-content\/uploads\/2024\/09\/Illustration_sans_titre-4-750x1024.png\" class=\"elementor-animation-grow attachment-large size-large wp-image-25230\" alt=\"\" \/>\t\t\t\t\t\t\t\t\t\t\t\t\t\t\t<\/div>\n\t\t\t\t<\/div>\n\t\t\t\t<\/div>\n\t\t<div class=\"elementor-element elementor-element-84abedd e-con-full e-flex e-con e-child\" data-id=\"84abedd\" data-element_type=\"container\">\n\t\t\t\t<div class=\"elementor-element elementor-element-88ff3c0 elementor-widget elementor-widget-image\" data-id=\"88ff3c0\" data-element_type=\"widget\" data-widget_type=\"image.default\">\n\t\t\t\t<div class=\"elementor-widget-container\">\n\t\t\t\t\t\t\t\t\t\t\t\t\t\t\t<img decoding=\"async\" width=\"220\" height=\"300\" src=\"https:\/\/www.ldnspa.re\/wp-content\/uploads\/2024\/09\/Illustration_sans_titre-3-220x300.png\" class=\"elementor-animation-grow attachment-medium size-medium wp-image-25229\" alt=\"\" \/>\t\t\t\t\t\t\t\t\t\t\t\t\t\t\t<\/div>\n\t\t\t\t<\/div>\n\t\t\t\t<\/div>\n\t\t<div class=\"elementor-element elementor-element-b26dd53 e-con-full e-flex e-con e-child\" data-id=\"b26dd53\" data-element_type=\"container\">\n\t\t\t\t<div class=\"elementor-element elementor-element-893694d elementor-widget elementor-widget-image\" data-id=\"893694d\" data-element_type=\"widget\" data-widget_type=\"image.default\">\n\t\t\t\t<div class=\"elementor-widget-container\">\n\t\t\t\t\t\t\t\t\t\t\t\t\t\t\t<img loading=\"lazy\" decoding=\"async\" width=\"750\" height=\"1024\" src=\"https:\/\/www.ldnspa.re\/wp-content\/uploads\/2024\/09\/Illustration_sans_titre-11.png\" class=\"elementor-animation-grow attachment-large size-large wp-image-25231\" alt=\"\" \/>\t\t\t\t\t\t\t\t\t\t\t\t\t\t\t<\/div>\n\t\t\t\t<\/div>\n\t\t\t\t<\/div>\n\t\t<div class=\"elementor-element elementor-element-652dcb5 e-con-full e-flex e-con e-child\" data-id=\"652dcb5\" data-element_type=\"container\">\n\t\t\t\t<div class=\"elementor-element elementor-element-d2a7c21 elementor-widget elementor-widget-image\" data-id=\"d2a7c21\" data-element_type=\"widget\" data-widget_type=\"image.default\">\n\t\t\t\t<div class=\"elementor-widget-container\">\n\t\t\t\t\t\t\t\t\t\t\t\t\t\t\t<img loading=\"lazy\" decoding=\"async\" width=\"750\" height=\"1024\" src=\"https:\/\/www.ldnspa.re\/wp-content\/uploads\/2024\/09\/Illustration_sans_titre-21-750x1024.png\" class=\"elementor-animation-grow attachment-large size-large wp-image-25232\" alt=\"\" \/>\t\t\t\t\t\t\t\t\t\t\t\t\t\t\t<\/div>\n\t\t\t\t<\/div>\n\t\t\t\t<\/div>\n\t\t<div class=\"elementor-element elementor-element-0a50bd4 e-con-full e-flex e-con e-child\" data-id=\"0a50bd4\" data-element_type=\"container\">\n\t\t\t\t<div class=\"elementor-element elementor-element-e1bda43 elementor-widget elementor-widget-image\" data-id=\"e1bda43\" data-element_type=\"widget\" data-widget_type=\"image.default\">\n\t\t\t\t<div class=\"elementor-widget-container\">\n\t\t\t\t\t\t\t\t\t\t\t\t\t\t\t<img loading=\"lazy\" decoding=\"async\" width=\"750\" height=\"1024\" src=\"https:\/\/www.ldnspa.re\/wp-content\/uploads\/2024\/09\/Illustration_sans_titre14-750x1024.png\" class=\"elementor-animation-grow attachment-large size-large wp-image-25233\" alt=\"\" \/>\t\t\t\t\t\t\t\t\t\t\t\t\t\t\t<\/div>\n\t\t\t\t<\/div>\n\t\t\t\t<\/div>\n\t\t\t\t\t<\/div>\n\t\t\t\t<\/div>\n\t\t<div class=\"elementor-element elementor-element-0d0a322 e-flex e-con-boxed e-con e-parent\" data-id=\"0d0a322\" data-element_type=\"container\" data-settings=\"{&quot;background_background&quot;:&quot;classic&quot;}\">\n\t\t\t\t\t<div class=\"e-con-inner\">\n\t\t<div class=\"elementor-element elementor-element-2cf1e04 e-con-full e-flex e-con e-child\" data-id=\"2cf1e04\" data-element_type=\"container\">\n\t\t\t\t<div class=\"elementor-element elementor-element-5e32fc1 elementor-widget elementor-widget-heading\" data-id=\"5e32fc1\" data-element_type=\"widget\" data-widget_type=\"heading.default\">\n\t\t\t\t<div class=\"elementor-widget-container\">\n\t\t\t\t\t<h2 class=\"elementor-heading-title elementor-size-default\">S a v <\/h2>\t\t\t\t<\/div>\n\t\t\t\t<\/div>\n\t\t\t\t<\/div>\n\t\t<div class=\"elementor-element elementor-element-ef31d2b e-con-full e-flex e-con e-child\" data-id=\"ef31d2b\" data-element_type=\"container\">\n\t\t\t\t<div class=\"elementor-element elementor-element-ff9c289 elementor-widget elementor-widget-heading\" data-id=\"ff9c289\" data-element_type=\"widget\" data-widget_type=\"heading.default\">\n\t\t\t\t<div class=\"elementor-widget-container\">\n\t\t\t\t\t<h2 class=\"elementor-heading-title elementor-size-default\">R\u00e9paration<\/h2>\t\t\t\t<\/div>\n\t\t\t\t<\/div>\n\t\t\t\t<\/div>\n\t\t<div class=\"elementor-element elementor-element-81219ab e-con-full e-flex e-con e-child\" data-id=\"81219ab\" data-element_type=\"container\">\n\t\t\t\t<div class=\"elementor-element elementor-element-d38abf9 elementor-widget elementor-widget-heading\" data-id=\"d38abf9\" data-element_type=\"widget\" data-widget_type=\"heading.default\">\n\t\t\t\t<div class=\"elementor-widget-container\">\n\t\t\t\t\t<h2 class=\"elementor-heading-title elementor-size-default\">LIVRAISON <\/h2>\t\t\t\t<\/div>\n\t\t\t\t<\/div>\n\t\t\t\t<\/div>\n\t\t<div class=\"elementor-element elementor-element-de811d7 e-con-full e-flex e-con e-child\" data-id=\"de811d7\" data-element_type=\"container\">\n\t\t\t\t<div class=\"elementor-element elementor-element-77c40e3 elementor-widget elementor-widget-heading\" data-id=\"77c40e3\" data-element_type=\"widget\" data-widget_type=\"heading.default\">\n\t\t\t\t<div class=\"elementor-widget-container\">\n\t\t\t\t\t<h2 class=\"elementor-heading-title elementor-size-default\">MONTAGE<\/h2>\t\t\t\t<\/div>\n\t\t\t\t<\/div>\n\t\t\t\t<\/div>\n\t\t<div class=\"elementor-element elementor-element-9698bb5 e-con-full e-flex e-con e-child\" data-id=\"9698bb5\" data-element_type=\"container\">\n\t\t\t\t<div class=\"elementor-element elementor-element-ec6d5a9 elementor-widget elementor-widget-heading\" data-id=\"ec6d5a9\" data-element_type=\"widget\" data-widget_type=\"heading.default\">\n\t\t\t\t<div class=\"elementor-widget-container\">\n\t\t\t\t\t<h2 class=\"elementor-heading-title elementor-size-default\">PIECE D\u00e9tach\u00e9e<\/h2>\t\t\t\t<\/div>\n\t\t\t\t<\/div>\n\t\t\t\t<\/div>\n\t\t\t\t\t<\/div>\n\t\t\t\t<\/div>\n\t\t<div class=\"elementor-element elementor-element-f4b6cf7 e-flex e-con-boxed e-con e-parent\" data-id=\"f4b6cf7\" data-element_type=\"container\" data-settings=\"{&quot;background_background&quot;:&quot;classic&quot;}\">\n\t\t\t\t\t<div class=\"e-con-inner\">\n\t\t\t\t<div class=\"elementor-element elementor-element-deb96d1 elementor-widget elementor-widget-heading\" data-id=\"deb96d1\" data-element_type=\"widget\" data-widget_type=\"heading.default\">\n\t\t\t\t<div class=\"elementor-widget-container\">\n\t\t\t\t\t<h2 class=\"elementor-heading-title elementor-size-default\">Contact<\/h2>\t\t\t\t<\/div>\n\t\t\t\t<\/div>\n\t\t\t\t\t<\/div>\n\t\t\t\t<\/div>\n\t\t<div class=\"elementor-element elementor-element-abc6b55 e-flex e-con-boxed e-con e-parent\" data-id=\"abc6b55\" data-element_type=\"container\" data-settings=\"{&quot;background_background&quot;:&quot;classic&quot;}\">\n\t\t\t\t\t<div class=\"e-con-inner\">\n\t\t<div class=\"elementor-element elementor-element-8058f86 e-con-full e-flex e-con e-child\" data-id=\"8058f86\" data-element_type=\"container\">\n\t\t\t\t<div class=\"elementor-element elementor-element-786bd45 elementor-widget elementor-widget-image\" data-id=\"786bd45\" data-element_type=\"widget\" data-widget_type=\"image.default\">\n\t\t\t\t<div class=\"elementor-widget-container\">\n\t\t\t\t\t\t\t\t\t\t\t\t\t\t\t<img loading=\"lazy\" decoding=\"async\" width=\"1024\" height=\"507\" src=\"https:\/\/www.ldnspa.re\/wp-content\/uploads\/2024\/09\/image03-1024x507.jpeg\" class=\"attachment-large size-large wp-image-25228\" alt=\"\" \/>\t\t\t\t\t\t\t\t\t\t\t\t\t\t\t<\/div>\n\t\t\t\t<\/div>\n\t\t\t\t<\/div>\n\t\t\t\t\t<\/div>\n\t\t\t\t<\/div>\n\t\t<div class=\"elementor-element elementor-element-752691f e-flex e-con-boxed e-con e-parent\" data-id=\"752691f\" data-element_type=\"container\" data-settings=\"{&quot;background_background&quot;:&quot;classic&quot;}\">\n\t\t\t\t\t<div class=\"e-con-inner\">\n\t\t\t\t<div class=\"elementor-element elementor-element-f1e0b3a elementor-widget elementor-widget-heading\" data-id=\"f1e0b3a\" data-element_type=\"widget\" data-widget_type=\"heading.default\">\n\t\t\t\t<div class=\"elementor-widget-container\">\n\t\t\t\t\t<h2 class=\"elementor-heading-title elementor-size-default\">L'\u00e9quipe technique travaille du mardi au samedi<\/h2>\t\t\t\t<\/div>\n\t\t\t\t<\/div>\n\t\t\t\t\t<\/div>\n\t\t\t\t<\/div>\n\t\t\t\t<\/div>\n\t\t","protected":false},"excerpt":{"rendered":"<p>SAV Nous vous assurons un service apr\u00e8s-vente fiable et rapide pour tous vos \u00e9quipements de bien-\u00eatre. Notre \u00e9quipe de professionnels qualifi\u00e9s est disponible pour vous aider \u00e0 r\u00e9soudre tous les probl\u00e8mes techniques que vous pourriez rencontrer avec votre \u00e9quipement. Que ce soit : pour des r\u00e9parations des remplacements de composants sur des spas, des baignoires [&hellip;]<\/p>\n","protected":false},"author":5,"featured_media":0,"parent":0,"menu_order":0,"comment_status":"closed","ping_status":"closed","template":"page-templates\/homepage.php","meta":{"footnotes":""},"class_list":["post-25225","page","type-page","status-publish","hentry"],"yoast_head":"<!-- This site is optimized with the Yoast SEO plugin v26.0 - https:\/\/yoast.com\/wordpress\/plugins\/seo\/ -->\n<title>SAV - LDN<\/title>\n<meta name=\"robots\" content=\"index, follow, max-snippet:-1, max-image-preview:large, max-video-preview:-1\" \/>\n<link rel=\"canonical\" href=\"https:\/\/www.ldnspa.re\/?page_id=25225\" \/>\n<meta property=\"og:locale\" content=\"fr_FR\" \/>\n<meta property=\"og:type\" content=\"article\" \/>\n<meta property=\"og:title\" content=\"SAV - LDN\" \/>\n<meta property=\"og:description\" content=\"SAV Nous vous assurons un service apr\u00e8s-vente fiable et rapide pour tous vos \u00e9quipements de bien-\u00eatre. Notre \u00e9quipe de professionnels qualifi\u00e9s est disponible pour vous aider \u00e0 r\u00e9soudre tous les probl\u00e8mes techniques que vous pourriez rencontrer avec votre \u00e9quipement. Que ce soit : pour des r\u00e9parations des remplacements de composants sur des spas, des baignoires [&hellip;]\" \/>\n<meta property=\"og:url\" content=\"https:\/\/www.ldnspa.re\/?page_id=25225\" \/>\n<meta property=\"og:site_name\" content=\"LDN\" \/>\n<meta property=\"article:modified_time\" content=\"2024-09-06T07:24:33+00:00\" \/>\n<meta property=\"og:image\" content=\"https:\/\/www.ldnspa.re\/wp-content\/uploads\/2024\/09\/Illustration_sans_titre-11.png\" \/>\n<meta name=\"twitter:card\" content=\"summary_large_image\" \/>\n<meta name=\"twitter:label1\" content=\"Dur\u00e9e de lecture estim\u00e9e\" \/>\n\t<meta name=\"twitter:data1\" content=\"2 minutes\" \/>\n<script type=\"application\/ld+json\" class=\"yoast-schema-graph\">{\"@context\":\"https:\/\/schema.org\",\"@graph\":[{\"@type\":\"WebPage\",\"@id\":\"https:\/\/www.ldnspa.re\/?page_id=25225\",\"url\":\"https:\/\/www.ldnspa.re\/?page_id=25225\",\"name\":\"SAV - LDN\",\"isPartOf\":{\"@id\":\"https:\/\/www.ldnspa.re\/#website\"},\"primaryImageOfPage\":{\"@id\":\"https:\/\/www.ldnspa.re\/?page_id=25225#primaryimage\"},\"image\":{\"@id\":\"https:\/\/www.ldnspa.re\/?page_id=25225#primaryimage\"},\"thumbnailUrl\":\"https:\/\/www.ldnspa.re\/wp-content\/uploads\/2024\/09\/Illustration_sans_titre-11.png\",\"datePublished\":\"2024-09-06T07:19:52+00:00\",\"dateModified\":\"2024-09-06T07:24:33+00:00\",\"breadcrumb\":{\"@id\":\"https:\/\/www.ldnspa.re\/?page_id=25225#breadcrumb\"},\"inLanguage\":\"fr-FR\",\"potentialAction\":[{\"@type\":\"ReadAction\",\"target\":[\"https:\/\/www.ldnspa.re\/?page_id=25225\"]}]},{\"@type\":\"ImageObject\",\"inLanguage\":\"fr-FR\",\"@id\":\"https:\/\/www.ldnspa.re\/?page_id=25225#primaryimage\",\"url\":\"https:\/\/www.ldnspa.re\/wp-content\/uploads\/2024\/09\/Illustration_sans_titre-11.png\",\"contentUrl\":\"https:\/\/www.ldnspa.re\/wp-content\/uploads\/2024\/09\/Illustration_sans_titre-11.png\",\"width\":1500,\"height\":2048},{\"@type\":\"BreadcrumbList\",\"@id\":\"https:\/\/www.ldnspa.re\/?page_id=25225#breadcrumb\",\"itemListElement\":[{\"@type\":\"ListItem\",\"position\":1,\"name\":\"Accueil\",\"item\":\"https:\/\/www.ldnspa.re\/\"},{\"@type\":\"ListItem\",\"position\":2,\"name\":\"SAV\"}]},{\"@type\":\"WebSite\",\"@id\":\"https:\/\/www.ldnspa.re\/#website\",\"url\":\"https:\/\/www.ldnspa.re\/\",\"name\":\"LDN\",\"description\":\"Le bien-\u00eatre chez soi\",\"publisher\":{\"@id\":\"https:\/\/www.ldnspa.re\/#organization\"},\"potentialAction\":[{\"@type\":\"SearchAction\",\"target\":{\"@type\":\"EntryPoint\",\"urlTemplate\":\"https:\/\/www.ldnspa.re\/?s={search_term_string}\"},\"query-input\":{\"@type\":\"PropertyValueSpecification\",\"valueRequired\":true,\"valueName\":\"search_term_string\"}}],\"inLanguage\":\"fr-FR\"},{\"@type\":\"Organization\",\"@id\":\"https:\/\/www.ldnspa.re\/#organization\",\"name\":\"LDN\",\"url\":\"https:\/\/www.ldnspa.re\/\",\"logo\":{\"@type\":\"ImageObject\",\"inLanguage\":\"fr-FR\",\"@id\":\"https:\/\/www.ldnspa.re\/#\/schema\/logo\/image\/\",\"url\":\"https:\/\/i0.wp.com\/www.ldnspa.re\/wp-content\/uploads\/2023\/01\/logo_ldn_2.png?fit=551%2C170&ssl=1\",\"contentUrl\":\"https:\/\/i0.wp.com\/www.ldnspa.re\/wp-content\/uploads\/2023\/01\/logo_ldn_2.png?fit=551%2C170&ssl=1\",\"width\":551,\"height\":170,\"caption\":\"LDN\"},\"image\":{\"@id\":\"https:\/\/www.ldnspa.re\/#\/schema\/logo\/image\/\"}}]}<\/script>\n<!-- \/ Yoast SEO plugin. -->","yoast_head_json":{"title":"SAV - LDN","robots":{"index":"index","follow":"follow","max-snippet":"max-snippet:-1","max-image-preview":"max-image-preview:large","max-video-preview":"max-video-preview:-1"},"canonical":"https:\/\/www.ldnspa.re\/?page_id=25225","og_locale":"fr_FR","og_type":"article","og_title":"SAV - LDN","og_description":"SAV Nous vous assurons un service apr\u00e8s-vente fiable et rapide pour tous vos \u00e9quipements de bien-\u00eatre. Notre \u00e9quipe de professionnels qualifi\u00e9s est disponible pour vous aider \u00e0 r\u00e9soudre tous les probl\u00e8mes techniques que vous pourriez rencontrer avec votre \u00e9quipement. Que ce soit : pour des r\u00e9parations des remplacements de composants sur des spas, des baignoires [&hellip;]","og_url":"https:\/\/www.ldnspa.re\/?page_id=25225","og_site_name":"LDN","article_modified_time":"2024-09-06T07:24:33+00:00","og_image":[{"url":"https:\/\/www.ldnspa.re\/wp-content\/uploads\/2024\/09\/Illustration_sans_titre-11.png","type":"","width":"","height":""}],"twitter_card":"summary_large_image","twitter_misc":{"Dur\u00e9e de lecture estim\u00e9e":"2 minutes"},"schema":{"@context":"https:\/\/schema.org","@graph":[{"@type":"WebPage","@id":"https:\/\/www.ldnspa.re\/?page_id=25225","url":"https:\/\/www.ldnspa.re\/?page_id=25225","name":"SAV - LDN","isPartOf":{"@id":"https:\/\/www.ldnspa.re\/#website"},"primaryImageOfPage":{"@id":"https:\/\/www.ldnspa.re\/?page_id=25225#primaryimage"},"image":{"@id":"https:\/\/www.ldnspa.re\/?page_id=25225#primaryimage"},"thumbnailUrl":"https:\/\/www.ldnspa.re\/wp-content\/uploads\/2024\/09\/Illustration_sans_titre-11.png","datePublished":"2024-09-06T07:19:52+00:00","dateModified":"2024-09-06T07:24:33+00:00","breadcrumb":{"@id":"https:\/\/www.ldnspa.re\/?page_id=25225#breadcrumb"},"inLanguage":"fr-FR","potentialAction":[{"@type":"ReadAction","target":["https:\/\/www.ldnspa.re\/?page_id=25225"]}]},{"@type":"ImageObject","inLanguage":"fr-FR","@id":"https:\/\/www.ldnspa.re\/?page_id=25225#primaryimage","url":"https:\/\/www.ldnspa.re\/wp-content\/uploads\/2024\/09\/Illustration_sans_titre-11.png","contentUrl":"https:\/\/www.ldnspa.re\/wp-content\/uploads\/2024\/09\/Illustration_sans_titre-11.png","width":1500,"height":2048},{"@type":"BreadcrumbList","@id":"https:\/\/www.ldnspa.re\/?page_id=25225#breadcrumb","itemListElement":[{"@type":"ListItem","position":1,"name":"Accueil","item":"https:\/\/www.ldnspa.re\/"},{"@type":"ListItem","position":2,"name":"SAV"}]},{"@type":"WebSite","@id":"https:\/\/www.ldnspa.re\/#website","url":"https:\/\/www.ldnspa.re\/","name":"LDN","description":"Le bien-\u00eatre chez soi","publisher":{"@id":"https:\/\/www.ldnspa.re\/#organization"},"potentialAction":[{"@type":"SearchAction","target":{"@type":"EntryPoint","urlTemplate":"https:\/\/www.ldnspa.re\/?s={search_term_string}"},"query-input":{"@type":"PropertyValueSpecification","valueRequired":true,"valueName":"search_term_string"}}],"inLanguage":"fr-FR"},{"@type":"Organization","@id":"https:\/\/www.ldnspa.re\/#organization","name":"LDN","url":"https:\/\/www.ldnspa.re\/","logo":{"@type":"ImageObject","inLanguage":"fr-FR","@id":"https:\/\/www.ldnspa.re\/#\/schema\/logo\/image\/","url":"https:\/\/i0.wp.com\/www.ldnspa.re\/wp-content\/uploads\/2023\/01\/logo_ldn_2.png?fit=551%2C170&ssl=1","contentUrl":"https:\/\/i0.wp.com\/www.ldnspa.re\/wp-content\/uploads\/2023\/01\/logo_ldn_2.png?fit=551%2C170&ssl=1","width":551,"height":170,"caption":"LDN"},"image":{"@id":"https:\/\/www.ldnspa.re\/#\/schema\/logo\/image\/"}}]}},"_links":{"self":[{"href":"https:\/\/www.ldnspa.re\/index.php?rest_route=\/wp\/v2\/pages\/25225","targetHints":{"allow":["GET"]}}],"collection":[{"href":"https:\/\/www.ldnspa.re\/index.php?rest_route=\/wp\/v2\/pages"}],"about":[{"href":"https:\/\/www.ldnspa.re\/index.php?rest_route=\/wp\/v2\/types\/page"}],"author":[{"embeddable":true,"href":"https:\/\/www.ldnspa.re\/index.php?rest_route=\/wp\/v2\/users\/5"}],"replies":[{"embeddable":true,"href":"https:\/\/www.ldnspa.re\/index.php?rest_route=%2Fwp%2Fv2%2Fcomments&post=25225"}],"version-history":[{"count":11,"href":"https:\/\/www.ldnspa.re\/index.php?rest_route=\/wp\/v2\/pages\/25225\/revisions"}],"predecessor-version":[{"id":25613,"href":"https:\/\/www.ldnspa.re\/index.php?rest_route=\/wp\/v2\/pages\/25225\/revisions\/25613"}],"wp:attachment":[{"href":"https:\/\/www.ldnspa.re\/index.php?rest_route=%2Fwp%2Fv2%2Fmedia&parent=25225"}],"curies":[{"name":"wp","href":"https:\/\/api.w.org\/{rel}","templated":true}]}}