{"id":23024,"date":"2023-01-20T10:57:14","date_gmt":"2023-01-20T09:57:14","guid":{"rendered":"https:\/\/www.ldnspa.re\/?page_id=23024"},"modified":"2026-01-23T10:25:30","modified_gmt":"2026-01-23T09:25:30","slug":"balneo-trio","status":"publish","type":"page","link":"https:\/\/www.ldnspa.re\/?page_id=23024","title":{"rendered":"Baln\u00e9o Trio"},"content":{"rendered":"\t\t<div data-elementor-type=\"wp-page\" data-elementor-id=\"23024\" class=\"elementor elementor-23024\" data-elementor-post-type=\"page\">\n\t\t\t\t<div class=\"elementor-element elementor-element-3d69e74 e-con-full e-flex e-con e-parent\" data-id=\"3d69e74\" data-element_type=\"container\">\n\t\t<div class=\"elementor-element elementor-element-4f2ce8b e-con-full e-flex e-con e-child\" data-id=\"4f2ce8b\" data-element_type=\"container\" data-settings=\"{&quot;background_background&quot;:&quot;gradient&quot;}\">\n\t\t<div class=\"elementor-element elementor-element-562a4e4 e-con-full e-flex e-con e-child\" data-id=\"562a4e4\" data-element_type=\"container\">\n\t\t\t\t<div class=\"elementor-element elementor-element-dee0de4 elementor-widget__width-initial elementor-widget elementor-widget-image\" data-id=\"dee0de4\" data-element_type=\"widget\" data-widget_type=\"image.default\">\n\t\t\t\t<div class=\"elementor-widget-container\">\n\t\t\t\t\t\t\t\t\t\t\t\t\t\t\t<img fetchpriority=\"high\" decoding=\"async\" width=\"700\" height=\"700\" src=\"https:\/\/www.ldnspa.re\/wp-content\/uploads\/2023\/01\/balne\u2560uo-trio.png\" class=\"attachment-full size-full wp-image-23026\" alt=\"\" \/>\t\t\t\t\t\t\t\t\t\t\t\t\t\t\t<\/div>\n\t\t\t\t<\/div>\n\t\t\t\t<\/div>\n\t\t<div class=\"elementor-element elementor-element-352c6ed e-con-full e-flex e-con e-child\" data-id=\"352c6ed\" data-element_type=\"container\">\n\t\t<div class=\"elementor-element elementor-element-35e0655 e-con-full e-flex e-con e-child\" data-id=\"35e0655\" data-element_type=\"container\">\n\t\t\t\t<div class=\"elementor-element elementor-element-5dd8d0b elementor-widget-divider--view-line elementor-widget elementor-widget-divider\" data-id=\"5dd8d0b\" data-element_type=\"widget\" data-widget_type=\"divider.default\">\n\t\t\t\t<div class=\"elementor-widget-container\">\n\t\t\t\t\t\t\t<div class=\"elementor-divider\">\n\t\t\t<span class=\"elementor-divider-separator\">\n\t\t\t\t\t\t<\/span>\n\t\t<\/div>\n\t\t\t\t\t\t<\/div>\n\t\t\t\t<\/div>\n\t\t\t\t<div class=\"elementor-element elementor-element-12c56af elementor-widget elementor-widget-heading\" data-id=\"12c56af\" data-element_type=\"widget\" data-widget_type=\"heading.default\">\n\t\t\t\t<div class=\"elementor-widget-container\">\n\t\t\t\t\t<h2 class=\"elementor-heading-title elementor-size-default\">TRIO<\/h2>\t\t\t\t<\/div>\n\t\t\t\t<\/div>\n\t\t<div class=\"elementor-element elementor-element-972431b e-con-full elementor-hidden-tablet elementor-hidden-mobile e-flex e-con e-child\" data-id=\"972431b\" data-element_type=\"container\">\n\t\t\t\t<div class=\"elementor-element elementor-element-f923bcf elementor-widget__width-initial elementor-widget-divider--view-line elementor-widget elementor-widget-divider\" data-id=\"f923bcf\" data-element_type=\"widget\" data-widget_type=\"divider.default\">\n\t\t\t\t<div class=\"elementor-widget-container\">\n\t\t\t\t\t\t\t<div class=\"elementor-divider\">\n\t\t\t<span class=\"elementor-divider-separator\">\n\t\t\t\t\t\t<\/span>\n\t\t<\/div>\n\t\t\t\t\t\t<\/div>\n\t\t\t\t<\/div>\n\t\t\t\t<div class=\"elementor-element elementor-element-999d99e elementor-widget__width-initial elementor-widget elementor-widget-heading\" data-id=\"999d99e\" data-element_type=\"widget\" data-widget_type=\"heading.default\">\n\t\t\t\t<div class=\"elementor-widget-container\">\n\t\t\t\t\t<h2 class=\"elementor-heading-title elementor-size-default\">BALN\u00c9o<\/h2>\t\t\t\t<\/div>\n\t\t\t\t<\/div>\n\t\t\t\t<div class=\"elementor-element elementor-element-cb377b5 elementor-widget__width-initial elementor-widget-divider--view-line elementor-widget elementor-widget-divider\" data-id=\"cb377b5\" data-element_type=\"widget\" data-widget_type=\"divider.default\">\n\t\t\t\t<div class=\"elementor-widget-container\">\n\t\t\t\t\t\t\t<div class=\"elementor-divider\">\n\t\t\t<span class=\"elementor-divider-separator\">\n\t\t\t\t\t\t<\/span>\n\t\t<\/div>\n\t\t\t\t\t\t<\/div>\n\t\t\t\t<\/div>\n\t\t\t\t<\/div>\n\t\t<div class=\"elementor-element elementor-element-28051ef e-con-full e-flex e-con e-child\" data-id=\"28051ef\" data-element_type=\"container\">\n\t\t\t\t<div class=\"elementor-element elementor-element-b50e40a elementor-vertical-align-top elementor-widget elementor-widget-image-box\" data-id=\"b50e40a\" data-element_type=\"widget\" data-widget_type=\"image-box.default\">\n\t\t\t\t<div class=\"elementor-widget-container\">\n\t\t\t\t\t<div class=\"elementor-image-box-wrapper\"><div class=\"elementor-image-box-content\"><p class=\"elementor-image-box-description\">Prix : <span style=\"color: white\"> 2490\u20ac <\/span><\/p><\/div><\/div>\t\t\t\t<\/div>\n\t\t\t\t<\/div>\n\t\t\t\t<\/div>\n\t\t<div class=\"elementor-element elementor-element-0950652 e-con-full e-flex e-con e-child\" data-id=\"0950652\" data-element_type=\"container\">\n\t\t\t\t<div class=\"elementor-element elementor-element-acc57c2 elementor-position-left elementor-vertical-align-middle elementor-widget elementor-widget-image-box\" data-id=\"acc57c2\" data-element_type=\"widget\" data-widget_type=\"image-box.default\">\n\t\t\t\t<div class=\"elementor-widget-container\">\n\t\t\t\t\t<div class=\"elementor-image-box-wrapper\"><figure class=\"elementor-image-box-img\"><img decoding=\"async\" width=\"256\" height=\"256\" src=\"https:\/\/www.ldnspa.re\/wp-content\/uploads\/2025\/10\/user-1.png\" class=\"attachment-full size-full wp-image-27014\" alt=\"\" \/><\/figure><div class=\"elementor-image-box-content\"><p class=\"elementor-image-box-description\">3 PERSONNES<\/p><\/div><\/div>\t\t\t\t<\/div>\n\t\t\t\t<\/div>\n\t\t\t\t<div class=\"elementor-element elementor-element-b9e02c3 elementor-position-left elementor-vertical-align-middle elementor-widget elementor-widget-image-box\" data-id=\"b9e02c3\" data-element_type=\"widget\" data-widget_type=\"image-box.default\">\n\t\t\t\t<div class=\"elementor-widget-container\">\n\t\t\t\t\t<div class=\"elementor-image-box-wrapper\"><figure class=\"elementor-image-box-img\"><img decoding=\"async\" width=\"85\" height=\"81\" src=\"https:\/\/www.ldnspa.re\/wp-content\/uploads\/2025\/10\/Illustration_sans_titre-1-724x1024-2.png\" class=\"attachment-full size-full wp-image-26971\" alt=\"\" \/><\/figure><div class=\"elementor-image-box-content\"><p class=\"elementor-image-box-description\">38 JETS<\/p><\/div><\/div>\t\t\t\t<\/div>\n\t\t\t\t<\/div>\n\t\t\t\t<div class=\"elementor-element elementor-element-092b963 elementor-position-left elementor-vertical-align-middle elementor-widget elementor-widget-image-box\" data-id=\"092b963\" data-element_type=\"widget\" data-widget_type=\"image-box.default\">\n\t\t\t\t<div class=\"elementor-widget-container\">\n\t\t\t\t\t<div class=\"elementor-image-box-wrapper\"><figure class=\"elementor-image-box-img\"><img loading=\"lazy\" decoding=\"async\" width=\"256\" height=\"256\" src=\"https:\/\/www.ldnspa.re\/wp-content\/uploads\/2025\/10\/cube-1.png\" class=\"attachment-full size-full wp-image-26985\" alt=\"\" \/><\/figure><div class=\"elementor-image-box-content\"><p class=\"elementor-image-box-description\">1540 X 1540 X 680mm<\/p><\/div><\/div>\t\t\t\t<\/div>\n\t\t\t\t<\/div>\n\t\t\t\t<div class=\"elementor-element elementor-element-7cfbb53 elementor-position-left elementor-vertical-align-middle elementor-widget elementor-widget-image-box\" data-id=\"7cfbb53\" data-element_type=\"widget\" data-widget_type=\"image-box.default\">\n\t\t\t\t<div class=\"elementor-widget-container\">\n\t\t\t\t\t<div class=\"elementor-image-box-wrapper\"><figure class=\"elementor-image-box-img\"><img loading=\"lazy\" decoding=\"async\" width=\"64\" height=\"64\" src=\"https:\/\/www.ldnspa.re\/wp-content\/uploads\/2026\/01\/kilo.png\" class=\"attachment-full size-full wp-image-28314\" alt=\"\" \/><\/figure><div class=\"elementor-image-box-content\"><p class=\"elementor-image-box-description\">120 KG<\/p><\/div><\/div>\t\t\t\t<\/div>\n\t\t\t\t<\/div>\n\t\t\t\t<div class=\"elementor-element elementor-element-70a318a elementor-position-left elementor-vertical-align-middle elementor-widget elementor-widget-image-box\" data-id=\"70a318a\" data-element_type=\"widget\" data-widget_type=\"image-box.default\">\n\t\t\t\t<div class=\"elementor-widget-container\">\n\t\t\t\t\t<div class=\"elementor-image-box-wrapper\"><figure class=\"elementor-image-box-img\"><img loading=\"lazy\" decoding=\"async\" width=\"64\" height=\"64\" src=\"https:\/\/www.ldnspa.re\/wp-content\/uploads\/2026\/01\/drop.png\" class=\"attachment-full size-full wp-image-28316\" alt=\"\" \/><\/figure><div class=\"elementor-image-box-content\"><p class=\"elementor-image-box-description\">280 L<\/p><\/div><\/div>\t\t\t\t<\/div>\n\t\t\t\t<\/div>\n\t\t\t\t<\/div>\n\t\t\t\t<\/div>\n\t\t\t\t<\/div>\n\t\t\t\t<\/div>\n\t\t<div class=\"elementor-element elementor-element-c98bbc8 e-con-full e-flex e-con e-child\" data-id=\"c98bbc8\" data-element_type=\"container\" data-settings=\"{&quot;background_background&quot;:&quot;classic&quot;}\">\n\t\t\t\t<div class=\"elementor-element elementor-element-f8d53a9 elementor-widget elementor-widget-heading\" data-id=\"f8d53a9\" data-element_type=\"widget\" data-widget_type=\"heading.default\">\n\t\t\t\t<div class=\"elementor-widget-container\">\n\t\t\t\t\t<h2 class=\"elementor-heading-title elementor-size-default\">Description detaill\u00e9s<\/h2>\t\t\t\t<\/div>\n\t\t\t\t<\/div>\n\t\t<div class=\"elementor-element elementor-element-79932c9 e-con-full elementor-hidden-desktop elementor-hidden-tablet elementor-hidden-mobile e-flex e-con e-child\" data-id=\"79932c9\" data-element_type=\"container\" data-settings=\"{&quot;background_background&quot;:&quot;classic&quot;}\">\n\t\t<div class=\"elementor-element elementor-element-f53122e e-con-full e-flex e-con e-child\" data-id=\"f53122e\" data-element_type=\"container\">\n\t\t\t\t<div class=\"elementor-element elementor-element-2dbeef4 elementor-widget elementor-widget-image\" data-id=\"2dbeef4\" data-element_type=\"widget\" data-widget_type=\"image.default\">\n\t\t\t\t<div class=\"elementor-widget-container\">\n\t\t\t\t\t\t\t\t\t\t\t\t\t\t\t<img loading=\"lazy\" decoding=\"async\" width=\"2229\" height=\"2953\" src=\"https:\/\/www.ldnspa.re\/wp-content\/uploads\/2024\/06\/spa-663-e1717395586318.png\" class=\"attachment-full size-full wp-image-24983\" alt=\"\" \/>\t\t\t\t\t\t\t\t\t\t\t\t\t\t\t<\/div>\n\t\t\t\t<\/div>\n\t\t\t\t<\/div>\n\t\t<div class=\"elementor-element elementor-element-93c1169 e-con-full e-flex e-con e-child\" data-id=\"93c1169\" data-element_type=\"container\">\n\t\t\t\t<div class=\"elementor-element elementor-element-0d81547 elementor-widget elementor-widget-text-editor\" data-id=\"0d81547\" data-element_type=\"widget\" data-widget_type=\"text-editor.default\">\n\t\t\t\t<div class=\"elementor-widget-container\">\n\t\t\t\t\t\t\t\t\t<p><strong>MATERIEL:<\/strong> Acrylique Aristech<\/p><p><strong>CAPACIT\u00c9 PERSONNE: <\/strong>3 Personnes<\/p><p><strong>REPOSE T\u00caTE:<\/strong> 2<\/p><p><strong>TAILLE:<\/strong> 2100*1560*800mm<\/p><p><strong>COULEUR:<\/strong> Divers Coloris<\/p><p><strong>POIDS:<\/strong> 280 KG<\/p><p><strong>VOLUME D&#8217;EAU:<\/strong> 750L<\/p><p><strong>NOMBRE DE JETS HYDROMASSANTS:<\/strong> 46<\/p><p><strong>NOMBRE DE JETS AIR:<\/strong> 12<\/p><p><strong>POMPE HYDRO MASSAGE 2HP:<\/strong> 2<\/p><p><strong>POMPE DE FILTRATION 1HP:<\/strong> 1<\/p><p><strong>POMPE BLOWER:<\/strong> 1<\/p><p><strong>PUISSANCE BLOWER:<\/strong> 0,7kW<\/p><p><strong>FONCTIONNALIT\u00c9S:<\/strong> Habillage bois, Panneau de contr\u00f4le (programme diff\u00e9rer chauffe eau, contr\u00f4le de la temp\u00e9rature, programme filtration, Sondes de s\u00e9curit\u00e9 sans eau) Lampe UV<\/p>\t\t\t\t\t\t\t\t<\/div>\n\t\t\t\t<\/div>\n\t\t\t\t<\/div>\n\t\t\t\t<\/div>\n\t\t\t\t<\/div>\n\t\t\t\t<\/div>\n\t\t<div class=\"elementor-element elementor-element-bdec22d e-con-full elementor-hidden-desktop elementor-hidden-tablet elementor-hidden-mobile e-flex e-con e-parent\" data-id=\"bdec22d\" data-element_type=\"container\">\n\t\t<div class=\"elementor-element elementor-element-bf92bf5 e-con-full e-flex e-con e-child\" data-id=\"bf92bf5\" data-element_type=\"container\">\n\t\t<div class=\"elementor-element elementor-element-b11b341 e-con-full e-flex e-con e-child\" data-id=\"b11b341\" data-element_type=\"container\">\n\t\t<div class=\"elementor-element elementor-element-9ef19bb e-con-full e-flex e-con e-child\" data-id=\"9ef19bb\" data-element_type=\"container\">\n\t\t<div class=\"elementor-element elementor-element-1eed20e e-con-full e-flex e-con e-child\" data-id=\"1eed20e\" data-element_type=\"container\">\n\t\t<div class=\"elementor-element elementor-element-62a5f43 e-con-full e-flex e-con e-child\" data-id=\"62a5f43\" data-element_type=\"container\" data-settings=\"{&quot;background_background&quot;:&quot;classic&quot;}\">\n\t\t\t\t<div class=\"elementor-element elementor-element-8d6f56c elementor-widget elementor-widget-heading\" data-id=\"8d6f56c\" data-element_type=\"widget\" data-widget_type=\"heading.default\">\n\t\t\t\t<div class=\"elementor-widget-container\">\n\t\t\t\t\t<h2 class=\"elementor-heading-title elementor-size-default\">Plus de d\u00e9tail <\/h2>\t\t\t\t<\/div>\n\t\t\t\t<\/div>\n\t\t\t\t<\/div>\n\t\t\t\t<\/div>\n\t\t\t\t<\/div>\n\t\t\t\t<\/div>\n\t\t\t\t<\/div>\n\t\t\t\t<\/div>\n\t\t<div class=\"elementor-element elementor-element-4493041 e-con-full e-flex e-con e-parent\" data-id=\"4493041\" data-element_type=\"container\">\n\t\t<div class=\"elementor-element elementor-element-5f380bf e-con-full e-flex e-con e-child\" data-id=\"5f380bf\" data-element_type=\"container\">\n\t\t<div class=\"elementor-element elementor-element-3f66935 e-con-full e-flex e-con e-child\" data-id=\"3f66935\" data-element_type=\"container\" data-settings=\"{&quot;background_background&quot;:&quot;classic&quot;}\">\n\t\t<div class=\"elementor-element elementor-element-e2d3171 e-con-full e-flex e-con e-child\" data-id=\"e2d3171\" data-element_type=\"container\">\n\t\t<div class=\"elementor-element elementor-element-4ad4d8d e-con-full e-flex e-con e-child\" data-id=\"4ad4d8d\" data-element_type=\"container\">\n\t\t\t\t<div class=\"elementor-element elementor-element-f13bcdb elementor-widget elementor-widget-image\" data-id=\"f13bcdb\" data-element_type=\"widget\" data-widget_type=\"image.default\">\n\t\t\t\t<div class=\"elementor-widget-container\">\n\t\t\t\t\t\t\t\t\t\t\t\t\t\t\t<img loading=\"lazy\" decoding=\"async\" width=\"768\" height=\"336\" src=\"https:\/\/www.ldnspa.re\/wp-content\/uploads\/2024\/10\/Idees_panneaux_LDN_SPA-e1728541982152.png\" class=\"attachment-medium_large size-medium_large wp-image-25390\" alt=\"\" \/>\t\t\t\t\t\t\t\t\t\t\t\t\t\t\t<\/div>\n\t\t\t\t<\/div>\n\t\t\t\t<\/div>\n\t\t\t\t<div class=\"elementor-element elementor-element-8e6f0d6 elementor-widget elementor-widget-image\" data-id=\"8e6f0d6\" data-element_type=\"widget\" data-widget_type=\"image.default\">\n\t\t\t\t<div class=\"elementor-widget-container\">\n\t\t\t\t\t\t\t\t\t\t\t\t\t\t\t<img loading=\"lazy\" decoding=\"async\" width=\"1996\" height=\"1996\" src=\"https:\/\/www.ldnspa.re\/wp-content\/uploads\/2024\/10\/\u2705_Fiche_Solo_-5.png\" class=\"attachment-full size-full wp-image-25370\" alt=\"\" \/>\t\t\t\t\t\t\t\t\t\t\t\t\t\t\t<\/div>\n\t\t\t\t<\/div>\n\t\t\t\t<\/div>\n\t\t<div class=\"elementor-element elementor-element-bfa0d4a e-con-full e-flex e-con e-child\" data-id=\"bfa0d4a\" data-element_type=\"container\">\n\t\t\t\t<div class=\"elementor-element elementor-element-fb21008 elementor-widget elementor-widget-text-editor\" data-id=\"fb21008\" data-element_type=\"widget\" data-widget_type=\"text-editor.default\">\n\t\t\t\t<div class=\"elementor-widget-container\">\n\t\t\t\t\t\t\t\t\t<p>MATERIEL: Acrylique Aristech\u00a0<\/p><p>CAPACIT\u00c9 PERSONNE: 2\u00a0places allong\u00e9s 1 assise\u00a0<\/p><p>REPOSE T\u00caTE: 2\u00a0<\/p><p>TAILLE: 1540\u00d71540\u00d7680mm<\/p><p>COULEUR: Blanc<\/p><p>NOMBRE DE JETS HYDRO TH\u00c9RAPIE: 18\u00a0<\/p><p>NOMBRE DE JETS AIR: 12<\/p><p>POMPE HYDRO MASSAGE 1,5HP: 2\u00a0<\/p><p>SOUFFLEUR A AIR: 1\u00a0<\/p><p>PUISSANCE SOUFLEUR A AIR: 0,7kW\u00a0<\/p><p>FONCTIONNALIT\u00c9S: Panneau de contr\u00f4le (RADIO FM inclus), haut parleurs<\/p>\t\t\t\t\t\t\t\t<\/div>\n\t\t\t\t<\/div>\n\t\t\t\t<\/div>\n\t\t\t\t<\/div>\n\t\t\t\t<\/div>\n\t\t\t\t<\/div>\n\t\t<div class=\"elementor-element elementor-element-b6454a9 e-con-full e-flex e-con e-parent\" data-id=\"b6454a9\" data-element_type=\"container\" data-settings=\"{&quot;background_background&quot;:&quot;classic&quot;}\">\n\t\t<div class=\"elementor-element elementor-element-b709172 e-con-full e-flex e-con e-child\" data-id=\"b709172\" data-element_type=\"container\">\n\t\t<div class=\"elementor-element elementor-element-cf75a5b e-con-full e-flex e-con e-child\" data-id=\"cf75a5b\" data-element_type=\"container\" data-settings=\"{&quot;background_background&quot;:&quot;classic&quot;}\">\n\t\t\t\t<div class=\"elementor-element elementor-element-4af71db elementor-align-center elementor-widget elementor-widget-button\" data-id=\"4af71db\" data-element_type=\"widget\" data-widget_type=\"button.default\">\n\t\t\t\t<div class=\"elementor-widget-container\">\n\t\t\t\t\t\t\t\t\t<div class=\"elementor-button-wrapper\">\n\t\t\t\t\t<a class=\"elementor-button elementor-button-link elementor-size-sm elementor-animation-bounce-in\" href=\"https:\/\/www.ldnspa.re\/?page_id=23379\">\n\t\t\t\t\t\t<span class=\"elementor-button-content-wrapper\">\n\t\t\t\t\t\t<span class=\"elementor-button-icon\">\n\t\t\t\t<i aria-hidden=\"true\" class=\"far fa-newspaper\"><\/i>\t\t\t<\/span>\n\t\t\t\t\t\t\t\t\t<span class=\"elementor-button-text\">Demandez un devis <\/span>\n\t\t\t\t\t<\/span>\n\t\t\t\t\t<\/a>\n\t\t\t\t<\/div>\n\t\t\t\t\t\t\t\t<\/div>\n\t\t\t\t<\/div>\n\t\t\t\t<\/div>\n\t\t\t\t<\/div>\n\t\t\t\t<\/div>\n\t\t\t\t<\/div>\n\t\t","protected":false},"excerpt":{"rendered":"<p>TRIO BALN\u00c9o Prix : 2490\u20ac 3 PERSONNES 38 JETS 1540 X 1540 X 680mm 120 KG 280 L Description detaill\u00e9s MATERIEL: Acrylique Aristech CAPACIT\u00c9 PERSONNE: 3 Personnes REPOSE T\u00caTE: 2 TAILLE: 2100*1560*800mm COULEUR: Divers Coloris POIDS: 280 KG VOLUME D&#8217;EAU: 750L NOMBRE DE JETS HYDROMASSANTS: 46 NOMBRE DE JETS AIR: 12 POMPE HYDRO MASSAGE 2HP: [&hellip;]<\/p>\n","protected":false},"author":3,"featured_media":0,"parent":0,"menu_order":0,"comment_status":"closed","ping_status":"closed","template":"page-templates\/homepage.php","meta":{"footnotes":""},"class_list":["post-23024","page","type-page","status-publish","hentry"],"yoast_head":"<!-- This site is optimized with the Yoast SEO plugin v26.0 - https:\/\/yoast.com\/wordpress\/plugins\/seo\/ -->\n<title>Baln\u00e9o Trio - LDN<\/title>\n<meta name=\"robots\" content=\"index, follow, max-snippet:-1, max-image-preview:large, max-video-preview:-1\" \/>\n<link rel=\"canonical\" href=\"https:\/\/www.ldnspa.re\/?page_id=23024\" \/>\n<meta property=\"og:locale\" content=\"fr_FR\" \/>\n<meta property=\"og:type\" content=\"article\" \/>\n<meta property=\"og:title\" content=\"Baln\u00e9o Trio - LDN\" \/>\n<meta property=\"og:description\" content=\"TRIO BALN\u00c9o Prix : 2490\u20ac 3 PERSONNES 38 JETS 1540 X 1540 X 680mm 120 KG 280 L Description detaill\u00e9s MATERIEL: Acrylique Aristech CAPACIT\u00c9 PERSONNE: 3 Personnes REPOSE T\u00caTE: 2 TAILLE: 2100*1560*800mm COULEUR: Divers Coloris POIDS: 280 KG VOLUME D&#8217;EAU: 750L NOMBRE DE JETS HYDROMASSANTS: 46 NOMBRE DE JETS AIR: 12 POMPE HYDRO MASSAGE 2HP: [&hellip;]\" \/>\n<meta property=\"og:url\" content=\"https:\/\/www.ldnspa.re\/?page_id=23024\" \/>\n<meta property=\"og:site_name\" content=\"LDN\" \/>\n<meta property=\"article:modified_time\" content=\"2026-01-23T09:25:30+00:00\" \/>\n<meta property=\"og:image\" content=\"https:\/\/www.ldnspa.re\/wp-content\/uploads\/2025\/10\/user-1.png\" \/>\n<meta name=\"twitter:card\" content=\"summary_large_image\" \/>\n<meta name=\"twitter:label1\" content=\"Dur\u00e9e de lecture estim\u00e9e\" \/>\n\t<meta name=\"twitter:data1\" content=\"3 minutes\" \/>\n<script type=\"application\/ld+json\" class=\"yoast-schema-graph\">{\"@context\":\"https:\/\/schema.org\",\"@graph\":[{\"@type\":\"WebPage\",\"@id\":\"https:\/\/www.ldnspa.re\/?page_id=23024\",\"url\":\"https:\/\/www.ldnspa.re\/?page_id=23024\",\"name\":\"Baln\u00e9o Trio - LDN\",\"isPartOf\":{\"@id\":\"https:\/\/www.ldnspa.re\/#website\"},\"primaryImageOfPage\":{\"@id\":\"https:\/\/www.ldnspa.re\/?page_id=23024#primaryimage\"},\"image\":{\"@id\":\"https:\/\/www.ldnspa.re\/?page_id=23024#primaryimage\"},\"thumbnailUrl\":\"https:\/\/www.ldnspa.re\/wp-content\/uploads\/2025\/10\/user-1.png\",\"datePublished\":\"2023-01-20T09:57:14+00:00\",\"dateModified\":\"2026-01-23T09:25:30+00:00\",\"breadcrumb\":{\"@id\":\"https:\/\/www.ldnspa.re\/?page_id=23024#breadcrumb\"},\"inLanguage\":\"fr-FR\",\"potentialAction\":[{\"@type\":\"ReadAction\",\"target\":[\"https:\/\/www.ldnspa.re\/?page_id=23024\"]}]},{\"@type\":\"ImageObject\",\"inLanguage\":\"fr-FR\",\"@id\":\"https:\/\/www.ldnspa.re\/?page_id=23024#primaryimage\",\"url\":\"https:\/\/www.ldnspa.re\/wp-content\/uploads\/2025\/10\/user-1.png\",\"contentUrl\":\"https:\/\/www.ldnspa.re\/wp-content\/uploads\/2025\/10\/user-1.png\",\"width\":256,\"height\":256},{\"@type\":\"BreadcrumbList\",\"@id\":\"https:\/\/www.ldnspa.re\/?page_id=23024#breadcrumb\",\"itemListElement\":[{\"@type\":\"ListItem\",\"position\":1,\"name\":\"Accueil\",\"item\":\"https:\/\/www.ldnspa.re\/\"},{\"@type\":\"ListItem\",\"position\":2,\"name\":\"Baln\u00e9o Trio\"}]},{\"@type\":\"WebSite\",\"@id\":\"https:\/\/www.ldnspa.re\/#website\",\"url\":\"https:\/\/www.ldnspa.re\/\",\"name\":\"LDN\",\"description\":\"Le bien-\u00eatre chez soi\",\"publisher\":{\"@id\":\"https:\/\/www.ldnspa.re\/#organization\"},\"potentialAction\":[{\"@type\":\"SearchAction\",\"target\":{\"@type\":\"EntryPoint\",\"urlTemplate\":\"https:\/\/www.ldnspa.re\/?s={search_term_string}\"},\"query-input\":{\"@type\":\"PropertyValueSpecification\",\"valueRequired\":true,\"valueName\":\"search_term_string\"}}],\"inLanguage\":\"fr-FR\"},{\"@type\":\"Organization\",\"@id\":\"https:\/\/www.ldnspa.re\/#organization\",\"name\":\"LDN\",\"url\":\"https:\/\/www.ldnspa.re\/\",\"logo\":{\"@type\":\"ImageObject\",\"inLanguage\":\"fr-FR\",\"@id\":\"https:\/\/www.ldnspa.re\/#\/schema\/logo\/image\/\",\"url\":\"https:\/\/i0.wp.com\/www.ldnspa.re\/wp-content\/uploads\/2023\/01\/logo_ldn_2.png?fit=551%2C170&ssl=1\",\"contentUrl\":\"https:\/\/i0.wp.com\/www.ldnspa.re\/wp-content\/uploads\/2023\/01\/logo_ldn_2.png?fit=551%2C170&ssl=1\",\"width\":551,\"height\":170,\"caption\":\"LDN\"},\"image\":{\"@id\":\"https:\/\/www.ldnspa.re\/#\/schema\/logo\/image\/\"}}]}<\/script>\n<!-- \/ Yoast SEO plugin. -->","yoast_head_json":{"title":"Baln\u00e9o Trio - LDN","robots":{"index":"index","follow":"follow","max-snippet":"max-snippet:-1","max-image-preview":"max-image-preview:large","max-video-preview":"max-video-preview:-1"},"canonical":"https:\/\/www.ldnspa.re\/?page_id=23024","og_locale":"fr_FR","og_type":"article","og_title":"Baln\u00e9o Trio - LDN","og_description":"TRIO BALN\u00c9o Prix : 2490\u20ac 3 PERSONNES 38 JETS 1540 X 1540 X 680mm 120 KG 280 L Description detaill\u00e9s MATERIEL: Acrylique Aristech CAPACIT\u00c9 PERSONNE: 3 Personnes REPOSE T\u00caTE: 2 TAILLE: 2100*1560*800mm COULEUR: Divers Coloris POIDS: 280 KG VOLUME D&#8217;EAU: 750L NOMBRE DE JETS HYDROMASSANTS: 46 NOMBRE DE JETS AIR: 12 POMPE HYDRO MASSAGE 2HP: [&hellip;]","og_url":"https:\/\/www.ldnspa.re\/?page_id=23024","og_site_name":"LDN","article_modified_time":"2026-01-23T09:25:30+00:00","og_image":[{"url":"https:\/\/www.ldnspa.re\/wp-content\/uploads\/2025\/10\/user-1.png","type":"","width":"","height":""}],"twitter_card":"summary_large_image","twitter_misc":{"Dur\u00e9e de lecture estim\u00e9e":"3 minutes"},"schema":{"@context":"https:\/\/schema.org","@graph":[{"@type":"WebPage","@id":"https:\/\/www.ldnspa.re\/?page_id=23024","url":"https:\/\/www.ldnspa.re\/?page_id=23024","name":"Baln\u00e9o Trio - LDN","isPartOf":{"@id":"https:\/\/www.ldnspa.re\/#website"},"primaryImageOfPage":{"@id":"https:\/\/www.ldnspa.re\/?page_id=23024#primaryimage"},"image":{"@id":"https:\/\/www.ldnspa.re\/?page_id=23024#primaryimage"},"thumbnailUrl":"https:\/\/www.ldnspa.re\/wp-content\/uploads\/2025\/10\/user-1.png","datePublished":"2023-01-20T09:57:14+00:00","dateModified":"2026-01-23T09:25:30+00:00","breadcrumb":{"@id":"https:\/\/www.ldnspa.re\/?page_id=23024#breadcrumb"},"inLanguage":"fr-FR","potentialAction":[{"@type":"ReadAction","target":["https:\/\/www.ldnspa.re\/?page_id=23024"]}]},{"@type":"ImageObject","inLanguage":"fr-FR","@id":"https:\/\/www.ldnspa.re\/?page_id=23024#primaryimage","url":"https:\/\/www.ldnspa.re\/wp-content\/uploads\/2025\/10\/user-1.png","contentUrl":"https:\/\/www.ldnspa.re\/wp-content\/uploads\/2025\/10\/user-1.png","width":256,"height":256},{"@type":"BreadcrumbList","@id":"https:\/\/www.ldnspa.re\/?page_id=23024#breadcrumb","itemListElement":[{"@type":"ListItem","position":1,"name":"Accueil","item":"https:\/\/www.ldnspa.re\/"},{"@type":"ListItem","position":2,"name":"Baln\u00e9o Trio"}]},{"@type":"WebSite","@id":"https:\/\/www.ldnspa.re\/#website","url":"https:\/\/www.ldnspa.re\/","name":"LDN","description":"Le bien-\u00eatre chez soi","publisher":{"@id":"https:\/\/www.ldnspa.re\/#organization"},"potentialAction":[{"@type":"SearchAction","target":{"@type":"EntryPoint","urlTemplate":"https:\/\/www.ldnspa.re\/?s={search_term_string}"},"query-input":{"@type":"PropertyValueSpecification","valueRequired":true,"valueName":"search_term_string"}}],"inLanguage":"fr-FR"},{"@type":"Organization","@id":"https:\/\/www.ldnspa.re\/#organization","name":"LDN","url":"https:\/\/www.ldnspa.re\/","logo":{"@type":"ImageObject","inLanguage":"fr-FR","@id":"https:\/\/www.ldnspa.re\/#\/schema\/logo\/image\/","url":"https:\/\/i0.wp.com\/www.ldnspa.re\/wp-content\/uploads\/2023\/01\/logo_ldn_2.png?fit=551%2C170&ssl=1","contentUrl":"https:\/\/i0.wp.com\/www.ldnspa.re\/wp-content\/uploads\/2023\/01\/logo_ldn_2.png?fit=551%2C170&ssl=1","width":551,"height":170,"caption":"LDN"},"image":{"@id":"https:\/\/www.ldnspa.re\/#\/schema\/logo\/image\/"}}]}},"_links":{"self":[{"href":"https:\/\/www.ldnspa.re\/index.php?rest_route=\/wp\/v2\/pages\/23024","targetHints":{"allow":["GET"]}}],"collection":[{"href":"https:\/\/www.ldnspa.re\/index.php?rest_route=\/wp\/v2\/pages"}],"about":[{"href":"https:\/\/www.ldnspa.re\/index.php?rest_route=\/wp\/v2\/types\/page"}],"author":[{"embeddable":true,"href":"https:\/\/www.ldnspa.re\/index.php?rest_route=\/wp\/v2\/users\/3"}],"replies":[{"embeddable":true,"href":"https:\/\/www.ldnspa.re\/index.php?rest_route=%2Fwp%2Fv2%2Fcomments&post=23024"}],"version-history":[{"count":130,"href":"https:\/\/www.ldnspa.re\/index.php?rest_route=\/wp\/v2\/pages\/23024\/revisions"}],"predecessor-version":[{"id":28412,"href":"https:\/\/www.ldnspa.re\/index.php?rest_route=\/wp\/v2\/pages\/23024\/revisions\/28412"}],"wp:attachment":[{"href":"https:\/\/www.ldnspa.re\/index.php?rest_route=%2Fwp%2Fv2%2Fmedia&parent=23024"}],"curies":[{"name":"wp","href":"https:\/\/api.w.org\/{rel}","templated":true}]}}