{"id":23007,"date":"2023-01-20T10:57:15","date_gmt":"2023-01-20T09:57:15","guid":{"rendered":"https:\/\/www.ldnspa.re\/?page_id=23007"},"modified":"2026-01-23T10:14:42","modified_gmt":"2026-01-23T09:14:42","slug":"balneo-solo","status":"publish","type":"page","link":"https:\/\/www.ldnspa.re\/?page_id=23007","title":{"rendered":"Baln\u00e9o Solo"},"content":{"rendered":"\t\t<div data-elementor-type=\"wp-page\" data-elementor-id=\"23007\" class=\"elementor elementor-23007\" data-elementor-post-type=\"page\">\n\t\t\t\t<div class=\"elementor-element elementor-element-0baf5a8 e-con-full e-flex e-con e-parent\" data-id=\"0baf5a8\" data-element_type=\"container\">\n\t\t<div class=\"elementor-element elementor-element-9047eb9 e-con-full e-flex e-con e-child\" data-id=\"9047eb9\" data-element_type=\"container\" data-settings=\"{&quot;background_background&quot;:&quot;gradient&quot;}\">\n\t\t<div class=\"elementor-element elementor-element-35ab6f5 e-con-full e-flex e-con e-child\" data-id=\"35ab6f5\" data-element_type=\"container\">\n\t\t\t\t<div class=\"elementor-element elementor-element-6ae6b79 elementor-widget__width-initial elementor-widget elementor-widget-image\" data-id=\"6ae6b79\" data-element_type=\"widget\" data-widget_type=\"image.default\">\n\t\t\t\t<div class=\"elementor-widget-container\">\n\t\t\t\t\t\t\t\t\t\t\t\t\t\t\t<img fetchpriority=\"high\" decoding=\"async\" width=\"684\" height=\"684\" src=\"https:\/\/www.ldnspa.re\/wp-content\/uploads\/2023\/01\/balne\u2560uo-amoureux-e1728299523764.png\" class=\"attachment-full size-full wp-image-22988\" alt=\"\" \/>\t\t\t\t\t\t\t\t\t\t\t\t\t\t\t<\/div>\n\t\t\t\t<\/div>\n\t\t\t\t<\/div>\n\t\t<div class=\"elementor-element elementor-element-5d9e8c0 e-con-full e-flex e-con e-child\" data-id=\"5d9e8c0\" data-element_type=\"container\">\n\t\t<div class=\"elementor-element elementor-element-9a65e75 e-con-full e-flex e-con e-child\" data-id=\"9a65e75\" data-element_type=\"container\">\n\t\t\t\t<div class=\"elementor-element elementor-element-68d4695 elementor-widget-divider--view-line elementor-widget elementor-widget-divider\" data-id=\"68d4695\" data-element_type=\"widget\" data-widget_type=\"divider.default\">\n\t\t\t\t<div class=\"elementor-widget-container\">\n\t\t\t\t\t\t\t<div class=\"elementor-divider\">\n\t\t\t<span class=\"elementor-divider-separator\">\n\t\t\t\t\t\t<\/span>\n\t\t<\/div>\n\t\t\t\t\t\t<\/div>\n\t\t\t\t<\/div>\n\t\t\t\t<div class=\"elementor-element elementor-element-496f0d7 elementor-widget elementor-widget-heading\" data-id=\"496f0d7\" data-element_type=\"widget\" data-widget_type=\"heading.default\">\n\t\t\t\t<div class=\"elementor-widget-container\">\n\t\t\t\t\t<h2 class=\"elementor-heading-title elementor-size-default\">SOLO<\/h2>\t\t\t\t<\/div>\n\t\t\t\t<\/div>\n\t\t<div class=\"elementor-element elementor-element-b075772 e-con-full e-flex e-con e-child\" data-id=\"b075772\" data-element_type=\"container\">\n\t\t\t\t<div class=\"elementor-element elementor-element-ac02eca elementor-widget__width-initial elementor-widget-divider--view-line elementor-widget elementor-widget-divider\" data-id=\"ac02eca\" data-element_type=\"widget\" data-widget_type=\"divider.default\">\n\t\t\t\t<div class=\"elementor-widget-container\">\n\t\t\t\t\t\t\t<div class=\"elementor-divider\">\n\t\t\t<span class=\"elementor-divider-separator\">\n\t\t\t\t\t\t<\/span>\n\t\t<\/div>\n\t\t\t\t\t\t<\/div>\n\t\t\t\t<\/div>\n\t\t\t\t<div class=\"elementor-element elementor-element-fbdb87c elementor-widget__width-initial elementor-widget elementor-widget-heading\" data-id=\"fbdb87c\" data-element_type=\"widget\" data-widget_type=\"heading.default\">\n\t\t\t\t<div class=\"elementor-widget-container\">\n\t\t\t\t\t<h2 class=\"elementor-heading-title elementor-size-default\">BALN\u00c9O<\/h2>\t\t\t\t<\/div>\n\t\t\t\t<\/div>\n\t\t\t\t<div class=\"elementor-element elementor-element-93c2e58 elementor-widget__width-initial elementor-widget-divider--view-line elementor-widget elementor-widget-divider\" data-id=\"93c2e58\" data-element_type=\"widget\" data-widget_type=\"divider.default\">\n\t\t\t\t<div class=\"elementor-widget-container\">\n\t\t\t\t\t\t\t<div class=\"elementor-divider\">\n\t\t\t<span class=\"elementor-divider-separator\">\n\t\t\t\t\t\t<\/span>\n\t\t<\/div>\n\t\t\t\t\t\t<\/div>\n\t\t\t\t<\/div>\n\t\t\t\t<\/div>\n\t\t<div class=\"elementor-element elementor-element-5507a67 e-con-full e-flex e-con e-child\" data-id=\"5507a67\" data-element_type=\"container\">\n\t\t\t\t<div class=\"elementor-element elementor-element-cdebe01 elementor-vertical-align-top elementor-widget elementor-widget-image-box\" data-id=\"cdebe01\" data-element_type=\"widget\" data-widget_type=\"image-box.default\">\n\t\t\t\t<div class=\"elementor-widget-container\">\n\t\t\t\t\t<div class=\"elementor-image-box-wrapper\"><div class=\"elementor-image-box-content\"><p class=\"elementor-image-box-description\">Prix : <span style=\"color: white\"> 2490\u20ac <\/span><\/p><\/div><\/div>\t\t\t\t<\/div>\n\t\t\t\t<\/div>\n\t\t\t\t<\/div>\n\t\t<div class=\"elementor-element elementor-element-edb04ce e-con-full e-flex e-con e-child\" data-id=\"edb04ce\" data-element_type=\"container\">\n\t\t\t\t<div class=\"elementor-element elementor-element-f92609b elementor-position-left elementor-vertical-align-middle elementor-widget elementor-widget-image-box\" data-id=\"f92609b\" data-element_type=\"widget\" data-widget_type=\"image-box.default\">\n\t\t\t\t<div class=\"elementor-widget-container\">\n\t\t\t\t\t<div class=\"elementor-image-box-wrapper\"><figure class=\"elementor-image-box-img\"><img decoding=\"async\" width=\"256\" height=\"256\" src=\"https:\/\/www.ldnspa.re\/wp-content\/uploads\/2025\/10\/user-1.png\" class=\"attachment-full size-full wp-image-27014\" alt=\"\" \/><\/figure><div class=\"elementor-image-box-content\"><p class=\"elementor-image-box-description\">1  PERSONNE<\/p><\/div><\/div>\t\t\t\t<\/div>\n\t\t\t\t<\/div>\n\t\t\t\t<div class=\"elementor-element elementor-element-7114f6c elementor-position-left elementor-vertical-align-middle elementor-widget elementor-widget-image-box\" data-id=\"7114f6c\" data-element_type=\"widget\" data-widget_type=\"image-box.default\">\n\t\t\t\t<div class=\"elementor-widget-container\">\n\t\t\t\t\t<div class=\"elementor-image-box-wrapper\"><figure class=\"elementor-image-box-img\"><img decoding=\"async\" width=\"85\" height=\"81\" src=\"https:\/\/www.ldnspa.re\/wp-content\/uploads\/2025\/10\/Illustration_sans_titre-1-724x1024-2.png\" class=\"attachment-full size-full wp-image-26971\" alt=\"\" \/><\/figure><div class=\"elementor-image-box-content\"><p class=\"elementor-image-box-description\">30 JETS<\/p><\/div><\/div>\t\t\t\t<\/div>\n\t\t\t\t<\/div>\n\t\t\t\t<div class=\"elementor-element elementor-element-9960b62 elementor-position-left elementor-vertical-align-middle elementor-widget elementor-widget-image-box\" data-id=\"9960b62\" data-element_type=\"widget\" data-widget_type=\"image-box.default\">\n\t\t\t\t<div class=\"elementor-widget-container\">\n\t\t\t\t\t<div class=\"elementor-image-box-wrapper\"><figure class=\"elementor-image-box-img\"><img loading=\"lazy\" decoding=\"async\" width=\"256\" height=\"256\" src=\"https:\/\/www.ldnspa.re\/wp-content\/uploads\/2025\/10\/cube-1.png\" class=\"attachment-full size-full wp-image-26985\" alt=\"\" \/><\/figure><div class=\"elementor-image-box-content\"><p class=\"elementor-image-box-description\">1740 X 900 X 720mm<\/p><\/div><\/div>\t\t\t\t<\/div>\n\t\t\t\t<\/div>\n\t\t\t\t<div class=\"elementor-element elementor-element-10fd2bf elementor-position-left elementor-vertical-align-middle elementor-widget elementor-widget-image-box\" data-id=\"10fd2bf\" data-element_type=\"widget\" data-widget_type=\"image-box.default\">\n\t\t\t\t<div class=\"elementor-widget-container\">\n\t\t\t\t\t<div class=\"elementor-image-box-wrapper\"><figure class=\"elementor-image-box-img\"><img loading=\"lazy\" decoding=\"async\" width=\"64\" height=\"64\" src=\"https:\/\/www.ldnspa.re\/wp-content\/uploads\/2026\/01\/kilo.png\" class=\"attachment-full size-full wp-image-28314\" alt=\"\" \/><\/figure><div class=\"elementor-image-box-content\"><p class=\"elementor-image-box-description\">86 KG<\/p><\/div><\/div>\t\t\t\t<\/div>\n\t\t\t\t<\/div>\n\t\t\t\t<div class=\"elementor-element elementor-element-bbdba86 elementor-position-left elementor-vertical-align-middle elementor-widget elementor-widget-image-box\" data-id=\"bbdba86\" data-element_type=\"widget\" data-widget_type=\"image-box.default\">\n\t\t\t\t<div class=\"elementor-widget-container\">\n\t\t\t\t\t<div class=\"elementor-image-box-wrapper\"><figure class=\"elementor-image-box-img\"><img loading=\"lazy\" decoding=\"async\" width=\"64\" height=\"64\" src=\"https:\/\/www.ldnspa.re\/wp-content\/uploads\/2026\/01\/drop.png\" class=\"attachment-full size-full wp-image-28316\" alt=\"\" \/><\/figure><div class=\"elementor-image-box-content\"><p class=\"elementor-image-box-description\">250 L<\/p><\/div><\/div>\t\t\t\t<\/div>\n\t\t\t\t<\/div>\n\t\t\t\t<\/div>\n\t\t\t\t<\/div>\n\t\t\t\t<\/div>\n\t\t\t\t<\/div>\n\t\t<div class=\"elementor-element elementor-element-0587c75 e-con-full e-flex e-con e-child\" data-id=\"0587c75\" data-element_type=\"container\" data-settings=\"{&quot;background_background&quot;:&quot;classic&quot;}\">\n\t\t\t\t<div class=\"elementor-element elementor-element-1260ed5 elementor-widget elementor-widget-heading\" data-id=\"1260ed5\" data-element_type=\"widget\" data-widget_type=\"heading.default\">\n\t\t\t\t<div class=\"elementor-widget-container\">\n\t\t\t\t\t<h2 class=\"elementor-heading-title elementor-size-default\">Description detaill\u00e9s<\/h2>\t\t\t\t<\/div>\n\t\t\t\t<\/div>\n\t\t<div class=\"elementor-element elementor-element-60d58ce e-con-full elementor-hidden-desktop elementor-hidden-tablet elementor-hidden-mobile e-flex e-con e-child\" data-id=\"60d58ce\" data-element_type=\"container\" data-settings=\"{&quot;background_background&quot;:&quot;classic&quot;}\">\n\t\t<div class=\"elementor-element elementor-element-7fe2a41 e-con-full e-flex e-con e-child\" data-id=\"7fe2a41\" data-element_type=\"container\">\n\t\t\t\t<div class=\"elementor-element elementor-element-0bc57e2 elementor-widget elementor-widget-image\" data-id=\"0bc57e2\" data-element_type=\"widget\" data-widget_type=\"image.default\">\n\t\t\t\t<div class=\"elementor-widget-container\">\n\t\t\t\t\t\t\t\t\t\t\t\t\t\t\t<img loading=\"lazy\" decoding=\"async\" width=\"2229\" height=\"2953\" src=\"https:\/\/www.ldnspa.re\/wp-content\/uploads\/2024\/06\/spa-663-e1717395586318.png\" class=\"attachment-full size-full wp-image-24983\" alt=\"\" \/>\t\t\t\t\t\t\t\t\t\t\t\t\t\t\t<\/div>\n\t\t\t\t<\/div>\n\t\t\t\t<\/div>\n\t\t<div class=\"elementor-element elementor-element-156ba2c e-con-full e-flex e-con e-child\" data-id=\"156ba2c\" data-element_type=\"container\">\n\t\t\t\t<div class=\"elementor-element elementor-element-1b0b520 elementor-widget elementor-widget-text-editor\" data-id=\"1b0b520\" data-element_type=\"widget\" data-widget_type=\"text-editor.default\">\n\t\t\t\t<div class=\"elementor-widget-container\">\n\t\t\t\t\t\t\t\t\t<p><strong>MATERIEL:<\/strong> Acrylique Aristech<\/p><p><strong>CAPACIT\u00c9 PERSONNE: <\/strong>3 Personnes<\/p><p><strong>REPOSE T\u00caTE:<\/strong> 2<\/p><p><strong>TAILLE:<\/strong> 2100*1560*800mm<\/p><p><strong>COULEUR:<\/strong> Divers Coloris<\/p><p><strong>POIDS:<\/strong> 280 KG<\/p><p><strong>VOLUME D&#8217;EAU:<\/strong> 750L<\/p><p><strong>NOMBRE DE JETS HYDROMASSANTS:<\/strong> 46<\/p><p><strong>NOMBRE DE JETS AIR:<\/strong> 12<\/p><p><strong>POMPE HYDRO MASSAGE 2HP:<\/strong> 2<\/p><p><strong>POMPE DE FILTRATION 1HP:<\/strong> 1<\/p><p><strong>POMPE BLOWER:<\/strong> 1<\/p><p><strong>PUISSANCE BLOWER:<\/strong> 0,7kW<\/p><p><strong>FONCTIONNALIT\u00c9S:<\/strong> Habillage bois, Panneau de contr\u00f4le (programme diff\u00e9rer chauffe eau, contr\u00f4le de la temp\u00e9rature, programme filtration, Sondes de s\u00e9curit\u00e9 sans eau) Lampe UV<\/p>\t\t\t\t\t\t\t\t<\/div>\n\t\t\t\t<\/div>\n\t\t\t\t<\/div>\n\t\t\t\t<\/div>\n\t\t\t\t<\/div>\n\t\t\t\t<\/div>\n\t\t<div class=\"elementor-element elementor-element-79aba03 e-con-full e-flex e-con e-parent\" data-id=\"79aba03\" data-element_type=\"container\">\n\t\t<div class=\"elementor-element elementor-element-8fde040 e-con-full e-flex e-con e-child\" data-id=\"8fde040\" data-element_type=\"container\">\n\t\t<div class=\"elementor-element elementor-element-095ad1a e-con-full e-flex e-con e-child\" data-id=\"095ad1a\" data-element_type=\"container\">\n\t\t<div class=\"elementor-element elementor-element-660f15a e-con-full e-flex e-con e-child\" data-id=\"660f15a\" data-element_type=\"container\">\n\t\t<div class=\"elementor-element elementor-element-40ed31e e-con-full e-flex e-con e-child\" data-id=\"40ed31e\" data-element_type=\"container\" data-settings=\"{&quot;background_background&quot;:&quot;classic&quot;}\">\n\t\t\t\t<div class=\"elementor-element elementor-element-071d3e4 elementor-widget elementor-widget-heading\" data-id=\"071d3e4\" data-element_type=\"widget\" data-widget_type=\"heading.default\">\n\t\t\t\t<div class=\"elementor-widget-container\">\n\t\t\t\t\t<h2 class=\"elementor-heading-title elementor-size-default\">Plus de d\u00e9tail <\/h2>\t\t\t\t<\/div>\n\t\t\t\t<\/div>\n\t\t\t\t<\/div>\n\t\t\t\t<\/div>\n\t\t\t\t<\/div>\n\t\t\t\t<\/div>\n\t\t\t\t<\/div>\n\t\t<div class=\"elementor-element elementor-element-c36e844 e-con-full e-flex e-con e-parent\" data-id=\"c36e844\" data-element_type=\"container\">\n\t\t<div class=\"elementor-element elementor-element-3460253 e-con-full e-flex e-con e-child\" data-id=\"3460253\" data-element_type=\"container\" data-settings=\"{&quot;background_background&quot;:&quot;classic&quot;}\">\n\t\t<div class=\"elementor-element elementor-element-dec276f e-con-full e-flex e-con e-child\" data-id=\"dec276f\" data-element_type=\"container\">\n\t\t<div class=\"elementor-element elementor-element-4e1af23 e-con-full e-flex e-con e-child\" data-id=\"4e1af23\" data-element_type=\"container\">\n\t\t\t\t<div class=\"elementor-element elementor-element-f17ef7e elementor-widget elementor-widget-image\" data-id=\"f17ef7e\" data-element_type=\"widget\" data-widget_type=\"image.default\">\n\t\t\t\t<div class=\"elementor-widget-container\">\n\t\t\t\t\t\t\t\t\t\t\t\t\t\t\t<img loading=\"lazy\" decoding=\"async\" width=\"768\" height=\"336\" src=\"https:\/\/www.ldnspa.re\/wp-content\/uploads\/2024\/10\/Idees_panneaux_LDN_SPA-e1728541982152.png\" class=\"attachment-medium_large size-medium_large wp-image-25390\" alt=\"\" \/>\t\t\t\t\t\t\t\t\t\t\t\t\t\t\t<\/div>\n\t\t\t\t<\/div>\n\t\t\t\t<\/div>\n\t\t\t\t<div class=\"elementor-element elementor-element-8583797 elementor-widget elementor-widget-image\" data-id=\"8583797\" data-element_type=\"widget\" data-widget_type=\"image.default\">\n\t\t\t\t<div class=\"elementor-widget-container\">\n\t\t\t\t\t\t\t\t\t\t\t\t\t\t\t<img loading=\"lazy\" decoding=\"async\" width=\"1996\" height=\"1996\" src=\"https:\/\/www.ldnspa.re\/wp-content\/uploads\/2024\/10\/\u2705_Fiche_Solo_-6.png\" class=\"attachment-2048x2048 size-2048x2048 wp-image-25367\" alt=\"\" \/>\t\t\t\t\t\t\t\t\t\t\t\t\t\t\t<\/div>\n\t\t\t\t<\/div>\n\t\t\t\t<\/div>\n\t\t<div class=\"elementor-element elementor-element-8ce5393 e-con-full e-flex e-con e-child\" data-id=\"8ce5393\" data-element_type=\"container\">\n\t\t\t\t<div class=\"elementor-element elementor-element-43c1af4 elementor-widget elementor-widget-text-editor\" data-id=\"43c1af4\" data-element_type=\"widget\" data-widget_type=\"text-editor.default\">\n\t\t\t\t<div class=\"elementor-widget-container\">\n\t\t\t\t\t\t\t\t\t<p>MATERIEL: Acrylique Aristech\u00a0<\/p><p>CAPACIT\u00c9 PERSONNE: 1 personne\u00a0<\/p><p>REPOSE T\u00caTE: 1\u00a0<\/p><p>TAILLE: 1740\u00d7900\u00d7680mm\u00a0<\/p><p>COULEUR: Blanc\u00a0<\/p><p>NOMBRE DE JETS HYDRO TH\u00c9RAPIE: 18\u00a0<\/p><p>NOMBRE DE JETS AIR: 12\u00a0<\/p><p>POMPE HYDRO MASSAGE 1,5HP: 2\u00a0<\/p><p>SOUFFLEUR A AIR: 1<\/p><p>PUISSANCE SOUFLEUR A AIR: 0,7kW\u00a0<\/p><p>FONCTIONNALIT\u00c9S: Panneau de contr\u00f4le (RADIO FM inclus), haut parleurs\u00a0<\/p>\t\t\t\t\t\t\t\t<\/div>\n\t\t\t\t<\/div>\n\t\t\t\t<\/div>\n\t\t\t\t<\/div>\n\t\t\t\t<\/div>\n\t\t<div class=\"elementor-element elementor-element-a3172f4 e-con-full e-flex e-con e-parent\" data-id=\"a3172f4\" data-element_type=\"container\">\n\t\t<div class=\"elementor-element elementor-element-be5dc81 e-con-full e-flex e-con e-child\" data-id=\"be5dc81\" data-element_type=\"container\" data-settings=\"{&quot;background_background&quot;:&quot;classic&quot;}\">\n\t\t<div class=\"elementor-element elementor-element-733cb90 e-con-full e-flex e-con e-child\" data-id=\"733cb90\" data-element_type=\"container\">\n\t\t<div class=\"elementor-element elementor-element-cb03162 e-con-full e-flex e-con e-child\" data-id=\"cb03162\" data-element_type=\"container\" data-settings=\"{&quot;background_background&quot;:&quot;classic&quot;}\">\n\t\t\t\t<div class=\"elementor-element elementor-element-bbba03c elementor-align-center elementor-widget elementor-widget-button\" data-id=\"bbba03c\" data-element_type=\"widget\" data-widget_type=\"button.default\">\n\t\t\t\t<div class=\"elementor-widget-container\">\n\t\t\t\t\t\t\t\t\t<div class=\"elementor-button-wrapper\">\n\t\t\t\t\t<a class=\"elementor-button elementor-button-link elementor-size-sm elementor-animation-bounce-in\" href=\"https:\/\/www.ldnspa.re\/?page_id=23379\">\n\t\t\t\t\t\t<span class=\"elementor-button-content-wrapper\">\n\t\t\t\t\t\t<span class=\"elementor-button-icon\">\n\t\t\t\t<i aria-hidden=\"true\" class=\"far fa-newspaper\"><\/i>\t\t\t<\/span>\n\t\t\t\t\t\t\t\t\t<span class=\"elementor-button-text\">Demandez un devis <\/span>\n\t\t\t\t\t<\/span>\n\t\t\t\t\t<\/a>\n\t\t\t\t<\/div>\n\t\t\t\t\t\t\t\t<\/div>\n\t\t\t\t<\/div>\n\t\t\t\t<\/div>\n\t\t\t\t<\/div>\n\t\t\t\t<\/div>\n\t\t\t\t<\/div>\n\t\t\t\t<\/div>\n\t\t","protected":false},"excerpt":{"rendered":"<p>SOLO BALN\u00c9O Prix : 2490\u20ac 1 PERSONNE 30 JETS 1740 X 900 X 720mm 86 KG 250 L Description detaill\u00e9s MATERIEL: Acrylique Aristech CAPACIT\u00c9 PERSONNE: 3 Personnes REPOSE T\u00caTE: 2 TAILLE: 2100*1560*800mm COULEUR: Divers Coloris POIDS: 280 KG VOLUME D&#8217;EAU: 750L NOMBRE DE JETS HYDROMASSANTS: 46 NOMBRE DE JETS AIR: 12 POMPE HYDRO MASSAGE 2HP: [&hellip;]<\/p>\n","protected":false},"author":3,"featured_media":0,"parent":0,"menu_order":0,"comment_status":"closed","ping_status":"closed","template":"page-templates\/homepage.php","meta":{"footnotes":""},"class_list":["post-23007","page","type-page","status-publish","hentry"],"yoast_head":"<!-- This site is optimized with the Yoast SEO plugin v26.0 - https:\/\/yoast.com\/wordpress\/plugins\/seo\/ -->\n<title>Baln\u00e9o Solo - LDN<\/title>\n<meta name=\"robots\" content=\"index, follow, max-snippet:-1, max-image-preview:large, max-video-preview:-1\" \/>\n<link rel=\"canonical\" href=\"https:\/\/www.ldnspa.re\/?page_id=23007\" \/>\n<meta property=\"og:locale\" content=\"fr_FR\" \/>\n<meta property=\"og:type\" content=\"article\" \/>\n<meta property=\"og:title\" content=\"Baln\u00e9o Solo - LDN\" \/>\n<meta property=\"og:description\" content=\"SOLO BALN\u00c9O Prix : 2490\u20ac 1 PERSONNE 30 JETS 1740 X 900 X 720mm 86 KG 250 L Description detaill\u00e9s MATERIEL: Acrylique Aristech CAPACIT\u00c9 PERSONNE: 3 Personnes REPOSE T\u00caTE: 2 TAILLE: 2100*1560*800mm COULEUR: Divers Coloris POIDS: 280 KG VOLUME D&#8217;EAU: 750L NOMBRE DE JETS HYDROMASSANTS: 46 NOMBRE DE JETS AIR: 12 POMPE HYDRO MASSAGE 2HP: [&hellip;]\" \/>\n<meta property=\"og:url\" content=\"https:\/\/www.ldnspa.re\/?page_id=23007\" \/>\n<meta property=\"og:site_name\" content=\"LDN\" \/>\n<meta property=\"article:modified_time\" content=\"2026-01-23T09:14:42+00:00\" \/>\n<meta property=\"og:image\" content=\"https:\/\/www.ldnspa.re\/wp-content\/uploads\/2025\/10\/user-1.png\" \/>\n<meta name=\"twitter:card\" content=\"summary_large_image\" \/>\n<meta name=\"twitter:label1\" content=\"Dur\u00e9e de lecture estim\u00e9e\" \/>\n\t<meta name=\"twitter:data1\" content=\"3 minutes\" \/>\n<script type=\"application\/ld+json\" class=\"yoast-schema-graph\">{\"@context\":\"https:\/\/schema.org\",\"@graph\":[{\"@type\":\"WebPage\",\"@id\":\"https:\/\/www.ldnspa.re\/?page_id=23007\",\"url\":\"https:\/\/www.ldnspa.re\/?page_id=23007\",\"name\":\"Baln\u00e9o Solo - LDN\",\"isPartOf\":{\"@id\":\"https:\/\/www.ldnspa.re\/#website\"},\"primaryImageOfPage\":{\"@id\":\"https:\/\/www.ldnspa.re\/?page_id=23007#primaryimage\"},\"image\":{\"@id\":\"https:\/\/www.ldnspa.re\/?page_id=23007#primaryimage\"},\"thumbnailUrl\":\"https:\/\/www.ldnspa.re\/wp-content\/uploads\/2025\/10\/user-1.png\",\"datePublished\":\"2023-01-20T09:57:15+00:00\",\"dateModified\":\"2026-01-23T09:14:42+00:00\",\"breadcrumb\":{\"@id\":\"https:\/\/www.ldnspa.re\/?page_id=23007#breadcrumb\"},\"inLanguage\":\"fr-FR\",\"potentialAction\":[{\"@type\":\"ReadAction\",\"target\":[\"https:\/\/www.ldnspa.re\/?page_id=23007\"]}]},{\"@type\":\"ImageObject\",\"inLanguage\":\"fr-FR\",\"@id\":\"https:\/\/www.ldnspa.re\/?page_id=23007#primaryimage\",\"url\":\"https:\/\/www.ldnspa.re\/wp-content\/uploads\/2025\/10\/user-1.png\",\"contentUrl\":\"https:\/\/www.ldnspa.re\/wp-content\/uploads\/2025\/10\/user-1.png\",\"width\":256,\"height\":256},{\"@type\":\"BreadcrumbList\",\"@id\":\"https:\/\/www.ldnspa.re\/?page_id=23007#breadcrumb\",\"itemListElement\":[{\"@type\":\"ListItem\",\"position\":1,\"name\":\"Accueil\",\"item\":\"https:\/\/www.ldnspa.re\/\"},{\"@type\":\"ListItem\",\"position\":2,\"name\":\"Baln\u00e9o Solo\"}]},{\"@type\":\"WebSite\",\"@id\":\"https:\/\/www.ldnspa.re\/#website\",\"url\":\"https:\/\/www.ldnspa.re\/\",\"name\":\"LDN\",\"description\":\"Le bien-\u00eatre chez soi\",\"publisher\":{\"@id\":\"https:\/\/www.ldnspa.re\/#organization\"},\"potentialAction\":[{\"@type\":\"SearchAction\",\"target\":{\"@type\":\"EntryPoint\",\"urlTemplate\":\"https:\/\/www.ldnspa.re\/?s={search_term_string}\"},\"query-input\":{\"@type\":\"PropertyValueSpecification\",\"valueRequired\":true,\"valueName\":\"search_term_string\"}}],\"inLanguage\":\"fr-FR\"},{\"@type\":\"Organization\",\"@id\":\"https:\/\/www.ldnspa.re\/#organization\",\"name\":\"LDN\",\"url\":\"https:\/\/www.ldnspa.re\/\",\"logo\":{\"@type\":\"ImageObject\",\"inLanguage\":\"fr-FR\",\"@id\":\"https:\/\/www.ldnspa.re\/#\/schema\/logo\/image\/\",\"url\":\"https:\/\/i0.wp.com\/www.ldnspa.re\/wp-content\/uploads\/2023\/01\/logo_ldn_2.png?fit=551%2C170&ssl=1\",\"contentUrl\":\"https:\/\/i0.wp.com\/www.ldnspa.re\/wp-content\/uploads\/2023\/01\/logo_ldn_2.png?fit=551%2C170&ssl=1\",\"width\":551,\"height\":170,\"caption\":\"LDN\"},\"image\":{\"@id\":\"https:\/\/www.ldnspa.re\/#\/schema\/logo\/image\/\"}}]}<\/script>\n<!-- \/ Yoast SEO plugin. -->","yoast_head_json":{"title":"Baln\u00e9o Solo - LDN","robots":{"index":"index","follow":"follow","max-snippet":"max-snippet:-1","max-image-preview":"max-image-preview:large","max-video-preview":"max-video-preview:-1"},"canonical":"https:\/\/www.ldnspa.re\/?page_id=23007","og_locale":"fr_FR","og_type":"article","og_title":"Baln\u00e9o Solo - LDN","og_description":"SOLO BALN\u00c9O Prix : 2490\u20ac 1 PERSONNE 30 JETS 1740 X 900 X 720mm 86 KG 250 L Description detaill\u00e9s MATERIEL: Acrylique Aristech CAPACIT\u00c9 PERSONNE: 3 Personnes REPOSE T\u00caTE: 2 TAILLE: 2100*1560*800mm COULEUR: Divers Coloris POIDS: 280 KG VOLUME D&#8217;EAU: 750L NOMBRE DE JETS HYDROMASSANTS: 46 NOMBRE DE JETS AIR: 12 POMPE HYDRO MASSAGE 2HP: [&hellip;]","og_url":"https:\/\/www.ldnspa.re\/?page_id=23007","og_site_name":"LDN","article_modified_time":"2026-01-23T09:14:42+00:00","og_image":[{"url":"https:\/\/www.ldnspa.re\/wp-content\/uploads\/2025\/10\/user-1.png","type":"","width":"","height":""}],"twitter_card":"summary_large_image","twitter_misc":{"Dur\u00e9e de lecture estim\u00e9e":"3 minutes"},"schema":{"@context":"https:\/\/schema.org","@graph":[{"@type":"WebPage","@id":"https:\/\/www.ldnspa.re\/?page_id=23007","url":"https:\/\/www.ldnspa.re\/?page_id=23007","name":"Baln\u00e9o Solo - LDN","isPartOf":{"@id":"https:\/\/www.ldnspa.re\/#website"},"primaryImageOfPage":{"@id":"https:\/\/www.ldnspa.re\/?page_id=23007#primaryimage"},"image":{"@id":"https:\/\/www.ldnspa.re\/?page_id=23007#primaryimage"},"thumbnailUrl":"https:\/\/www.ldnspa.re\/wp-content\/uploads\/2025\/10\/user-1.png","datePublished":"2023-01-20T09:57:15+00:00","dateModified":"2026-01-23T09:14:42+00:00","breadcrumb":{"@id":"https:\/\/www.ldnspa.re\/?page_id=23007#breadcrumb"},"inLanguage":"fr-FR","potentialAction":[{"@type":"ReadAction","target":["https:\/\/www.ldnspa.re\/?page_id=23007"]}]},{"@type":"ImageObject","inLanguage":"fr-FR","@id":"https:\/\/www.ldnspa.re\/?page_id=23007#primaryimage","url":"https:\/\/www.ldnspa.re\/wp-content\/uploads\/2025\/10\/user-1.png","contentUrl":"https:\/\/www.ldnspa.re\/wp-content\/uploads\/2025\/10\/user-1.png","width":256,"height":256},{"@type":"BreadcrumbList","@id":"https:\/\/www.ldnspa.re\/?page_id=23007#breadcrumb","itemListElement":[{"@type":"ListItem","position":1,"name":"Accueil","item":"https:\/\/www.ldnspa.re\/"},{"@type":"ListItem","position":2,"name":"Baln\u00e9o Solo"}]},{"@type":"WebSite","@id":"https:\/\/www.ldnspa.re\/#website","url":"https:\/\/www.ldnspa.re\/","name":"LDN","description":"Le bien-\u00eatre chez soi","publisher":{"@id":"https:\/\/www.ldnspa.re\/#organization"},"potentialAction":[{"@type":"SearchAction","target":{"@type":"EntryPoint","urlTemplate":"https:\/\/www.ldnspa.re\/?s={search_term_string}"},"query-input":{"@type":"PropertyValueSpecification","valueRequired":true,"valueName":"search_term_string"}}],"inLanguage":"fr-FR"},{"@type":"Organization","@id":"https:\/\/www.ldnspa.re\/#organization","name":"LDN","url":"https:\/\/www.ldnspa.re\/","logo":{"@type":"ImageObject","inLanguage":"fr-FR","@id":"https:\/\/www.ldnspa.re\/#\/schema\/logo\/image\/","url":"https:\/\/i0.wp.com\/www.ldnspa.re\/wp-content\/uploads\/2023\/01\/logo_ldn_2.png?fit=551%2C170&ssl=1","contentUrl":"https:\/\/i0.wp.com\/www.ldnspa.re\/wp-content\/uploads\/2023\/01\/logo_ldn_2.png?fit=551%2C170&ssl=1","width":551,"height":170,"caption":"LDN"},"image":{"@id":"https:\/\/www.ldnspa.re\/#\/schema\/logo\/image\/"}}]}},"_links":{"self":[{"href":"https:\/\/www.ldnspa.re\/index.php?rest_route=\/wp\/v2\/pages\/23007","targetHints":{"allow":["GET"]}}],"collection":[{"href":"https:\/\/www.ldnspa.re\/index.php?rest_route=\/wp\/v2\/pages"}],"about":[{"href":"https:\/\/www.ldnspa.re\/index.php?rest_route=\/wp\/v2\/types\/page"}],"author":[{"embeddable":true,"href":"https:\/\/www.ldnspa.re\/index.php?rest_route=\/wp\/v2\/users\/3"}],"replies":[{"embeddable":true,"href":"https:\/\/www.ldnspa.re\/index.php?rest_route=%2Fwp%2Fv2%2Fcomments&post=23007"}],"version-history":[{"count":52,"href":"https:\/\/www.ldnspa.re\/index.php?rest_route=\/wp\/v2\/pages\/23007\/revisions"}],"predecessor-version":[{"id":28367,"href":"https:\/\/www.ldnspa.re\/index.php?rest_route=\/wp\/v2\/pages\/23007\/revisions\/28367"}],"wp:attachment":[{"href":"https:\/\/www.ldnspa.re\/index.php?rest_route=%2Fwp%2Fv2%2Fmedia&parent=23007"}],"curies":[{"name":"wp","href":"https:\/\/api.w.org\/{rel}","templated":true}]}}