{"id":22876,"date":"2023-01-20T11:29:57","date_gmt":"2023-01-20T10:29:57","guid":{"rendered":"https:\/\/www.ldnspa.re\/?page_id=22876"},"modified":"2026-01-23T10:27:18","modified_gmt":"2026-01-23T09:27:18","slug":"balneo-amoureux","status":"publish","type":"page","link":"https:\/\/www.ldnspa.re\/?page_id=22876","title":{"rendered":"Baln\u00e9o amoureux"},"content":{"rendered":"\t\t<div data-elementor-type=\"wp-page\" data-elementor-id=\"22876\" class=\"elementor elementor-22876\" data-elementor-post-type=\"page\">\n\t\t\t\t<div class=\"elementor-element elementor-element-ec789e2 e-con-full e-flex e-con e-parent\" data-id=\"ec789e2\" data-element_type=\"container\">\n\t\t<div class=\"elementor-element elementor-element-3e679fb e-con-full e-flex e-con e-child\" data-id=\"3e679fb\" data-element_type=\"container\" data-settings=\"{&quot;background_background&quot;:&quot;gradient&quot;}\">\n\t\t<div class=\"elementor-element elementor-element-17a8cd8 e-con-full e-flex e-con e-child\" data-id=\"17a8cd8\" data-element_type=\"container\">\n\t\t\t\t<div class=\"elementor-element elementor-element-cc3f880 elementor-widget__width-initial elementor-widget elementor-widget-image\" data-id=\"cc3f880\" data-element_type=\"widget\" data-widget_type=\"image.default\">\n\t\t\t\t<div class=\"elementor-widget-container\">\n\t\t\t\t\t\t\t\t\t\t\t\t\t\t\t<img fetchpriority=\"high\" decoding=\"async\" width=\"684\" height=\"684\" src=\"https:\/\/www.ldnspa.re\/wp-content\/uploads\/2023\/01\/balne\u2560uo-amoureux-e1728299523764.png\" class=\"attachment-full size-full wp-image-22988\" alt=\"\" \/>\t\t\t\t\t\t\t\t\t\t\t\t\t\t\t<\/div>\n\t\t\t\t<\/div>\n\t\t\t\t<\/div>\n\t\t<div class=\"elementor-element elementor-element-9b2ace0 e-con-full e-flex e-con e-child\" data-id=\"9b2ace0\" data-element_type=\"container\">\n\t\t<div class=\"elementor-element elementor-element-893e18e e-con-full e-flex e-con e-child\" data-id=\"893e18e\" data-element_type=\"container\">\n\t\t\t\t<div class=\"elementor-element elementor-element-146b4e0 elementor-widget-divider--view-line elementor-widget elementor-widget-divider\" data-id=\"146b4e0\" data-element_type=\"widget\" data-widget_type=\"divider.default\">\n\t\t\t\t<div class=\"elementor-widget-container\">\n\t\t\t\t\t\t\t<div class=\"elementor-divider\">\n\t\t\t<span class=\"elementor-divider-separator\">\n\t\t\t\t\t\t<\/span>\n\t\t<\/div>\n\t\t\t\t\t\t<\/div>\n\t\t\t\t<\/div>\n\t\t\t\t<div class=\"elementor-element elementor-element-d43c9c9 elementor-widget elementor-widget-heading\" data-id=\"d43c9c9\" data-element_type=\"widget\" data-widget_type=\"heading.default\">\n\t\t\t\t<div class=\"elementor-widget-container\">\n\t\t\t\t\t<h2 class=\"elementor-heading-title elementor-size-default\">AMOUREUX<\/h2>\t\t\t\t<\/div>\n\t\t\t\t<\/div>\n\t\t<div class=\"elementor-element elementor-element-de86943 e-con-full e-flex e-con e-child\" data-id=\"de86943\" data-element_type=\"container\">\n\t\t\t\t<div class=\"elementor-element elementor-element-23e5cc5 elementor-widget__width-initial elementor-widget-divider--view-line elementor-widget elementor-widget-divider\" data-id=\"23e5cc5\" data-element_type=\"widget\" data-widget_type=\"divider.default\">\n\t\t\t\t<div class=\"elementor-widget-container\">\n\t\t\t\t\t\t\t<div class=\"elementor-divider\">\n\t\t\t<span class=\"elementor-divider-separator\">\n\t\t\t\t\t\t<\/span>\n\t\t<\/div>\n\t\t\t\t\t\t<\/div>\n\t\t\t\t<\/div>\n\t\t\t\t<div class=\"elementor-element elementor-element-08910de elementor-widget__width-initial elementor-widget elementor-widget-heading\" data-id=\"08910de\" data-element_type=\"widget\" data-widget_type=\"heading.default\">\n\t\t\t\t<div class=\"elementor-widget-container\">\n\t\t\t\t\t<h2 class=\"elementor-heading-title elementor-size-default\">BALN\u00c9O<\/h2>\t\t\t\t<\/div>\n\t\t\t\t<\/div>\n\t\t\t\t<div class=\"elementor-element elementor-element-828f9f5 elementor-widget__width-initial elementor-widget-divider--view-line elementor-widget elementor-widget-divider\" data-id=\"828f9f5\" data-element_type=\"widget\" data-widget_type=\"divider.default\">\n\t\t\t\t<div class=\"elementor-widget-container\">\n\t\t\t\t\t\t\t<div class=\"elementor-divider\">\n\t\t\t<span class=\"elementor-divider-separator\">\n\t\t\t\t\t\t<\/span>\n\t\t<\/div>\n\t\t\t\t\t\t<\/div>\n\t\t\t\t<\/div>\n\t\t\t\t<\/div>\n\t\t<div class=\"elementor-element elementor-element-782921e e-con-full e-flex e-con e-child\" data-id=\"782921e\" data-element_type=\"container\">\n\t\t\t\t<div class=\"elementor-element elementor-element-d76ba45 elementor-vertical-align-top elementor-widget elementor-widget-image-box\" data-id=\"d76ba45\" data-element_type=\"widget\" data-widget_type=\"image-box.default\">\n\t\t\t\t<div class=\"elementor-widget-container\">\n\t\t\t\t\t<div class=\"elementor-image-box-wrapper\"><div class=\"elementor-image-box-content\"><p class=\"elementor-image-box-description\">Prix : <span style=\"color: white\"> 2490\u20ac <\/span><\/p><\/div><\/div>\t\t\t\t<\/div>\n\t\t\t\t<\/div>\n\t\t\t\t<\/div>\n\t\t<div class=\"elementor-element elementor-element-7eed7da e-con-full e-flex e-con e-child\" data-id=\"7eed7da\" data-element_type=\"container\">\n\t\t\t\t<div class=\"elementor-element elementor-element-721c23b elementor-position-left elementor-vertical-align-middle elementor-widget elementor-widget-image-box\" data-id=\"721c23b\" data-element_type=\"widget\" data-widget_type=\"image-box.default\">\n\t\t\t\t<div class=\"elementor-widget-container\">\n\t\t\t\t\t<div class=\"elementor-image-box-wrapper\"><figure class=\"elementor-image-box-img\"><img decoding=\"async\" width=\"256\" height=\"256\" src=\"https:\/\/www.ldnspa.re\/wp-content\/uploads\/2025\/10\/user-1.png\" class=\"attachment-full size-full wp-image-27014\" alt=\"\" \/><\/figure><div class=\"elementor-image-box-content\"><p class=\"elementor-image-box-description\">2 PERSONNES<\/p><\/div><\/div>\t\t\t\t<\/div>\n\t\t\t\t<\/div>\n\t\t\t\t<div class=\"elementor-element elementor-element-8a0e810 elementor-position-left elementor-vertical-align-middle elementor-widget elementor-widget-image-box\" data-id=\"8a0e810\" data-element_type=\"widget\" data-widget_type=\"image-box.default\">\n\t\t\t\t<div class=\"elementor-widget-container\">\n\t\t\t\t\t<div class=\"elementor-image-box-wrapper\"><figure class=\"elementor-image-box-img\"><img decoding=\"async\" width=\"85\" height=\"81\" src=\"https:\/\/www.ldnspa.re\/wp-content\/uploads\/2025\/10\/Illustration_sans_titre-1-724x1024-2.png\" class=\"attachment-full size-full wp-image-26971\" alt=\"\" \/><\/figure><div class=\"elementor-image-box-content\"><p class=\"elementor-image-box-description\">45 JETS<\/p><\/div><\/div>\t\t\t\t<\/div>\n\t\t\t\t<\/div>\n\t\t\t\t<div class=\"elementor-element elementor-element-73c71d1 elementor-position-left elementor-vertical-align-middle elementor-widget elementor-widget-image-box\" data-id=\"73c71d1\" data-element_type=\"widget\" data-widget_type=\"image-box.default\">\n\t\t\t\t<div class=\"elementor-widget-container\">\n\t\t\t\t\t<div class=\"elementor-image-box-wrapper\"><figure class=\"elementor-image-box-img\"><img loading=\"lazy\" decoding=\"async\" width=\"256\" height=\"256\" src=\"https:\/\/www.ldnspa.re\/wp-content\/uploads\/2025\/10\/cube-1.png\" class=\"attachment-full size-full wp-image-26985\" alt=\"\" \/><\/figure><div class=\"elementor-image-box-content\"><p class=\"elementor-image-box-description\">1500 X 1500 X 720mm<\/p><\/div><\/div>\t\t\t\t<\/div>\n\t\t\t\t<\/div>\n\t\t\t\t<div class=\"elementor-element elementor-element-3896241 elementor-position-left elementor-vertical-align-middle elementor-widget elementor-widget-image-box\" data-id=\"3896241\" data-element_type=\"widget\" data-widget_type=\"image-box.default\">\n\t\t\t\t<div class=\"elementor-widget-container\">\n\t\t\t\t\t<div class=\"elementor-image-box-wrapper\"><figure class=\"elementor-image-box-img\"><img loading=\"lazy\" decoding=\"async\" width=\"64\" height=\"64\" src=\"https:\/\/www.ldnspa.re\/wp-content\/uploads\/2026\/01\/kilo.png\" class=\"attachment-full size-full wp-image-28314\" alt=\"\" \/><\/figure><div class=\"elementor-image-box-content\"><p class=\"elementor-image-box-description\">125 KG<\/p><\/div><\/div>\t\t\t\t<\/div>\n\t\t\t\t<\/div>\n\t\t\t\t<div class=\"elementor-element elementor-element-085dcff elementor-position-left elementor-vertical-align-middle elementor-widget elementor-widget-image-box\" data-id=\"085dcff\" data-element_type=\"widget\" data-widget_type=\"image-box.default\">\n\t\t\t\t<div class=\"elementor-widget-container\">\n\t\t\t\t\t<div class=\"elementor-image-box-wrapper\"><figure class=\"elementor-image-box-img\"><img loading=\"lazy\" decoding=\"async\" width=\"64\" height=\"64\" src=\"https:\/\/www.ldnspa.re\/wp-content\/uploads\/2026\/01\/drop.png\" class=\"attachment-full size-full wp-image-28316\" alt=\"\" \/><\/figure><div class=\"elementor-image-box-content\"><p class=\"elementor-image-box-description\">300 L<\/p><\/div><\/div>\t\t\t\t<\/div>\n\t\t\t\t<\/div>\n\t\t\t\t<\/div>\n\t\t\t\t<\/div>\n\t\t\t\t<\/div>\n\t\t\t\t<\/div>\n\t\t<div class=\"elementor-element elementor-element-d94f1c9 e-con-full e-flex e-con e-child\" data-id=\"d94f1c9\" data-element_type=\"container\" data-settings=\"{&quot;background_background&quot;:&quot;classic&quot;}\">\n\t\t\t\t<div class=\"elementor-element elementor-element-b631bb7 elementor-widget elementor-widget-heading\" data-id=\"b631bb7\" data-element_type=\"widget\" data-widget_type=\"heading.default\">\n\t\t\t\t<div class=\"elementor-widget-container\">\n\t\t\t\t\t<h2 class=\"elementor-heading-title elementor-size-default\">Description detaill\u00e9s<\/h2>\t\t\t\t<\/div>\n\t\t\t\t<\/div>\n\t\t<div class=\"elementor-element elementor-element-ad375d8 e-con-full elementor-hidden-desktop elementor-hidden-tablet elementor-hidden-mobile e-flex e-con e-child\" data-id=\"ad375d8\" data-element_type=\"container\" data-settings=\"{&quot;background_background&quot;:&quot;classic&quot;}\">\n\t\t<div class=\"elementor-element elementor-element-0a2ee82 e-con-full e-flex e-con e-child\" data-id=\"0a2ee82\" data-element_type=\"container\">\n\t\t\t\t<div class=\"elementor-element elementor-element-6764ff8 elementor-widget elementor-widget-image\" data-id=\"6764ff8\" data-element_type=\"widget\" data-widget_type=\"image.default\">\n\t\t\t\t<div class=\"elementor-widget-container\">\n\t\t\t\t\t\t\t\t\t\t\t\t\t\t\t<img loading=\"lazy\" decoding=\"async\" width=\"2229\" height=\"2953\" src=\"https:\/\/www.ldnspa.re\/wp-content\/uploads\/2024\/06\/spa-663-e1717395586318.png\" class=\"attachment-full size-full wp-image-24983\" alt=\"\" \/>\t\t\t\t\t\t\t\t\t\t\t\t\t\t\t<\/div>\n\t\t\t\t<\/div>\n\t\t\t\t<\/div>\n\t\t<div class=\"elementor-element elementor-element-bae7a3a e-con-full e-flex e-con e-child\" data-id=\"bae7a3a\" data-element_type=\"container\">\n\t\t\t\t<div class=\"elementor-element elementor-element-1bbd6d8 elementor-widget elementor-widget-text-editor\" data-id=\"1bbd6d8\" data-element_type=\"widget\" data-widget_type=\"text-editor.default\">\n\t\t\t\t<div class=\"elementor-widget-container\">\n\t\t\t\t\t\t\t\t\t<p><strong>MATERIEL:<\/strong> Acrylique Aristech<\/p><p><strong>CAPACIT\u00c9 PERSONNE: <\/strong>3 Personnes<\/p><p><strong>REPOSE T\u00caTE:<\/strong> 2<\/p><p><strong>TAILLE:<\/strong> 2100*1560*800mm<\/p><p><strong>COULEUR:<\/strong> Divers Coloris<\/p><p><strong>POIDS:<\/strong> 280 KG<\/p><p><strong>VOLUME D&#8217;EAU:<\/strong> 750L<\/p><p><strong>NOMBRE DE JETS HYDROMASSANTS:<\/strong> 46<\/p><p><strong>NOMBRE DE JETS AIR:<\/strong> 12<\/p><p><strong>POMPE HYDRO MASSAGE 2HP:<\/strong> 2<\/p><p><strong>POMPE DE FILTRATION 1HP:<\/strong> 1<\/p><p><strong>POMPE BLOWER:<\/strong> 1<\/p><p><strong>PUISSANCE BLOWER:<\/strong> 0,7kW<\/p><p><strong>FONCTIONNALIT\u00c9S:<\/strong> Habillage bois, Panneau de contr\u00f4le (programme diff\u00e9rer chauffe eau, contr\u00f4le de la temp\u00e9rature, programme filtration, Sondes de s\u00e9curit\u00e9 sans eau) Lampe UV<\/p>\t\t\t\t\t\t\t\t<\/div>\n\t\t\t\t<\/div>\n\t\t\t\t<\/div>\n\t\t\t\t<\/div>\n\t\t\t\t<\/div>\n\t\t\t\t<\/div>\n\t\t<div class=\"elementor-element elementor-element-3d0f6f8 e-con-full e-flex e-con e-parent\" data-id=\"3d0f6f8\" data-element_type=\"container\">\n\t\t<div class=\"elementor-element elementor-element-51c1376 e-con-full e-flex e-con e-child\" data-id=\"51c1376\" data-element_type=\"container\">\n\t\t\t\t<div class=\"elementor-element elementor-element-0510ae4 elementor-widget elementor-widget-image\" data-id=\"0510ae4\" data-element_type=\"widget\" data-widget_type=\"image.default\">\n\t\t\t\t<div class=\"elementor-widget-container\">\n\t\t\t\t\t\t\t\t\t\t\t\t\t\t\t<img loading=\"lazy\" decoding=\"async\" width=\"768\" height=\"336\" src=\"https:\/\/www.ldnspa.re\/wp-content\/uploads\/2024\/10\/Idees_panneaux_LDN_SPA-e1728541982152.png\" class=\"attachment-medium_large size-medium_large wp-image-25390\" alt=\"\" \/>\t\t\t\t\t\t\t\t\t\t\t\t\t\t\t<\/div>\n\t\t\t\t<\/div>\n\t\t\t\t<div class=\"elementor-element elementor-element-b36435f elementor-widget elementor-widget-image\" data-id=\"b36435f\" data-element_type=\"widget\" data-widget_type=\"image.default\">\n\t\t\t\t<div class=\"elementor-widget-container\">\n\t\t\t\t\t\t\t\t\t\t\t\t\t\t\t<img loading=\"lazy\" decoding=\"async\" width=\"994\" height=\"1024\" src=\"https:\/\/www.ldnspa.re\/wp-content\/uploads\/2024\/10\/\u2705_Fiche_Solo_-1-e1728543410169-994x1024.png\" class=\"attachment-large size-large wp-image-25369\" alt=\"\" \/>\t\t\t\t\t\t\t\t\t\t\t\t\t\t\t<\/div>\n\t\t\t\t<\/div>\n\t\t\t\t<\/div>\n\t\t<div class=\"elementor-element elementor-element-4f6bd8e e-con-full e-flex e-con e-child\" data-id=\"4f6bd8e\" data-element_type=\"container\">\n\t\t\t\t<div class=\"elementor-element elementor-element-1620c01 elementor-widget elementor-widget-text-editor\" data-id=\"1620c01\" data-element_type=\"widget\" data-widget_type=\"text-editor.default\">\n\t\t\t\t<div class=\"elementor-widget-container\">\n\t\t\t\t\t\t\t\t\t<p><span style=\"text-align: var(--text-align); font-size: 1rem;\">MATERIEL: Acrylique Aristech<\/span><\/p><p>CAPACIT\u00c9 PERSONNE: 2 personnes<\/p><p>REPOSE T\u00caTE: 2<\/p><p>TAILLE: 1500\u00d71500\u00d7720mm<\/p><p>COULEUR: Blanc<\/p><p>NOMBRE DE JETS HYDRO TH\u00c9RAPIE: 31\u00a0<\/p><p>NOMBRE DE JETS AIR: 12<\/p><p>POMPE HYDRO MASSAGE 1,5HP: 2\u00a0<\/p><p>SOUFFLEUR A AIR: 1<\/p><p>PUISSANCE SOUFLEUR A AIR: 0,7kW\u00a0<\/p><p>FONCTIONNALIT\u00c9S: Panneau de contr\u00f4le (RADIO FM inclus)\u00a0<\/p>\t\t\t\t\t\t\t\t<\/div>\n\t\t\t\t<\/div>\n\t\t\t\t<\/div>\n\t\t\t\t<\/div>\n\t\t<div class=\"elementor-element elementor-element-5303018 e-con-full e-flex e-con e-parent\" data-id=\"5303018\" data-element_type=\"container\" data-settings=\"{&quot;background_background&quot;:&quot;classic&quot;}\">\n\t\t<div class=\"elementor-element elementor-element-01658d8 e-con-full e-flex e-con e-child\" data-id=\"01658d8\" data-element_type=\"container\">\n\t\t<div class=\"elementor-element elementor-element-eca28b0 e-con-full e-flex e-con e-child\" data-id=\"eca28b0\" data-element_type=\"container\" data-settings=\"{&quot;background_background&quot;:&quot;classic&quot;}\">\n\t\t\t\t<div class=\"elementor-element elementor-element-4b78816 elementor-align-center elementor-widget elementor-widget-button\" data-id=\"4b78816\" data-element_type=\"widget\" data-widget_type=\"button.default\">\n\t\t\t\t<div class=\"elementor-widget-container\">\n\t\t\t\t\t\t\t\t\t<div class=\"elementor-button-wrapper\">\n\t\t\t\t\t<a class=\"elementor-button elementor-button-link elementor-size-sm elementor-animation-bounce-in\" href=\"https:\/\/www.ldnspa.re\/?page_id=23379\">\n\t\t\t\t\t\t<span class=\"elementor-button-content-wrapper\">\n\t\t\t\t\t\t<span class=\"elementor-button-icon\">\n\t\t\t\t<i aria-hidden=\"true\" class=\"far fa-newspaper\"><\/i>\t\t\t<\/span>\n\t\t\t\t\t\t\t\t\t<span class=\"elementor-button-text\">Demandez un devis <\/span>\n\t\t\t\t\t<\/span>\n\t\t\t\t\t<\/a>\n\t\t\t\t<\/div>\n\t\t\t\t\t\t\t\t<\/div>\n\t\t\t\t<\/div>\n\t\t\t\t<\/div>\n\t\t\t\t<\/div>\n\t\t\t\t<\/div>\n\t\t\t\t<\/div>\n\t\t","protected":false},"excerpt":{"rendered":"<p>AMOUREUX BALN\u00c9O Prix : 2490\u20ac 2 PERSONNES 45 JETS 1500 X 1500 X 720mm 125 KG 300 L Description detaill\u00e9s MATERIEL: Acrylique Aristech CAPACIT\u00c9 PERSONNE: 3 Personnes REPOSE T\u00caTE: 2 TAILLE: 2100*1560*800mm COULEUR: Divers Coloris POIDS: 280 KG VOLUME D&#8217;EAU: 750L NOMBRE DE JETS HYDROMASSANTS: 46 NOMBRE DE JETS AIR: 12 POMPE HYDRO MASSAGE 2HP: [&hellip;]<\/p>\n","protected":false},"author":3,"featured_media":0,"parent":0,"menu_order":0,"comment_status":"closed","ping_status":"closed","template":"page-templates\/homepage.php","meta":{"footnotes":""},"class_list":["post-22876","page","type-page","status-publish","hentry"],"yoast_head":"<!-- This site is optimized with the Yoast SEO plugin v26.0 - https:\/\/yoast.com\/wordpress\/plugins\/seo\/ -->\n<title>Baln\u00e9o amoureux - LDN<\/title>\n<meta name=\"robots\" content=\"index, follow, max-snippet:-1, max-image-preview:large, max-video-preview:-1\" \/>\n<link rel=\"canonical\" href=\"https:\/\/www.ldnspa.re\/?page_id=22876\" \/>\n<meta property=\"og:locale\" content=\"fr_FR\" \/>\n<meta property=\"og:type\" content=\"article\" \/>\n<meta property=\"og:title\" content=\"Baln\u00e9o amoureux - LDN\" \/>\n<meta property=\"og:description\" content=\"AMOUREUX BALN\u00c9O Prix : 2490\u20ac 2 PERSONNES 45 JETS 1500 X 1500 X 720mm 125 KG 300 L Description detaill\u00e9s MATERIEL: Acrylique Aristech CAPACIT\u00c9 PERSONNE: 3 Personnes REPOSE T\u00caTE: 2 TAILLE: 2100*1560*800mm COULEUR: Divers Coloris POIDS: 280 KG VOLUME D&#8217;EAU: 750L NOMBRE DE JETS HYDROMASSANTS: 46 NOMBRE DE JETS AIR: 12 POMPE HYDRO MASSAGE 2HP: [&hellip;]\" \/>\n<meta property=\"og:url\" content=\"https:\/\/www.ldnspa.re\/?page_id=22876\" \/>\n<meta property=\"og:site_name\" content=\"LDN\" \/>\n<meta property=\"article:modified_time\" content=\"2026-01-23T09:27:18+00:00\" \/>\n<meta property=\"og:image\" content=\"https:\/\/www.ldnspa.re\/wp-content\/uploads\/2025\/10\/user-1.png\" \/>\n<meta name=\"twitter:card\" content=\"summary_large_image\" \/>\n<meta name=\"twitter:label1\" content=\"Dur\u00e9e de lecture estim\u00e9e\" \/>\n\t<meta name=\"twitter:data1\" content=\"3 minutes\" \/>\n<script type=\"application\/ld+json\" class=\"yoast-schema-graph\">{\"@context\":\"https:\/\/schema.org\",\"@graph\":[{\"@type\":\"WebPage\",\"@id\":\"https:\/\/www.ldnspa.re\/?page_id=22876\",\"url\":\"https:\/\/www.ldnspa.re\/?page_id=22876\",\"name\":\"Baln\u00e9o amoureux - LDN\",\"isPartOf\":{\"@id\":\"https:\/\/www.ldnspa.re\/#website\"},\"primaryImageOfPage\":{\"@id\":\"https:\/\/www.ldnspa.re\/?page_id=22876#primaryimage\"},\"image\":{\"@id\":\"https:\/\/www.ldnspa.re\/?page_id=22876#primaryimage\"},\"thumbnailUrl\":\"https:\/\/www.ldnspa.re\/wp-content\/uploads\/2025\/10\/user-1.png\",\"datePublished\":\"2023-01-20T10:29:57+00:00\",\"dateModified\":\"2026-01-23T09:27:18+00:00\",\"breadcrumb\":{\"@id\":\"https:\/\/www.ldnspa.re\/?page_id=22876#breadcrumb\"},\"inLanguage\":\"fr-FR\",\"potentialAction\":[{\"@type\":\"ReadAction\",\"target\":[\"https:\/\/www.ldnspa.re\/?page_id=22876\"]}]},{\"@type\":\"ImageObject\",\"inLanguage\":\"fr-FR\",\"@id\":\"https:\/\/www.ldnspa.re\/?page_id=22876#primaryimage\",\"url\":\"https:\/\/www.ldnspa.re\/wp-content\/uploads\/2025\/10\/user-1.png\",\"contentUrl\":\"https:\/\/www.ldnspa.re\/wp-content\/uploads\/2025\/10\/user-1.png\",\"width\":256,\"height\":256},{\"@type\":\"BreadcrumbList\",\"@id\":\"https:\/\/www.ldnspa.re\/?page_id=22876#breadcrumb\",\"itemListElement\":[{\"@type\":\"ListItem\",\"position\":1,\"name\":\"Accueil\",\"item\":\"https:\/\/www.ldnspa.re\/\"},{\"@type\":\"ListItem\",\"position\":2,\"name\":\"Baln\u00e9o amoureux\"}]},{\"@type\":\"WebSite\",\"@id\":\"https:\/\/www.ldnspa.re\/#website\",\"url\":\"https:\/\/www.ldnspa.re\/\",\"name\":\"LDN\",\"description\":\"Le bien-\u00eatre chez soi\",\"publisher\":{\"@id\":\"https:\/\/www.ldnspa.re\/#organization\"},\"potentialAction\":[{\"@type\":\"SearchAction\",\"target\":{\"@type\":\"EntryPoint\",\"urlTemplate\":\"https:\/\/www.ldnspa.re\/?s={search_term_string}\"},\"query-input\":{\"@type\":\"PropertyValueSpecification\",\"valueRequired\":true,\"valueName\":\"search_term_string\"}}],\"inLanguage\":\"fr-FR\"},{\"@type\":\"Organization\",\"@id\":\"https:\/\/www.ldnspa.re\/#organization\",\"name\":\"LDN\",\"url\":\"https:\/\/www.ldnspa.re\/\",\"logo\":{\"@type\":\"ImageObject\",\"inLanguage\":\"fr-FR\",\"@id\":\"https:\/\/www.ldnspa.re\/#\/schema\/logo\/image\/\",\"url\":\"https:\/\/i0.wp.com\/www.ldnspa.re\/wp-content\/uploads\/2023\/01\/logo_ldn_2.png?fit=551%2C170&ssl=1\",\"contentUrl\":\"https:\/\/i0.wp.com\/www.ldnspa.re\/wp-content\/uploads\/2023\/01\/logo_ldn_2.png?fit=551%2C170&ssl=1\",\"width\":551,\"height\":170,\"caption\":\"LDN\"},\"image\":{\"@id\":\"https:\/\/www.ldnspa.re\/#\/schema\/logo\/image\/\"}}]}<\/script>\n<!-- \/ Yoast SEO plugin. -->","yoast_head_json":{"title":"Baln\u00e9o amoureux - LDN","robots":{"index":"index","follow":"follow","max-snippet":"max-snippet:-1","max-image-preview":"max-image-preview:large","max-video-preview":"max-video-preview:-1"},"canonical":"https:\/\/www.ldnspa.re\/?page_id=22876","og_locale":"fr_FR","og_type":"article","og_title":"Baln\u00e9o amoureux - LDN","og_description":"AMOUREUX BALN\u00c9O Prix : 2490\u20ac 2 PERSONNES 45 JETS 1500 X 1500 X 720mm 125 KG 300 L Description detaill\u00e9s MATERIEL: Acrylique Aristech CAPACIT\u00c9 PERSONNE: 3 Personnes REPOSE T\u00caTE: 2 TAILLE: 2100*1560*800mm COULEUR: Divers Coloris POIDS: 280 KG VOLUME D&#8217;EAU: 750L NOMBRE DE JETS HYDROMASSANTS: 46 NOMBRE DE JETS AIR: 12 POMPE HYDRO MASSAGE 2HP: [&hellip;]","og_url":"https:\/\/www.ldnspa.re\/?page_id=22876","og_site_name":"LDN","article_modified_time":"2026-01-23T09:27:18+00:00","og_image":[{"url":"https:\/\/www.ldnspa.re\/wp-content\/uploads\/2025\/10\/user-1.png","type":"","width":"","height":""}],"twitter_card":"summary_large_image","twitter_misc":{"Dur\u00e9e de lecture estim\u00e9e":"3 minutes"},"schema":{"@context":"https:\/\/schema.org","@graph":[{"@type":"WebPage","@id":"https:\/\/www.ldnspa.re\/?page_id=22876","url":"https:\/\/www.ldnspa.re\/?page_id=22876","name":"Baln\u00e9o amoureux - LDN","isPartOf":{"@id":"https:\/\/www.ldnspa.re\/#website"},"primaryImageOfPage":{"@id":"https:\/\/www.ldnspa.re\/?page_id=22876#primaryimage"},"image":{"@id":"https:\/\/www.ldnspa.re\/?page_id=22876#primaryimage"},"thumbnailUrl":"https:\/\/www.ldnspa.re\/wp-content\/uploads\/2025\/10\/user-1.png","datePublished":"2023-01-20T10:29:57+00:00","dateModified":"2026-01-23T09:27:18+00:00","breadcrumb":{"@id":"https:\/\/www.ldnspa.re\/?page_id=22876#breadcrumb"},"inLanguage":"fr-FR","potentialAction":[{"@type":"ReadAction","target":["https:\/\/www.ldnspa.re\/?page_id=22876"]}]},{"@type":"ImageObject","inLanguage":"fr-FR","@id":"https:\/\/www.ldnspa.re\/?page_id=22876#primaryimage","url":"https:\/\/www.ldnspa.re\/wp-content\/uploads\/2025\/10\/user-1.png","contentUrl":"https:\/\/www.ldnspa.re\/wp-content\/uploads\/2025\/10\/user-1.png","width":256,"height":256},{"@type":"BreadcrumbList","@id":"https:\/\/www.ldnspa.re\/?page_id=22876#breadcrumb","itemListElement":[{"@type":"ListItem","position":1,"name":"Accueil","item":"https:\/\/www.ldnspa.re\/"},{"@type":"ListItem","position":2,"name":"Baln\u00e9o amoureux"}]},{"@type":"WebSite","@id":"https:\/\/www.ldnspa.re\/#website","url":"https:\/\/www.ldnspa.re\/","name":"LDN","description":"Le bien-\u00eatre chez soi","publisher":{"@id":"https:\/\/www.ldnspa.re\/#organization"},"potentialAction":[{"@type":"SearchAction","target":{"@type":"EntryPoint","urlTemplate":"https:\/\/www.ldnspa.re\/?s={search_term_string}"},"query-input":{"@type":"PropertyValueSpecification","valueRequired":true,"valueName":"search_term_string"}}],"inLanguage":"fr-FR"},{"@type":"Organization","@id":"https:\/\/www.ldnspa.re\/#organization","name":"LDN","url":"https:\/\/www.ldnspa.re\/","logo":{"@type":"ImageObject","inLanguage":"fr-FR","@id":"https:\/\/www.ldnspa.re\/#\/schema\/logo\/image\/","url":"https:\/\/i0.wp.com\/www.ldnspa.re\/wp-content\/uploads\/2023\/01\/logo_ldn_2.png?fit=551%2C170&ssl=1","contentUrl":"https:\/\/i0.wp.com\/www.ldnspa.re\/wp-content\/uploads\/2023\/01\/logo_ldn_2.png?fit=551%2C170&ssl=1","width":551,"height":170,"caption":"LDN"},"image":{"@id":"https:\/\/www.ldnspa.re\/#\/schema\/logo\/image\/"}}]}},"_links":{"self":[{"href":"https:\/\/www.ldnspa.re\/index.php?rest_route=\/wp\/v2\/pages\/22876","targetHints":{"allow":["GET"]}}],"collection":[{"href":"https:\/\/www.ldnspa.re\/index.php?rest_route=\/wp\/v2\/pages"}],"about":[{"href":"https:\/\/www.ldnspa.re\/index.php?rest_route=\/wp\/v2\/types\/page"}],"author":[{"embeddable":true,"href":"https:\/\/www.ldnspa.re\/index.php?rest_route=\/wp\/v2\/users\/3"}],"replies":[{"embeddable":true,"href":"https:\/\/www.ldnspa.re\/index.php?rest_route=%2Fwp%2Fv2%2Fcomments&post=22876"}],"version-history":[{"count":102,"href":"https:\/\/www.ldnspa.re\/index.php?rest_route=\/wp\/v2\/pages\/22876\/revisions"}],"predecessor-version":[{"id":28418,"href":"https:\/\/www.ldnspa.re\/index.php?rest_route=\/wp\/v2\/pages\/22876\/revisions\/28418"}],"wp:attachment":[{"href":"https:\/\/www.ldnspa.re\/index.php?rest_route=%2Fwp%2Fv2%2Fmedia&parent=22876"}],"curies":[{"name":"wp","href":"https:\/\/api.w.org\/{rel}","templated":true}]}}